{"id":29520,"date":"2025-09-26T14:14:41","date_gmt":"2025-09-26T14:14:41","guid":{"rendered":"https:\/\/accrosport.tn\/index.php\/product\/pala-de-padel-slam-antracita-v\/"},"modified":"2026-01-17T08:51:56","modified_gmt":"2026-01-17T08:51:56","slug":"pala-de-padel-slam-antracita-v","status":"publish","type":"product","link":"https:\/\/accrosport.tn\/index.php\/product\/pala-de-padel-slam-antracita-v\/","title":{"rendered":"Raquette de padel Slam anthracite vert"},"content":{"rendered":"<p>La raquette Slam Flex est un mod\u00e8le en forme de diamant, avec un confort maximal et un bon rebond de la balle. Elle est con\u00e7ue pour les joueurs qui d\u00e9butent dans ce sport, ainsi que pour les personnes plus exp\u00e9riment\u00e9es qui recherchent une raquette confortable et facile \u00e0 utiliser.<\/p>\n<p>La partie centrale est en FLEXO BlackEVA haute densit\u00e9 combin\u00e9e \u00e0 nos fibres FlexSHIELD de Graphite qui garantissent un plus grand sweet spot et une sortie de balle \u00e0 chaque point. Elle dispose du nouveau cadre 100 % carbone EXO COUNTER pour assurer la durabilit\u00e9 et la rigidit\u00e9 de la raquette. Gr\u00e2ce au syst\u00e8me VIBRA-OUT Slam, nous avons r\u00e9ussi \u00e0 r\u00e9duire de 40 % les vibrations produites lors de la frappe de la balle.<\/p>\n<ul class=\"featuresul\">\n<li>Forme : diamant<\/li>\n<li>Gamme : moyenne &#8211; haute<\/li>\n<li>Noyau : EVA NOIR<\/li>\n<li>Cadre : fibre de carbone<\/li>\n<li>Tubulaire 100% Fibre de carbone \/ Plat 100% Fibra de grafito \/ Rembourr\u00e9 100% EVA<\/li>\n<\/ul>\n","protected":false},"excerpt":{"rendered":"<p>Raquette de padel en forme de diamant. Il s&rsquo;agit d&rsquo;une raquette tr\u00e8s compl\u00e8te, adapt\u00e9e aussi bien aux joueurs d\u00e9butants qu&rsquo;\u00e0 ceux qui ont d\u00e9j\u00e0 une bonne technique. La technologie int\u00e9gr\u00e9e dans le noyau la rend plus orient\u00e9e vers la puissance des coups.<\/p>\n","protected":false},"featured_media":34916,"template":"","meta":[],"product_brand":[],"product_cat":[45,282,291],"product_tag":[],"class_list":{"0":"post-29520","1":"product","2":"type-product","3":"status-publish","4":"has-post-thumbnail","6":"product_cat-accessoires","7":"product_cat-padel-accessoires","8":"product_cat-raquettes","9":"pa_couleur-dark-gray-green","10":"pa_taille-one-size","12":"first","13":"instock","14":"sale","15":"purchasable","16":"product-type-simple"},"_links":{"self":[{"href":"https:\/\/accrosport.tn\/index.php\/wp-json\/wp\/v2\/product\/29520","targetHints":{"allow":["GET"]}}],"collection":[{"href":"https:\/\/accrosport.tn\/index.php\/wp-json\/wp\/v2\/product"}],"about":[{"href":"https:\/\/accrosport.tn\/index.php\/wp-json\/wp\/v2\/types\/product"}],"wp:featuredmedia":[{"embeddable":true,"href":"https:\/\/accrosport.tn\/index.php\/wp-json\/wp\/v2\/media\/34916"}],"wp:attachment":[{"href":"https:\/\/accrosport.tn\/index.php\/wp-json\/wp\/v2\/media?parent=29520"}],"wp:term":[{"taxonomy":"product_brand","embeddable":true,"href":"https:\/\/accrosport.tn\/index.php\/wp-json\/wp\/v2\/product_brand?post=29520"},{"taxonomy":"product_cat","embeddable":true,"href":"https:\/\/accrosport.tn\/index.php\/wp-json\/wp\/v2\/product_cat?post=29520"},{"taxonomy":"product_tag","embeddable":true,"href":"https:\/\/accrosport.tn\/index.php\/wp-json\/wp\/v2\/product_tag?post=29520"}],"curies":[{"name":"wp","href":"https:\/\/api.w.org\/{rel}","templated":true}]}}