{"id":29511,"date":"2025-09-26T14:14:41","date_gmt":"2025-09-26T14:14:41","guid":{"rendered":"https:\/\/accrosport.tn\/index.php\/product\/guantes-portero-gk-panther-azul-naranja\/"},"modified":"2025-11-05T08:31:33","modified_gmt":"2025-11-05T08:31:33","slug":"guantes-portero-gk-panther-azul-naranja","status":"publish","type":"product","link":"https:\/\/accrosport.tn\/index.php\/product\/guantes-portero-gk-panther-azul-naranja\/","title":{"rendered":"Gants gardien de but football Gk Panther bleu orange"},"content":{"rendered":"<p>Les gants de gardien de but vous permettront de ne laisser \u00e9chapper aucun but. Ces gants de gardien de but de type n\u00e9gatif offrent au footballeur une meilleure maniabilit\u00e9 et flexibilit\u00e9 au niveau de la paume et des doigts, en plus d&rsquo;offrir une meilleure prise en main. C&rsquo;est pourquoi ils sont recommand\u00e9s pour les joueurs les plus exp\u00e9riment\u00e9s.<\/p>\n<p>La paume en latex est rembourr\u00e9e de mousse, ce qui absorbera chaque impact du ballon. De plus, ce mat\u00e9riau offre un haut niveau d&rsquo;adh\u00e9rence et de prise du ballon.<\/p>\n<p>Au niveau du poignet, il s&rsquo;ajuste gr\u00e2ce \u00e0 une ouverture avec une bande \u00e9lastique. Ainsi, il sera \u00e9galement plus facile et plus rapide de les mettre et de les enlever.<\/p>\n<p>Avec un design color\u00e9 accompagn\u00e9 d&rsquo;inserts en silicone formant le logo Joma.<\/p>\n<ul class=\"featuresul\">\n<li>Mat\u00e9riau r\u00e9sistant<\/li>\n<li>Poignet \u00e9lastique<\/li>\n<li>Int\u00e9rieur rembourr\u00e9<\/li>\n<li>40% Latex, 30% N\u00e9opr\u00e8ne, 15% Silicone, 10% Polyester, 3% \u00c9lastique, 2% Autres<\/li>\n<\/ul>\n","protected":false},"excerpt":{"rendered":"<p>Gants de gardien de but fabriqu\u00e9s en partie en latex. Cette mousse douce offre un ajustement et un confort exceptionnels. Avec une meilleure maniabilit\u00e9 et flexibilit\u00e9 dans les mains et les doigts. Il incorpore \u00e9galement un \u00e9lastique au poignet pour une meilleure adaptabilit\u00e9.<\/p>\n","protected":false},"featured_media":34910,"template":"","meta":[],"product_brand":[],"product_cat":[45,71],"product_tag":[],"class_list":{"0":"post-29511","1":"product","2":"type-product","3":"status-publish","4":"has-post-thumbnail","6":"product_cat-accessoires","7":"product_cat-gant-gardien","8":"pa_couleur-blue-orange","9":"pa_taille-606","10":"pa_taille-607","11":"pa_taille-594","13":"first","14":"outofstock","15":"purchasable","16":"product-type-variable"},"_links":{"self":[{"href":"https:\/\/accrosport.tn\/index.php\/wp-json\/wp\/v2\/product\/29511","targetHints":{"allow":["GET"]}}],"collection":[{"href":"https:\/\/accrosport.tn\/index.php\/wp-json\/wp\/v2\/product"}],"about":[{"href":"https:\/\/accrosport.tn\/index.php\/wp-json\/wp\/v2\/types\/product"}],"wp:featuredmedia":[{"embeddable":true,"href":"https:\/\/accrosport.tn\/index.php\/wp-json\/wp\/v2\/media\/34910"}],"wp:attachment":[{"href":"https:\/\/accrosport.tn\/index.php\/wp-json\/wp\/v2\/media?parent=29511"}],"wp:term":[{"taxonomy":"product_brand","embeddable":true,"href":"https:\/\/accrosport.tn\/index.php\/wp-json\/wp\/v2\/product_brand?post=29511"},{"taxonomy":"product_cat","embeddable":true,"href":"https:\/\/accrosport.tn\/index.php\/wp-json\/wp\/v2\/product_cat?post=29511"},{"taxonomy":"product_tag","embeddable":true,"href":"https:\/\/accrosport.tn\/index.php\/wp-json\/wp\/v2\/product_tag?post=29511"}],"curies":[{"name":"wp","href":"https:\/\/api.w.org\/{rel}","templated":true}]}}