{"id":29508,"date":"2025-09-26T14:14:41","date_gmt":"2025-09-26T14:14:41","guid":{"rendered":"https:\/\/accrosport.tn\/index.php\/product\/mochila-splash-negro\/"},"modified":"2025-12-18T13:10:59","modified_gmt":"2025-12-18T13:10:59","slug":"mochila-splash-negro","status":"publish","type":"product","link":"https:\/\/accrosport.tn\/index.php\/product\/mochila-splash-negro\/","title":{"rendered":"Sac \u00e0 dos Splash noir"},"content":{"rendered":"<p>Sac \u00e0 dos destin\u00e9 \u00e0 la natation. Id\u00e9al pour ranger votre \u00e9quipement de natation, maillot de bain, serviette et autres accessoires. Si vous voulez un moyen confortable de porter vos v\u00eatements de natation de mani\u00e8re organis\u00e9e, ce sac \u00e0 dos pratique est fait pour vous.<\/p>\n<p>Si vous le laissez dans le vestiaire, il a une poign\u00e9e sur le dessus pour l&rsquo;accrocher, en plus du fond en mat\u00e9riau imperm\u00e9able pour que l&rsquo;eau ne passe pas \u00e0 travers. Le compartiment principal avec fermeture \u00e0 glissi\u00e8re a une partie fabriqu\u00e9e avec un filet respirant, pour qu&rsquo;il n&rsquo;y ait aucun probl\u00e8me si vous mettez quelque chose d&rsquo;humide comme une serviette ; elle s\u00e8chera rapidement. Il comprend une poche int\u00e9rieure \u00e9lastique, un autre compartiment plus petit \u00e0 l&rsquo;avant, ainsi que des poches lat\u00e9rales \u00e9lastiques en filet pour transporter une bouteille d&rsquo;eau.<\/p>\n<p>Les bretelles sont r\u00e9glables et rembourr\u00e9es, tout comme le dos. Cela le rendra plus confortable \u00e0 porter.<\/p>\n<p>Dans sa conception, on notera l&rsquo;imprim\u00e9 du logo Joma sur les bretelles et sur le devant. Il dispose \u00e9galement de logos Joma personnalis\u00e9s.<\/p>\n<ul class=\"featuresul\">\n<li>Fermeture zip<\/li>\n<li>Poche int\u00e9rieure<\/li>\n<li>Poches lat\u00e9rales<\/li>\n<li>Dos rembourr\u00e9<\/li>\n<li>Base imperm\u00e9able<\/li>\n<li>Dimensions : hauteur 44 cm x largeur 32 cm x profondeur 18 cm<\/li>\n<li>Sangles r\u00e9glables rembourr\u00e9es<\/li>\n<li>65% Polyester, 25% PVC, 10% Nylon<\/li>\n<\/ul>\n","protected":false},"excerpt":{"rendered":"<p>Sac \u00e0 dos con\u00e7u pour ranger l&rsquo;\u00e9quipement de natation. La base imperm\u00e9able vous permettra de le laisser sur le sol sans vous soucier de savoir si l&rsquo;eau pourrait passer. De plus, il comprend une partie de la composition \u00e9labor\u00e9e avec un filet respirant pour ranger les v\u00eatements humides. Avec plusieurs compartiments pour que tout soit bien organis\u00e9.<\/p>\n","protected":false},"featured_media":34902,"template":"","meta":[],"product_brand":[414],"product_cat":[45,72],"product_tag":[],"class_list":{"0":"post-29508","1":"product","2":"type-product","3":"status-publish","4":"has-post-thumbnail","6":"product_brand-joma","7":"product_cat-accessoires","8":"product_cat-sac-a-dos","9":"pa_couleur-noir","10":"pa_taille-one-size","12":"first","13":"instock","14":"purchasable","15":"product-type-simple"},"_links":{"self":[{"href":"https:\/\/accrosport.tn\/index.php\/wp-json\/wp\/v2\/product\/29508","targetHints":{"allow":["GET"]}}],"collection":[{"href":"https:\/\/accrosport.tn\/index.php\/wp-json\/wp\/v2\/product"}],"about":[{"href":"https:\/\/accrosport.tn\/index.php\/wp-json\/wp\/v2\/types\/product"}],"wp:featuredmedia":[{"embeddable":true,"href":"https:\/\/accrosport.tn\/index.php\/wp-json\/wp\/v2\/media\/34902"}],"wp:attachment":[{"href":"https:\/\/accrosport.tn\/index.php\/wp-json\/wp\/v2\/media?parent=29508"}],"wp:term":[{"taxonomy":"product_brand","embeddable":true,"href":"https:\/\/accrosport.tn\/index.php\/wp-json\/wp\/v2\/product_brand?post=29508"},{"taxonomy":"product_cat","embeddable":true,"href":"https:\/\/accrosport.tn\/index.php\/wp-json\/wp\/v2\/product_cat?post=29508"},{"taxonomy":"product_tag","embeddable":true,"href":"https:\/\/accrosport.tn\/index.php\/wp-json\/wp\/v2\/product_tag?post=29508"}],"curies":[{"name":"wp","href":"https:\/\/api.w.org\/{rel}","templated":true}]}}