{"id":29506,"date":"2025-09-26T14:14:41","date_gmt":"2025-09-26T14:14:41","guid":{"rendered":"https:\/\/accrosport.tn\/index.php\/product\/mochila-splash-negro-black\/"},"modified":"2025-12-03T14:05:41","modified_gmt":"2025-12-03T14:05:41","slug":"mochila-splash-negro-black","status":"publish","type":"product","link":"https:\/\/accrosport.tn\/index.php\/product\/mochila-splash-negro-black\/","title":{"rendered":"Sac \u00e0 dos Splash Noir"},"content":{"rendered":"<p>Sac \u00e0 dos de natation, indiqu\u00e9 pour le transport de mat\u00e9riel. Gr\u00e2ce \u00e0 sa conception de type sac \u00e0 cordon de serrage, il permet de ranger confortablement tous les types d&rsquo;accessoires dont vous avez besoin. Peu importe qu&rsquo;ils soient humides, car il est \u00e9quip\u00e9 d&rsquo;un tissu en filet respirant. Dans les zones de contact avec le sol, il a un mat\u00e9riau imperm\u00e9able pour pouvoir le laisser dans le m\u00eame couloir o\u00f9 vous allez nager.<\/p>\n<p>Sac \u00e0 dos destin\u00e9 au transport de mat\u00e9riel de natation. Ce sac est con\u00e7u pour transporter tout l&rsquo;\u00e9quipement dont vous avez besoin pour vous entra\u00eener : palmes, bonnet, lunettes de plong\u00e9e, pullbuoy et autres accessoires.<\/p>\n<p>Comme il est enti\u00e8rement fabriqu\u00e9 avec un mat\u00e9riau r\u00e9sistant \u00e0 l&rsquo;eau, vous pouvez le laisser directement l\u00e0 o\u00f9 vous allez nager. Il comprend \u00e9galement un filet respirant \u00e0 s\u00e9chage rapide, o\u00f9 l&rsquo;on peut tout stocker m\u00eame si c&rsquo;est humide.<\/p>\n<p>Le sac \u00e0 dos se ferme sur le dessus gr\u00e2ce \u00e0 un cordon \u00e9lastique avec stopper. Ainsi, il s&rsquo;adaptera parfaitement au contenu, tout en vous permettant d&rsquo;y acc\u00e9der facilement. Vous pouvez le porter sur une ou deux \u00e9paules, comme vous le souhaitez. Les bretelles sont r\u00e9glables et ont une poign\u00e9e de suspension au cas o\u00f9 vous voudriez le laisser dans le vestiaire. De plus, il dispose d&rsquo;une poche int\u00e9rieure zipp\u00e9e.<\/p>\n","protected":false},"excerpt":{"rendered":"<p>Sac \u00e0 dos de natation, indiqu\u00e9 pour le transport de mat\u00e9riel. Gr\u00e2ce \u00e0 sa conception de type sac \u00e0 cordon de serrage, il permet de ranger confortablement tous les types d&rsquo;accessoires dont vous avez besoin. Peu importe qu&rsquo;ils soient humides, car il est \u00e9quip\u00e9 d&rsquo;un tissu en filet respirant. Dans les zones de contact avec le sol, il a un mat\u00e9riau imperm\u00e9able pour pouvoir le laisser dans le m\u00eame couloir o\u00f9 vous allez nager.<\/p>\n","protected":false},"featured_media":36506,"template":"","meta":[],"product_brand":[],"product_cat":[45,72],"product_tag":[],"class_list":{"0":"post-29506","1":"product","2":"type-product","3":"status-publish","4":"has-post-thumbnail","6":"product_cat-accessoires","7":"product_cat-sac-a-dos","8":"pa_couleur-noir","9":"pa_taille-one-size","11":"first","12":"instock","13":"purchasable","14":"product-type-simple"},"_links":{"self":[{"href":"https:\/\/accrosport.tn\/index.php\/wp-json\/wp\/v2\/product\/29506","targetHints":{"allow":["GET"]}}],"collection":[{"href":"https:\/\/accrosport.tn\/index.php\/wp-json\/wp\/v2\/product"}],"about":[{"href":"https:\/\/accrosport.tn\/index.php\/wp-json\/wp\/v2\/types\/product"}],"wp:featuredmedia":[{"embeddable":true,"href":"https:\/\/accrosport.tn\/index.php\/wp-json\/wp\/v2\/media\/36506"}],"wp:attachment":[{"href":"https:\/\/accrosport.tn\/index.php\/wp-json\/wp\/v2\/media?parent=29506"}],"wp:term":[{"taxonomy":"product_brand","embeddable":true,"href":"https:\/\/accrosport.tn\/index.php\/wp-json\/wp\/v2\/product_brand?post=29506"},{"taxonomy":"product_cat","embeddable":true,"href":"https:\/\/accrosport.tn\/index.php\/wp-json\/wp\/v2\/product_cat?post=29506"},{"taxonomy":"product_tag","embeddable":true,"href":"https:\/\/accrosport.tn\/index.php\/wp-json\/wp\/v2\/product_tag?post=29506"}],"curies":[{"name":"wp","href":"https:\/\/api.w.org\/{rel}","templated":true}]}}