{"id":29503,"date":"2025-09-26T14:14:41","date_gmt":"2025-09-26T14:14:41","guid":{"rendered":"https:\/\/accrosport.tn\/index.php\/product\/pala-de-padel-game-jr-ii-negro\/"},"modified":"2026-01-17T08:50:19","modified_gmt":"2026-01-17T08:50:19","slug":"pala-de-padel-game-jr-ii-negro","status":"publish","type":"product","link":"https:\/\/accrosport.tn\/index.php\/product\/pala-de-padel-game-jr-ii-negro\/","title":{"rendered":"Raquette de padel Game Jr II noir rouge"},"content":{"rendered":"<p>Le mod\u00e8le GAME JR pr\u00e9sente des caract\u00e9ristiques qui le diff\u00e9rencient d&rsquo;une raquette pour adultes. Il est plus l\u00e9ger et plus petit, dans le but de s&rsquo;adapter au physique d&rsquo;un jeune joueur.<\/p>\n<p>Par ailleurs, la raquette GAME JR se caract\u00e9rise par son toucher doux et confortable, parfait pour que les enfants puissent s&rsquo;initier au padel. La couche ext\u00e9rieure est en fibre de verre et la composition int\u00e9rieure est fabriqu\u00e9e avec la technologie EVA SOFT, ce qui en fait une raquette facile \u00e0 manier et avec une bonne sortie de balle.<\/p>\n<p>\u2022 Gamme : d\u00e9butants<\/p>\n<p>\u2022 Forme : ronde<\/p>\n<p>\u2022 Composition int\u00e9rieure : EVA<\/p>\n<p>\u2022 Surface : Fibre de verre<\/p>\n<p>\u2022 Cadre : Fibre de verre<\/p>\n<p>\u2022 Poids : 330-340 g<\/p>\n<p>\u2022 \u00c9paisseur : 33 mm<\/p>\n<p>\u2022 Contr\u00f4le : 50 %<\/p>\n<p>\u2022 Puissance : 50 %<\/p>\n<p>\u2022 \u00c9quilibre : faible<\/p>\n<ul class=\"featuresul\">\n<li>Poids : 330 &#8211; 340 gr<\/li>\n<li>Forme ronde<\/li>\n<li>Gamme: initiation<\/li>\n<li>Noyau : EVA SOFT<\/li>\n<li>Face : fibre de verre<\/li>\n<li>\u00c9paisseur : 33 mm<\/li>\n<li>Contr\u00f4le : 50%<\/li>\n<li>Puissance : 50%<\/li>\n<li>\u00c9quilibre: bas<\/li>\n<li>42% Fibre de verre, 33% \u00c9poxy, 18% EVA, 6% Polyur\u00e9thanne, 1% Polypropyl\u00e8ne<\/li>\n<\/ul>\n","protected":false},"excerpt":{"rendered":"<p>Junior padel racket. Developed for young players who are starting out in this growing sport and want to perfect their technique. Soft and comfortable touch, in addition to being light and smaller in size for good maneuverability.<\/p>\n","protected":false},"featured_media":34756,"template":"","meta":[],"product_brand":[],"product_cat":[45,282,291],"product_tag":[],"class_list":{"0":"post-29503","1":"product","2":"type-product","3":"status-publish","4":"has-post-thumbnail","6":"product_cat-accessoires","7":"product_cat-padel-accessoires","8":"product_cat-raquettes","9":"pa_couleur-black-red","10":"pa_taille-one-size","12":"first","13":"instock","14":"sale","15":"purchasable","16":"product-type-simple"},"_links":{"self":[{"href":"https:\/\/accrosport.tn\/index.php\/wp-json\/wp\/v2\/product\/29503","targetHints":{"allow":["GET"]}}],"collection":[{"href":"https:\/\/accrosport.tn\/index.php\/wp-json\/wp\/v2\/product"}],"about":[{"href":"https:\/\/accrosport.tn\/index.php\/wp-json\/wp\/v2\/types\/product"}],"wp:featuredmedia":[{"embeddable":true,"href":"https:\/\/accrosport.tn\/index.php\/wp-json\/wp\/v2\/media\/34756"}],"wp:attachment":[{"href":"https:\/\/accrosport.tn\/index.php\/wp-json\/wp\/v2\/media?parent=29503"}],"wp:term":[{"taxonomy":"product_brand","embeddable":true,"href":"https:\/\/accrosport.tn\/index.php\/wp-json\/wp\/v2\/product_brand?post=29503"},{"taxonomy":"product_cat","embeddable":true,"href":"https:\/\/accrosport.tn\/index.php\/wp-json\/wp\/v2\/product_cat?post=29503"},{"taxonomy":"product_tag","embeddable":true,"href":"https:\/\/accrosport.tn\/index.php\/wp-json\/wp\/v2\/product_tag?post=29503"}],"curies":[{"name":"wp","href":"https:\/\/api.w.org\/{rel}","templated":true}]}}