{"id":29502,"date":"2025-09-26T14:14:41","date_gmt":"2025-09-26T14:14:41","guid":{"rendered":"https:\/\/accrosport.tn\/index.php\/product\/pala-de-padel-tournament-negro\/"},"modified":"2026-03-17T09:56:03","modified_gmt":"2026-03-17T09:56:03","slug":"pala-de-padel-tournament-negro","status":"publish","type":"product","link":"https:\/\/accrosport.tn\/index.php\/product\/pala-de-padel-tournament-negro\/","title":{"rendered":"Raquette Tournoi Noir"},"content":{"rendered":"<p>D\u00e9veloppez toute votre puissance dans chaque jeu gr\u00e2ce \u00e0 la raquette de padel TOURNAMENT. Sa forme LAGRIMA OVERSIDE cr\u00e9e un effet de levier qui permet d&rsquo;injecter un maximum d&rsquo;\u00e9nergie \u00e0 chaque coup. Votre adversaire devra recevoir votre coup le plus puissant. La couche externe est constitu\u00e9e de fibres de carbone 12 k. 12 000 filaments de carbone<br \/>\nentrelac\u00e9s qui cr\u00e9ent une raquette de padel r\u00e9sistante avec un plus de puissance. Le noyau interne est construit avec la technologie EVA PRO, un caoutchouc \u00e0 haute r\u00e9cup\u00e9ration qui, combin\u00e9 avec le carbone ext\u00e9rieur 12 K, fournit le contr\u00f4le n\u00e9cessaire pour d\u00e9velopper la puissance maximale dans votre tir d&rsquo;une mani\u00e8re contr\u00f4l\u00e9e.<br \/>\n\u2022 Gamme : haut professionnel<br \/>\n\u2022 Forme: d\u00e9chirure<br \/>\n\u2022 Noyau : BLACK EVA<br \/>\n\u2022 Visage : fibre de carbone 12k<br \/>\n\u2022 Cadre : 100 % fibre de carbone<br \/>\n\u2022 Poids : 360-370 grammes<br \/>\n\u2022 \u00c9paisseur : 38 mm<br \/>\n\u2022 Contr\u00f4le : 40%<br \/>\n\u2022 Puissance : 60%<br \/>\n\u2022 Solde : \u00e9lev\u00e9<\/p>\n","protected":false},"excerpt":{"rendered":"<p>D\u00e9veloppez toute votre puissance dans chaque jeu gr\u00e2ce \u00e0 la raquette de padel TOURNAMENT. Sa forme LAGRIMA OVERSIDE cr\u00e9e un effet de levier qui permet d&rsquo;injecter un maximum d&rsquo;\u00e9nergie \u00e0 chaque coup. Votre adversaire devra recevoir votre coup le plus puissant.<\/p>\n","protected":false},"featured_media":34751,"template":"","meta":[],"product_brand":[],"product_cat":[45,282,291],"product_tag":[],"class_list":{"0":"post-29502","1":"product","2":"type-product","3":"status-publish","4":"has-post-thumbnail","6":"product_cat-accessoires","7":"product_cat-padel-accessoires","8":"product_cat-raquettes","9":"pa_couleur-black-orange-purple","10":"pa_taille-one-size","12":"first","13":"instock","14":"sale","15":"purchasable","16":"product-type-simple"},"_links":{"self":[{"href":"https:\/\/accrosport.tn\/index.php\/wp-json\/wp\/v2\/product\/29502","targetHints":{"allow":["GET"]}}],"collection":[{"href":"https:\/\/accrosport.tn\/index.php\/wp-json\/wp\/v2\/product"}],"about":[{"href":"https:\/\/accrosport.tn\/index.php\/wp-json\/wp\/v2\/types\/product"}],"wp:featuredmedia":[{"embeddable":true,"href":"https:\/\/accrosport.tn\/index.php\/wp-json\/wp\/v2\/media\/34751"}],"wp:attachment":[{"href":"https:\/\/accrosport.tn\/index.php\/wp-json\/wp\/v2\/media?parent=29502"}],"wp:term":[{"taxonomy":"product_brand","embeddable":true,"href":"https:\/\/accrosport.tn\/index.php\/wp-json\/wp\/v2\/product_brand?post=29502"},{"taxonomy":"product_cat","embeddable":true,"href":"https:\/\/accrosport.tn\/index.php\/wp-json\/wp\/v2\/product_cat?post=29502"},{"taxonomy":"product_tag","embeddable":true,"href":"https:\/\/accrosport.tn\/index.php\/wp-json\/wp\/v2\/product_tag?post=29502"}],"curies":[{"name":"wp","href":"https:\/\/api.w.org\/{rel}","templated":true}]}}