{"id":29497,"date":"2025-09-26T14:14:32","date_gmt":"2025-09-26T14:14:32","guid":{"rendered":"https:\/\/accrosport.tn\/index.php\/product\/mochila-joma-firm-negro\/"},"modified":"2025-12-20T11:48:15","modified_gmt":"2025-12-20T11:48:15","slug":"mochila-joma-firm-negro","status":"publish","type":"product","link":"https:\/\/accrosport.tn\/index.php\/product\/mochila-joma-firm-negro\/","title":{"rendered":"Sac \u00e0 dos Joma Firm noir"},"content":{"rendered":"<p>Sac \u00e0 dos de coupe classique. Il se compose d&rsquo;une poche principale avec fermeture \u00e0 glissi\u00e8re et tirette. Il comporte une poche frontale et deux poches lat\u00e9rales, toutes deux avec fermeture \u00e0 glissi\u00e8re. \u00c0 l&rsquo;int\u00e9rieur se trouvent plusieurs poches renforc\u00e9es avec une fermeture \u00e9lastique en velcro, qui peuvent \u00eatre utilis\u00e9es pour stocker des objets tels qu&rsquo;un ordinateur portable ou une tablette. De cette fa\u00e7on, tout reste bien organis\u00e9. Le dos est \u00e9galement renforc\u00e9 par de la mousse pour plus de confort. Quant aux bretelles, elles sont r\u00e9glables et comportent de la mousse \u00e0 l&rsquo;int\u00e9rieur.<\/p>\n<p>Il s&rsquo;agit d&rsquo;un sac \u00e0 dos tr\u00e8s pratique pour un usage quotidien avec des d\u00e9tails imprim\u00e9s.<\/p>\n<p>Logo sur l&rsquo;\u00e9tiquette en caoutchouc.<\/p>\n","protected":false},"excerpt":{"rendered":"<p>Sac \u00e0 dos classique compos\u00e9 de plusieurs poches \u00e0 fermeture \u00e9clair. Comprend des compartiments \u00e0 l&rsquo;int\u00e9rieur pour l&rsquo;ordinateur portable et la tablette. Le dos renforc\u00e9 et les bretelles ajustables offrent du confort.<\/p>\n","protected":false},"featured_media":35001,"template":"","meta":[],"product_brand":[],"product_cat":[45,72],"product_tag":[],"class_list":{"0":"post-29497","1":"product","2":"type-product","3":"status-publish","4":"has-post-thumbnail","6":"product_cat-accessoires","7":"product_cat-sac-a-dos","8":"pa_couleur-noir","9":"pa_taille-one-size","11":"first","12":"instock","13":"purchasable","14":"product-type-simple"},"_links":{"self":[{"href":"https:\/\/accrosport.tn\/index.php\/wp-json\/wp\/v2\/product\/29497","targetHints":{"allow":["GET"]}}],"collection":[{"href":"https:\/\/accrosport.tn\/index.php\/wp-json\/wp\/v2\/product"}],"about":[{"href":"https:\/\/accrosport.tn\/index.php\/wp-json\/wp\/v2\/types\/product"}],"wp:featuredmedia":[{"embeddable":true,"href":"https:\/\/accrosport.tn\/index.php\/wp-json\/wp\/v2\/media\/35001"}],"wp:attachment":[{"href":"https:\/\/accrosport.tn\/index.php\/wp-json\/wp\/v2\/media?parent=29497"}],"wp:term":[{"taxonomy":"product_brand","embeddable":true,"href":"https:\/\/accrosport.tn\/index.php\/wp-json\/wp\/v2\/product_brand?post=29497"},{"taxonomy":"product_cat","embeddable":true,"href":"https:\/\/accrosport.tn\/index.php\/wp-json\/wp\/v2\/product_cat?post=29497"},{"taxonomy":"product_tag","embeddable":true,"href":"https:\/\/accrosport.tn\/index.php\/wp-json\/wp\/v2\/product_tag?post=29497"}],"curies":[{"name":"wp","href":"https:\/\/api.w.org\/{rel}","templated":true}]}}