{"id":29496,"date":"2025-09-26T14:14:32","date_gmt":"2025-09-26T14:14:32","guid":{"rendered":"https:\/\/accrosport.tn\/index.php\/product\/mochila-worldwide-antracita\/"},"modified":"2025-12-18T13:10:59","modified_gmt":"2025-12-18T13:10:59","slug":"mochila-worldwide-antracita","status":"publish","type":"product","link":"https:\/\/accrosport.tn\/index.php\/product\/mochila-worldwide-antracita\/","title":{"rendered":"Sac \u00e0 dos Worldwide"},"content":{"rendered":"<p>Sac \u00e0 dos \u00e0 coupe classique. Il dispose de plusieurs poches \u00e0 fermeture \u00e9clair et d&rsquo;autres int\u00e9rieurs pour ranger l&rsquo;ordinateur portable et la tablette. Le dos et les bretelles r\u00e9glables sont renforc\u00e9s pour plus de confort.<\/p>\n<p>Sac \u00e0 dos de coupe classique. Il se compose d&rsquo;une poche principale ferm\u00e9e par une fermeture \u00e9clair et une tirette. La nouveaut\u00e9 de ce sac \u00e0 dos r\u00e9side dans les deux poches frontales situ\u00e9es sur le dessus, l&rsquo;une plus grande que l&rsquo;autre. Toutes deux disposent d&rsquo;une fermeture \u00e0 glissi\u00e8re et \u00e0 tirette. \u00c0 l&rsquo;int\u00e9rieur, il y a plusieurs poches, dont une renforc\u00e9e avec une fermeture \u00e9lastique en velcro pour ranger en toute s\u00e9curit\u00e9 votre ordinateur portable et votre tablette. Le dos et les bretelles r\u00e9glables sont renforc\u00e9s par de la mousse pour plus de confort.<\/p>\n<p>Le design de ce sac \u00e0 dos est soulign\u00e9 par l&rsquo;\u00e9tiquette tiss\u00e9e personnalis\u00e9e sur le devant.<\/p>\n","protected":false},"excerpt":{"rendered":"<p>Sac \u00e0 dos \u00e0 coupe classique. Il dispose de plusieurs poches \u00e0 fermeture \u00e9clair et d&rsquo;autres int\u00e9rieurs pour ranger l&rsquo;ordinateur portable et la tablette. Le dos et les bretelles r\u00e9glables sont renforc\u00e9s pour plus de confort.<\/p>\n","protected":false},"featured_media":34997,"template":"","meta":[],"product_brand":[],"product_cat":[45,72],"product_tag":[],"class_list":{"0":"post-29496","1":"product","2":"type-product","3":"status-publish","4":"has-post-thumbnail","6":"product_cat-accessoires","7":"product_cat-sac-a-dos","8":"pa_couleur-dark-gray","9":"pa_taille-one-size","11":"first","12":"outofstock","13":"purchasable","14":"product-type-simple"},"_links":{"self":[{"href":"https:\/\/accrosport.tn\/index.php\/wp-json\/wp\/v2\/product\/29496","targetHints":{"allow":["GET"]}}],"collection":[{"href":"https:\/\/accrosport.tn\/index.php\/wp-json\/wp\/v2\/product"}],"about":[{"href":"https:\/\/accrosport.tn\/index.php\/wp-json\/wp\/v2\/types\/product"}],"wp:featuredmedia":[{"embeddable":true,"href":"https:\/\/accrosport.tn\/index.php\/wp-json\/wp\/v2\/media\/34997"}],"wp:attachment":[{"href":"https:\/\/accrosport.tn\/index.php\/wp-json\/wp\/v2\/media?parent=29496"}],"wp:term":[{"taxonomy":"product_brand","embeddable":true,"href":"https:\/\/accrosport.tn\/index.php\/wp-json\/wp\/v2\/product_brand?post=29496"},{"taxonomy":"product_cat","embeddable":true,"href":"https:\/\/accrosport.tn\/index.php\/wp-json\/wp\/v2\/product_cat?post=29496"},{"taxonomy":"product_tag","embeddable":true,"href":"https:\/\/accrosport.tn\/index.php\/wp-json\/wp\/v2\/product_tag?post=29496"}],"curies":[{"name":"wp","href":"https:\/\/api.w.org\/{rel}","templated":true}]}}