{"id":29495,"date":"2025-09-26T14:14:32","date_gmt":"2025-09-26T14:14:32","guid":{"rendered":"https:\/\/accrosport.tn\/index.php\/product\/mochila-active-world-azul\/"},"modified":"2025-11-07T10:43:42","modified_gmt":"2025-11-07T10:43:42","slug":"mochila-active-world-azul","status":"publish","type":"product","link":"https:\/\/accrosport.tn\/index.php\/product\/mochila-active-world-azul\/","title":{"rendered":"Sac \u00e0 dos Active World bleu"},"content":{"rendered":"<p>Sac \u00e0 dos de coupe classique. Il se compose d&rsquo;une poche principale avec fermeture \u00e0 glissi\u00e8re et d&rsquo;une autre poche avant avec fermeture \u00e0 glissi\u00e8re. \u00c0 l&rsquo;int\u00e9rieur, ce sac \u00e0 dos dispose d&rsquo;une poche renforc\u00e9e qui s&rsquo;ajuste gr\u00e2ce \u00e0 un \u00e9lastique et vous permet de ranger en toute s\u00e9curit\u00e9 des objets tels que votre ordinateur portable, votre tablette ou vos livres. Le dos est renforc\u00e9 par de la mousse pour plus de confort. Les bretelles sont r\u00e9glables et s&rsquo;adaptent \u00e0 votre taille, tout en \u00e9tant renforc\u00e9es par de la mousse.<\/p>\n<p>Quant au design, ce sac \u00e0 dos se distingue par son imprim\u00e9 \u00e0 pois.<\/p>\n<p>Logo sur l&rsquo;\u00e9tiquette en caoutchouc.<\/p>\n<ul class=\"featuresul\">\n<li>Fermeture zip<\/li>\n<li>Il dispose d&rsquo;une poche principale, int\u00e9rieure et frontale.<\/li>\n<li>Dos rembourr\u00e9<\/li>\n<li>Sangles r\u00e9glables<\/li>\n<li>100% Polyester<\/li>\n<\/ul>\n","protected":false},"excerpt":{"rendered":"<p>Sac \u00e0 dos \u00e0 coupe classique. Il comprend plusieurs poches zipp\u00e9es et une poche int\u00e9rieure pour ranger des objets, comme l&rsquo;ordinateur portable. Comprend un dos renforc\u00e9 et des bretelles ajustables pour plus de confort.<\/p>\n","protected":false},"featured_media":34994,"template":"","meta":[],"product_brand":[],"product_cat":[45,72],"product_tag":[],"class_list":{"0":"post-29495","1":"product","2":"type-product","3":"status-publish","4":"has-post-thumbnail","6":"product_cat-accessoires","7":"product_cat-sac-a-dos","8":"pa_couleur-blue","9":"pa_taille-one-size","11":"first","12":"instock","13":"purchasable","14":"product-type-simple"},"_links":{"self":[{"href":"https:\/\/accrosport.tn\/index.php\/wp-json\/wp\/v2\/product\/29495","targetHints":{"allow":["GET"]}}],"collection":[{"href":"https:\/\/accrosport.tn\/index.php\/wp-json\/wp\/v2\/product"}],"about":[{"href":"https:\/\/accrosport.tn\/index.php\/wp-json\/wp\/v2\/types\/product"}],"wp:featuredmedia":[{"embeddable":true,"href":"https:\/\/accrosport.tn\/index.php\/wp-json\/wp\/v2\/media\/34994"}],"wp:attachment":[{"href":"https:\/\/accrosport.tn\/index.php\/wp-json\/wp\/v2\/media?parent=29495"}],"wp:term":[{"taxonomy":"product_brand","embeddable":true,"href":"https:\/\/accrosport.tn\/index.php\/wp-json\/wp\/v2\/product_brand?post=29495"},{"taxonomy":"product_cat","embeddable":true,"href":"https:\/\/accrosport.tn\/index.php\/wp-json\/wp\/v2\/product_cat?post=29495"},{"taxonomy":"product_tag","embeddable":true,"href":"https:\/\/accrosport.tn\/index.php\/wp-json\/wp\/v2\/product_tag?post=29495"}],"curies":[{"name":"wp","href":"https:\/\/api.w.org\/{rel}","templated":true}]}}