{"id":29492,"date":"2025-09-26T14:14:32","date_gmt":"2025-09-26T14:14:32","guid":{"rendered":"https:\/\/accrosport.tn\/index.php\/product\/mochila-beta-burdeos\/"},"modified":"2025-11-05T13:54:47","modified_gmt":"2025-11-05T13:54:47","slug":"mochila-beta-burdeos","status":"publish","type":"product","link":"https:\/\/accrosport.tn\/index.php\/product\/mochila-beta-burdeos\/","title":{"rendered":"Sac \u00e0 dos Beta bordeaux"},"content":{"rendered":"<p>Sac \u00e0 dos de coupe classique. Ce sac \u00e0 dos comprend une poche principale et une poche avant, toutes deux dot\u00e9es d&rsquo;une fermeture \u00e0 glissi\u00e8re avec cordon de serrage ; et deux poches lat\u00e9rales en tissu maill\u00e9. \u00c0 l&rsquo;int\u00e9rieur, une poche renforc\u00e9e par de la mousse avec un \u00e9lastique permet de ranger en toute s\u00e9curit\u00e9 des objets tels qu&rsquo;un ordinateur portable, une tablette ou des livres. De cette fa\u00e7on, tout reste organis\u00e9 et prot\u00e9g\u00e9. Le dos est renforc\u00e9 par de la mousse pour plus de confort. Les bretelles sont r\u00e9glables et comportent \u00e9galement de la mousse \u00e0 l&rsquo;int\u00e9rieur.<\/p>\n<p>Le sac \u00e0 dos est accompagn\u00e9 d&rsquo;un \u00e9tui assorti avec fermeture \u00e0 glissi\u00e8re et logo imprim\u00e9.<\/p>\n<ul class=\"featuresul\">\n<li>Fermeture zip<\/li>\n<li>Poche avant principale<\/li>\n<li>Poches lat\u00e9rales<\/li>\n<li>Dos rembourr\u00e9<\/li>\n<li>Sangles rembourr\u00e9es r\u00e9glables<\/li>\n<li>100% Polyester<\/li>\n<\/ul>\n","protected":false},"excerpt":{"rendered":"<p>Sac \u00e0 dos \u00e0 coupe classique avec plusieurs poches. \u00c0 l&rsquo;int\u00e9rieur, il y en a une autre qui est renforc\u00e9e pour ranger des objets comme l&rsquo;ordinateur. Le dos est renforc\u00e9 et les bretelles sont ajust\u00e9es pour offrir plus de confort. Housse assortie incluse.<\/p>\n","protected":false},"featured_media":34965,"template":"","meta":[],"product_brand":[],"product_cat":[45,72],"product_tag":[],"class_list":{"0":"post-29492","1":"product","2":"type-product","3":"status-publish","4":"has-post-thumbnail","6":"product_cat-accessoires","7":"product_cat-sac-a-dos","8":"pa_couleur-burgundy","9":"pa_taille-one-size","11":"first","12":"instock","13":"purchasable","14":"product-type-simple"},"_links":{"self":[{"href":"https:\/\/accrosport.tn\/index.php\/wp-json\/wp\/v2\/product\/29492","targetHints":{"allow":["GET"]}}],"collection":[{"href":"https:\/\/accrosport.tn\/index.php\/wp-json\/wp\/v2\/product"}],"about":[{"href":"https:\/\/accrosport.tn\/index.php\/wp-json\/wp\/v2\/types\/product"}],"wp:featuredmedia":[{"embeddable":true,"href":"https:\/\/accrosport.tn\/index.php\/wp-json\/wp\/v2\/media\/34965"}],"wp:attachment":[{"href":"https:\/\/accrosport.tn\/index.php\/wp-json\/wp\/v2\/media?parent=29492"}],"wp:term":[{"taxonomy":"product_brand","embeddable":true,"href":"https:\/\/accrosport.tn\/index.php\/wp-json\/wp\/v2\/product_brand?post=29492"},{"taxonomy":"product_cat","embeddable":true,"href":"https:\/\/accrosport.tn\/index.php\/wp-json\/wp\/v2\/product_cat?post=29492"},{"taxonomy":"product_tag","embeddable":true,"href":"https:\/\/accrosport.tn\/index.php\/wp-json\/wp\/v2\/product_tag?post=29492"}],"curies":[{"name":"wp","href":"https:\/\/api.w.org\/{rel}","templated":true}]}}