{"id":29491,"date":"2025-09-26T14:14:32","date_gmt":"2025-09-26T14:14:32","guid":{"rendered":"https:\/\/accrosport.tn\/index.php\/product\/mochila-open-negro-azul\/"},"modified":"2025-12-18T13:10:59","modified_gmt":"2025-12-18T13:10:59","slug":"mochila-open-negro-azul","status":"publish","type":"product","link":"https:\/\/accrosport.tn\/index.php\/product\/mochila-open-negro-azul\/","title":{"rendered":"Sac \u00e0 dos Open noir bleu"},"content":{"rendered":"<p>Sac \u00e0 dos avec compartiment pour raquette et compartiment pour chaussures int\u00e9gr\u00e9. De plus, il dispose de poches lat\u00e9rales.<\/p>\n<p>Mesures : 48 cm de hauteur x 32 cm de largeur x 20 cm de profondeur.<\/p>\n<ul class=\"featuresul\">\n<li>Fermeture zip<\/li>\n<li>Mat\u00e9riau r\u00e9sistant<\/li>\n<li>Poche avant principale<\/li>\n<li>Poches lat\u00e9rales<\/li>\n<li>Housse \u00e0 chaussures<\/li>\n<li>Dimensions : hauteur 48 cm x largeur 32 cm x profondeur 20 cm<\/li>\n<li>Poign\u00e9es r\u00e9glables<\/li>\n<li>100% Polyester<\/li>\n<\/ul>\n","protected":false},"excerpt":{"rendered":"<div class=\"container product-detail product-wrapper\" data-product-url=\"https:\/\/www.joma-sport.com\/on\/demandware.store\/Sites-joma_eu-Site\/fr_FR\/Product-Show?pid=%24product%24\" data-sizebay-tenantid=\"3356\" data-pid=\"400925.116\">\n<div class=\"row\">\n<div class=\"product-container-information contentPDP-right\">\n<div class=\"product-sticky\">\n<div class=\"short-description\">\n<div class=\"text-short-description\">Sac \u00e0 dos indiqu\u00e9 pour le tennis et le padel. Il dispose d&rsquo;un range-raquette et d&rsquo;un range-chaussures pour que le joueur de tennis\/padel puisse transporter sa raquette\/padel confortablement. Il est fabriqu\u00e9 avec un mat\u00e9riau r\u00e9sistant qui prot\u00e8ge ce qu&rsquo;il y a dedans.<\/div>\n<\/div>\n<\/div>\n<\/div>\n<\/div>\n<\/div>\n<div class=\"container product-detail \">\n<div class=\"row\">\n<div class=\"col-sm-12\">\n<div id=\"cq_recomm_slot-4432818939b95f78a018708f9e\">\n<div class=\"recommendations completeSet\"><\/div>\n<\/div>\n<\/div>\n<\/div>\n<\/div>\n","protected":false},"featured_media":34958,"template":"","meta":[],"product_brand":[],"product_cat":[45,73],"product_tag":[],"class_list":{"0":"post-29491","1":"product","2":"type-product","3":"status-publish","4":"has-post-thumbnail","6":"product_cat-accessoires","7":"product_cat-sac-de-sport","8":"pa_couleur-black-blue","9":"pa_taille-one-size","11":"first","12":"outofstock","13":"purchasable","14":"product-type-simple"},"_links":{"self":[{"href":"https:\/\/accrosport.tn\/index.php\/wp-json\/wp\/v2\/product\/29491","targetHints":{"allow":["GET"]}}],"collection":[{"href":"https:\/\/accrosport.tn\/index.php\/wp-json\/wp\/v2\/product"}],"about":[{"href":"https:\/\/accrosport.tn\/index.php\/wp-json\/wp\/v2\/types\/product"}],"wp:featuredmedia":[{"embeddable":true,"href":"https:\/\/accrosport.tn\/index.php\/wp-json\/wp\/v2\/media\/34958"}],"wp:attachment":[{"href":"https:\/\/accrosport.tn\/index.php\/wp-json\/wp\/v2\/media?parent=29491"}],"wp:term":[{"taxonomy":"product_brand","embeddable":true,"href":"https:\/\/accrosport.tn\/index.php\/wp-json\/wp\/v2\/product_brand?post=29491"},{"taxonomy":"product_cat","embeddable":true,"href":"https:\/\/accrosport.tn\/index.php\/wp-json\/wp\/v2\/product_cat?post=29491"},{"taxonomy":"product_tag","embeddable":true,"href":"https:\/\/accrosport.tn\/index.php\/wp-json\/wp\/v2\/product_tag?post=29491"}],"curies":[{"name":"wp","href":"https:\/\/api.w.org\/{rel}","templated":true}]}}