{"id":29487,"date":"2025-09-26T14:14:32","date_gmt":"2025-09-26T14:14:32","guid":{"rendered":"https:\/\/accrosport.tn\/index.php\/product\/guantes-portero-gk-pro-negro\/"},"modified":"2025-11-05T13:23:15","modified_gmt":"2025-11-05T13:23:15","slug":"guantes-portero-gk-pro-negro","status":"publish","type":"product","link":"https:\/\/accrosport.tn\/index.php\/product\/guantes-portero-gk-pro-negro\/","title":{"rendered":"Gants de gardien de but GK-PRO"},"content":{"rendered":"<p>Gants de gardien de but ajustables avec fermeture adh\u00e9sive au poignet. Mod\u00e8le professionnel offrant une adh\u00e9rence exceptionnelle.<\/p>\n<p>Gants en latex allemand premium de 4 mm, recommand\u00e9s pour toutes les conditions climatiques.<br \/>\nLa mousse de latex souple offre un ajustement et un confort exceptionnels.<br \/>\nL&rsquo;int\u00e9rieur des gants est doubl\u00e9 de mesh pour un confort et une respirabilit\u00e9 accrus.<br \/>\nProtection fixe des doigts : les renforts lat\u00e9raux assurent une excellente protection sans compromettre la flexibilit\u00e9.<\/p>\n<p>Composition : 55 % latex, 25 % polyester, 10 % \u00e9lasthanne, 5 % nylon, 5 % \u00e9lastique<\/p>\n","protected":false},"excerpt":{"rendered":"<p>Gants de gardien de but ajustables avec fermeture adh\u00e9sive au poignet. Mod\u00e8le professionnel offrant une adh\u00e9rence exceptionnelle.<\/p>\n","protected":false},"featured_media":34948,"template":"","meta":[],"product_brand":[],"product_cat":[45,71],"product_tag":[],"class_list":{"0":"post-29487","1":"product","2":"type-product","3":"status-publish","4":"has-post-thumbnail","6":"product_cat-accessoires","7":"product_cat-gant-gardien","8":"pa_couleur-black-gold","9":"pa_taille-592","10":"pa_taille-594","12":"first","13":"outofstock","14":"purchasable","15":"product-type-variable"},"_links":{"self":[{"href":"https:\/\/accrosport.tn\/index.php\/wp-json\/wp\/v2\/product\/29487","targetHints":{"allow":["GET"]}}],"collection":[{"href":"https:\/\/accrosport.tn\/index.php\/wp-json\/wp\/v2\/product"}],"about":[{"href":"https:\/\/accrosport.tn\/index.php\/wp-json\/wp\/v2\/types\/product"}],"wp:featuredmedia":[{"embeddable":true,"href":"https:\/\/accrosport.tn\/index.php\/wp-json\/wp\/v2\/media\/34948"}],"wp:attachment":[{"href":"https:\/\/accrosport.tn\/index.php\/wp-json\/wp\/v2\/media?parent=29487"}],"wp:term":[{"taxonomy":"product_brand","embeddable":true,"href":"https:\/\/accrosport.tn\/index.php\/wp-json\/wp\/v2\/product_brand?post=29487"},{"taxonomy":"product_cat","embeddable":true,"href":"https:\/\/accrosport.tn\/index.php\/wp-json\/wp\/v2\/product_cat?post=29487"},{"taxonomy":"product_tag","embeddable":true,"href":"https:\/\/accrosport.tn\/index.php\/wp-json\/wp\/v2\/product_tag?post=29487"}],"curies":[{"name":"wp","href":"https:\/\/api.w.org\/{rel}","templated":true}]}}