{"id":29486,"date":"2025-09-26T14:14:32","date_gmt":"2025-09-26T14:14:32","guid":{"rendered":"https:\/\/accrosport.tn\/index.php\/product\/balon-flame-iii-blanco-naranja\/"},"modified":"2025-11-05T12:00:31","modified_gmt":"2025-11-05T12:00:31","slug":"balon-flame-iii-blanco-naranja","status":"publish","type":"product","link":"https:\/\/accrosport.tn\/index.php\/product\/balon-flame-iii-blanco-naranja\/","title":{"rendered":"Ballon de football blanche Orange"},"content":{"rendered":"<p>D\u00e9couvrez le ballon Joma Flame III blanc\/orange, un ballon de football polyvalent adapt\u00e9 \u00e0 diff\u00e9rentes surfaces comme la terre battue, le gazon synth\u00e9tique et le gazon naturel. Sa conception et sa qualit\u00e9 en font le ballon id\u00e9al pour les joueurs professionnels et amateurs.<\/p>\n<p>Certifi\u00e9 FIFA QUALITY PRO, ce ballon garantit des performances exceptionnelles et r\u00e9pond aux normes de qualit\u00e9 les plus exigeantes.<\/p>\n<p>Sa taille standard 5 en fait le choix parfait pour la comp\u00e9tition. Fabriqu\u00e9 avec des mat\u00e9riaux de haute qualit\u00e9 (42 % viscose, 38 % polyur\u00e9thane, 13 % latex et 7 % nylon), il garantit une durabilit\u00e9 exceptionnelle et un toucher agr\u00e9able sur le terrain.<\/p>\n<p>Avec un poids plume de 420 \u00e0 445 grammes, le Joma Flame III facilite les passes et le jeu. Am\u00e9liorez votre exp\u00e9rience footballistique avec le ballon id\u00e9al en toutes circonstances. Essayez-le et sentez la diff\u00e9rence !<\/p>\n<p><strong>Caract\u00e9ristiques<\/strong><\/p>\n<p>Il est adapt\u00e9 \u00e0 diff\u00e9rents types de surfaces : terre battue, gazon synth\u00e9tique et gazon naturel. Cela le rend id\u00e9al pour un large \u00e9ventail de joueurs et de conditions de jeu.<br \/>\nQualit\u00e9 professionnelle : La certification FIFA QUALITY PRO garantit que le ballon r\u00e9pond aux normes les plus \u00e9lev\u00e9es en mati\u00e8re de qualit\u00e9 et de performance, ce qui en fait un choix id\u00e9al pour les joueurs professionnels et amateurs exigeants.<br \/>\nTaille standard : Le ballon est de taille 5, la taille standard utilis\u00e9e dans la plupart des comp\u00e9titions de football.<br \/>\nComposition : Il est fabriqu\u00e9 \u00e0 partir d&rsquo;une combinaison de mat\u00e9riaux de haute qualit\u00e9 tels que la viscose, le polyur\u00e9thane, le latex et le nylon, ce qui lui conf\u00e8re une bonne durabilit\u00e9 et un toucher agr\u00e9able.<br \/>\nL\u00e9g\u00e8re : Avec un poids de 420 \u00e0 445 grammes, c&rsquo;est un ballon l\u00e9ger qui facilite le jeu et les passes.<br \/>\nTaille 5<br \/>\nFootball<br \/>\n42 % viscose, 38 % polyur\u00e9thane, 13 % latex, 7 % nylon<\/p>\n","protected":false},"excerpt":{"rendered":"<p>D\u00e9couvrez le ballon Joma Flame III blanc\/orange, un ballon de football polyvalent adapt\u00e9 \u00e0 diff\u00e9rentes surfaces comme la terre battue, le gazon synth\u00e9tique et le gazon naturel. Sa conception et sa qualit\u00e9 en font le ballon id\u00e9al pour les joueurs professionnels et amateurs.<\/p>\n","protected":false},"featured_media":34945,"template":"","meta":[],"product_brand":[],"product_cat":[45,74],"product_tag":[],"class_list":{"0":"post-29486","1":"product","2":"type-product","3":"status-publish","4":"has-post-thumbnail","6":"product_cat-accessoires","7":"product_cat-ballons","8":"pa_couleur-blanco-naranja","9":"pa_taille-t5","11":"first","12":"instock","13":"purchasable","14":"product-type-simple"},"_links":{"self":[{"href":"https:\/\/accrosport.tn\/index.php\/wp-json\/wp\/v2\/product\/29486","targetHints":{"allow":["GET"]}}],"collection":[{"href":"https:\/\/accrosport.tn\/index.php\/wp-json\/wp\/v2\/product"}],"about":[{"href":"https:\/\/accrosport.tn\/index.php\/wp-json\/wp\/v2\/types\/product"}],"wp:featuredmedia":[{"embeddable":true,"href":"https:\/\/accrosport.tn\/index.php\/wp-json\/wp\/v2\/media\/34945"}],"wp:attachment":[{"href":"https:\/\/accrosport.tn\/index.php\/wp-json\/wp\/v2\/media?parent=29486"}],"wp:term":[{"taxonomy":"product_brand","embeddable":true,"href":"https:\/\/accrosport.tn\/index.php\/wp-json\/wp\/v2\/product_brand?post=29486"},{"taxonomy":"product_cat","embeddable":true,"href":"https:\/\/accrosport.tn\/index.php\/wp-json\/wp\/v2\/product_cat?post=29486"},{"taxonomy":"product_tag","embeddable":true,"href":"https:\/\/accrosport.tn\/index.php\/wp-json\/wp\/v2\/product_tag?post=29486"}],"curies":[{"name":"wp","href":"https:\/\/api.w.org\/{rel}","templated":true}]}}