{"id":29485,"date":"2025-09-26T14:14:32","date_gmt":"2025-09-26T14:14:32","guid":{"rendered":"https:\/\/accrosport.tn\/index.php\/product\/balon-iceberg-iii-blanco-turqu\/"},"modified":"2025-11-05T11:40:34","modified_gmt":"2025-11-05T11:40:34","slug":"balon-iceberg-iii-blanco-turqu","status":"publish","type":"product","link":"https:\/\/accrosport.tn\/index.php\/product\/balon-iceberg-iii-blanco-turqu\/","title":{"rendered":"Ballon Iceberg III"},"content":{"rendered":"<p>D\u00e9couvrez le ballon Joma Iceberg III, id\u00e9al pour les passionn\u00e9s de football, con\u00e7u pour des performances sur tous les terrains.<\/p>\n","protected":false},"excerpt":{"rendered":"<p>D\u00e9couvrez le ballon Joma Iceberg III, id\u00e9al pour les passionn\u00e9s de football, con\u00e7u pour des performances sur tous les terrains.<\/p>\n","protected":false},"featured_media":34943,"template":"","meta":[],"product_brand":[],"product_cat":[45,74],"product_tag":[],"class_list":{"0":"post-29485","1":"product","2":"type-product","3":"status-publish","4":"has-post-thumbnail","6":"product_cat-accessoires","7":"product_cat-ballons","8":"pa_couleur-blanco-turquesa","9":"pa_taille-t5","11":"first","12":"outofstock","13":"purchasable","14":"product-type-simple"},"_links":{"self":[{"href":"https:\/\/accrosport.tn\/index.php\/wp-json\/wp\/v2\/product\/29485","targetHints":{"allow":["GET"]}}],"collection":[{"href":"https:\/\/accrosport.tn\/index.php\/wp-json\/wp\/v2\/product"}],"about":[{"href":"https:\/\/accrosport.tn\/index.php\/wp-json\/wp\/v2\/types\/product"}],"wp:featuredmedia":[{"embeddable":true,"href":"https:\/\/accrosport.tn\/index.php\/wp-json\/wp\/v2\/media\/34943"}],"wp:attachment":[{"href":"https:\/\/accrosport.tn\/index.php\/wp-json\/wp\/v2\/media?parent=29485"}],"wp:term":[{"taxonomy":"product_brand","embeddable":true,"href":"https:\/\/accrosport.tn\/index.php\/wp-json\/wp\/v2\/product_brand?post=29485"},{"taxonomy":"product_cat","embeddable":true,"href":"https:\/\/accrosport.tn\/index.php\/wp-json\/wp\/v2\/product_cat?post=29485"},{"taxonomy":"product_tag","embeddable":true,"href":"https:\/\/accrosport.tn\/index.php\/wp-json\/wp\/v2\/product_tag?post=29485"}],"curies":[{"name":"wp","href":"https:\/\/api.w.org\/{rel}","templated":true}]}}