{"id":29482,"date":"2025-09-26T14:14:32","date_gmt":"2025-09-26T14:14:32","guid":{"rendered":"https:\/\/accrosport.tn\/index.php\/product\/overgrip-club-cuhsion-naranja-fluor\/"},"modified":"2026-03-11T12:46:30","modified_gmt":"2026-03-11T12:46:30","slug":"overgrip-club-cuhsion-naranja-fluor","status":"publish","type":"product","link":"https:\/\/accrosport.tn\/index.php\/product\/overgrip-club-cuhsion-naranja-fluor\/","title":{"rendered":"Surgrip Club Cuhsion orange fluo"},"content":{"rendered":"<p>Lot de trois bandes de overgrip pour raquettes de tennis ou de padel. Recommand\u00e9 pour la comp\u00e9tition &#8211; d\u00e9butants.Facile \u00e0 mettre sur le manche de la raquette. Excellente absorption de la sueur pour un jeu confortable et pr\u00e9cis.<\/p>\n<ul class=\"featuresul\">\n<li>62% Polyester, 38% Polyur\u00e9thanne<\/li>\n<\/ul>\n","protected":false},"excerpt":{"rendered":"<p>Pack de 3 surgrips pour l&rsquo;initiation au tennis ou au padel. Bonne absorption de la transpiration pour une prise en main plus s\u00fbre de la raquette.<\/p>\n","protected":false},"featured_media":34933,"template":"","meta":[],"product_brand":[414],"product_cat":[45,282],"product_tag":[],"class_list":{"0":"post-29482","1":"product","2":"type-product","3":"status-publish","4":"has-post-thumbnail","6":"product_brand-joma","7":"product_cat-accessoires","8":"product_cat-padel-accessoires","9":"pa_couleur-fluorescent-orange","10":"pa_taille-one-size","12":"first","13":"instock","14":"purchasable","15":"product-type-simple"},"_links":{"self":[{"href":"https:\/\/accrosport.tn\/index.php\/wp-json\/wp\/v2\/product\/29482","targetHints":{"allow":["GET"]}}],"collection":[{"href":"https:\/\/accrosport.tn\/index.php\/wp-json\/wp\/v2\/product"}],"about":[{"href":"https:\/\/accrosport.tn\/index.php\/wp-json\/wp\/v2\/types\/product"}],"wp:featuredmedia":[{"embeddable":true,"href":"https:\/\/accrosport.tn\/index.php\/wp-json\/wp\/v2\/media\/34933"}],"wp:attachment":[{"href":"https:\/\/accrosport.tn\/index.php\/wp-json\/wp\/v2\/media?parent=29482"}],"wp:term":[{"taxonomy":"product_brand","embeddable":true,"href":"https:\/\/accrosport.tn\/index.php\/wp-json\/wp\/v2\/product_brand?post=29482"},{"taxonomy":"product_cat","embeddable":true,"href":"https:\/\/accrosport.tn\/index.php\/wp-json\/wp\/v2\/product_cat?post=29482"},{"taxonomy":"product_tag","embeddable":true,"href":"https:\/\/accrosport.tn\/index.php\/wp-json\/wp\/v2\/product_tag?post=29482"}],"curies":[{"name":"wp","href":"https:\/\/api.w.org\/{rel}","templated":true}]}}