{"id":29450,"date":"2025-09-26T14:14:18","date_gmt":"2025-09-26T14:14:18","guid":{"rendered":"https:\/\/accrosport.tn\/index.php\/product\/calcet-pinky-sal-neg-mar-bla-g\/"},"modified":"2026-04-04T15:56:06","modified_gmt":"2026-04-04T15:56:06","slug":"calcet-pinky-sal-neg-mar-bla-g","status":"publish","type":"product","link":"https:\/\/accrosport.tn\/index.php\/product\/calcet-pinky-sal-neg-mar-bla-g\/","title":{"rendered":"Chaussette Pinky \u2013 Sable, Noir, Marron, Blanc \u2013 Taille G"},"content":{"rendered":"<p>Chaussettes basses Joma.<\/p>\n<p>Ce mod\u00e8le est tr\u00e8s l\u00e9ger, \u00e9lastique et confortable.<\/p>\n<p>Elles conviennent aussi bien aux chaussures de sport qu&rsquo;aux chaussures de tous les jours.<\/p>\n<p>Composition : 75 % coton, 20 % polyester, 5 % \u00e9lasthanne.<\/p>\n","protected":false},"excerpt":{"rendered":"<p>Chaussettes basses Joma.<\/p>\n","protected":false},"featured_media":35071,"template":"","meta":[],"product_brand":[],"product_cat":[45,70],"product_tag":[],"class_list":{"0":"post-29450","1":"product","2":"type-product","3":"status-publish","4":"has-post-thumbnail","6":"product_cat-accessoires","7":"product_cat-chaussettes","8":"pa_couleur-surtido-color","9":"pa_couleur-multi-color","10":"pa_taille-39-42","11":"pa_taille-43-46","12":"pa_taille-s28","13":"pa_taille-s29","15":"first","16":"outofstock","17":"purchasable","18":"product-type-variable"},"_links":{"self":[{"href":"https:\/\/accrosport.tn\/index.php\/wp-json\/wp\/v2\/product\/29450","targetHints":{"allow":["GET"]}}],"collection":[{"href":"https:\/\/accrosport.tn\/index.php\/wp-json\/wp\/v2\/product"}],"about":[{"href":"https:\/\/accrosport.tn\/index.php\/wp-json\/wp\/v2\/types\/product"}],"wp:featuredmedia":[{"embeddable":true,"href":"https:\/\/accrosport.tn\/index.php\/wp-json\/wp\/v2\/media\/35071"}],"wp:attachment":[{"href":"https:\/\/accrosport.tn\/index.php\/wp-json\/wp\/v2\/media?parent=29450"}],"wp:term":[{"taxonomy":"product_brand","embeddable":true,"href":"https:\/\/accrosport.tn\/index.php\/wp-json\/wp\/v2\/product_brand?post=29450"},{"taxonomy":"product_cat","embeddable":true,"href":"https:\/\/accrosport.tn\/index.php\/wp-json\/wp\/v2\/product_cat?post=29450"},{"taxonomy":"product_tag","embeddable":true,"href":"https:\/\/accrosport.tn\/index.php\/wp-json\/wp\/v2\/product_tag?post=29450"}],"curies":[{"name":"wp","href":"https:\/\/api.w.org\/{rel}","templated":true}]}}