{"id":29445,"date":"2025-09-26T14:14:18","date_gmt":"2025-09-26T14:14:18","guid":{"rendered":"https:\/\/accrosport.tn\/index.php\/product\/medias-futbol-professional-ii-negro-blanco\/"},"modified":"2025-11-07T14:36:13","modified_gmt":"2025-11-07T14:36:13","slug":"medias-futbol-professional-ii-negro-blanco","status":"publish","type":"product","link":"https:\/\/accrosport.tn\/index.php\/product\/medias-futbol-professional-ii-negro-blanco\/","title":{"rendered":"Chaussettes Professional II noir blanc"},"content":{"rendered":"<p>Chaussettes de football professionnelles. Compl\u00e9tez votre \u00e9quipement avec ces chaussettes de football et pr\u00e9parez-vous \u00e0 montrer vos talents lors de tous vos matchs et s\u00e9ances d\u2019entra\u00eenement.<\/p>\n<p>Fabriqu\u00e9es en tissu l\u00e9ger, respirant et flexible, elles offrent une fra\u00eecheur, un s\u00e9chage et un confort optimaux au joueur de football. Avec des ourlets c\u00f4tel\u00e9s et une bande \u00e9lastique sur le cou-de-pied pour optimiser l\u2019ajustement. De plus, le renfort \u00e9lastique sur la jambe l\u2019emp\u00eache de glisser le long de la jambe.<\/p>\n<p>Elles ont un design bicolore avec un pied en coton pour un plus grand confort du joueur. Les fibres de coton permettent d\u2019\u00e9vacuer la transpiration afin que le pied puisse respirer \u00e0 l\u2019int\u00e9rieur des chaussures.<\/p>\n<p>Logo Joma contrast\u00e9.<\/p>\n<ul class=\"featuresul\">\n<li>Tissu \u00e9lastique et respirant<\/li>\n<li>Poignets cannel\u00e9s<\/li>\n<li>Bande \u00e9lastique sur l&#8217;empeigne pour optimiser l&rsquo;ajustement<\/li>\n<li>Arrive jusqu&rsquo;au genou<\/li>\n<li>60% Polyamide, 20% Coton, 15% Polyester, 5% Spandex<\/li>\n<\/ul>\n","protected":false},"excerpt":{"rendered":"<p>Chaussettes de foot professionnelles respirantes offrant un confort parfait pendant le jeu et \u00e9vitant les frottements. Elles sont \u00e9lastiques et s&rsquo;adaptent \u00e0 la jambe pour \u00e9viter qu&rsquo;elles ne glissent pendant le jeu.<\/p>\n","protected":false},"featured_media":35042,"template":"","meta":[],"product_brand":[414],"product_cat":[45,70],"product_tag":[],"class_list":{"0":"post-29445","1":"product","2":"type-product","3":"status-publish","4":"has-post-thumbnail","6":"product_brand-joma","7":"product_cat-accessoires","8":"product_cat-chaussettes","9":"pa_couleur-black-white","10":"pa_taille-l","12":"first","13":"instock","14":"purchasable","15":"product-type-simple"},"_links":{"self":[{"href":"https:\/\/accrosport.tn\/index.php\/wp-json\/wp\/v2\/product\/29445","targetHints":{"allow":["GET"]}}],"collection":[{"href":"https:\/\/accrosport.tn\/index.php\/wp-json\/wp\/v2\/product"}],"about":[{"href":"https:\/\/accrosport.tn\/index.php\/wp-json\/wp\/v2\/types\/product"}],"wp:featuredmedia":[{"embeddable":true,"href":"https:\/\/accrosport.tn\/index.php\/wp-json\/wp\/v2\/media\/35042"}],"wp:attachment":[{"href":"https:\/\/accrosport.tn\/index.php\/wp-json\/wp\/v2\/media?parent=29445"}],"wp:term":[{"taxonomy":"product_brand","embeddable":true,"href":"https:\/\/accrosport.tn\/index.php\/wp-json\/wp\/v2\/product_brand?post=29445"},{"taxonomy":"product_cat","embeddable":true,"href":"https:\/\/accrosport.tn\/index.php\/wp-json\/wp\/v2\/product_cat?post=29445"},{"taxonomy":"product_tag","embeddable":true,"href":"https:\/\/accrosport.tn\/index.php\/wp-json\/wp\/v2\/product_tag?post=29445"}],"curies":[{"name":"wp","href":"https:\/\/api.w.org\/{rel}","templated":true}]}}