{"id":29444,"date":"2025-09-26T14:14:18","date_gmt":"2025-09-26T14:14:18","guid":{"rendered":"https:\/\/accrosport.tn\/index.php\/product\/hat-navy-pack-12-uds\/"},"modified":"2025-12-06T11:32:34","modified_gmt":"2025-12-06T11:32:34","slug":"hat-navy-pack-12-uds","status":"publish","type":"product","link":"https:\/\/accrosport.tn\/index.php\/product\/hat-navy-pack-12-uds\/","title":{"rendered":"Casquette bleu marine \u2013 pack de 12 unit\u00e9s"},"content":{"rendered":"","protected":false},"excerpt":{"rendered":"<p>Bonnet chaud \u00e0 ourlet retrouss\u00e9 et logo brod\u00e9. <\/p>\n","protected":false},"featured_media":36526,"template":"","meta":[],"product_brand":[],"product_cat":[45,807],"product_tag":[],"class_list":{"0":"post-29444","1":"product","2":"type-product","3":"status-publish","4":"has-post-thumbnail","6":"product_cat-accessoires","7":"product_cat-casquettes","8":"pa_couleur-marino","9":"pa_taille-sr","11":"first","12":"instock","13":"purchasable","14":"product-type-simple"},"_links":{"self":[{"href":"https:\/\/accrosport.tn\/index.php\/wp-json\/wp\/v2\/product\/29444","targetHints":{"allow":["GET"]}}],"collection":[{"href":"https:\/\/accrosport.tn\/index.php\/wp-json\/wp\/v2\/product"}],"about":[{"href":"https:\/\/accrosport.tn\/index.php\/wp-json\/wp\/v2\/types\/product"}],"wp:featuredmedia":[{"embeddable":true,"href":"https:\/\/accrosport.tn\/index.php\/wp-json\/wp\/v2\/media\/36526"}],"wp:attachment":[{"href":"https:\/\/accrosport.tn\/index.php\/wp-json\/wp\/v2\/media?parent=29444"}],"wp:term":[{"taxonomy":"product_brand","embeddable":true,"href":"https:\/\/accrosport.tn\/index.php\/wp-json\/wp\/v2\/product_brand?post=29444"},{"taxonomy":"product_cat","embeddable":true,"href":"https:\/\/accrosport.tn\/index.php\/wp-json\/wp\/v2\/product_cat?post=29444"},{"taxonomy":"product_tag","embeddable":true,"href":"https:\/\/accrosport.tn\/index.php\/wp-json\/wp\/v2\/product_tag?post=29444"}],"curies":[{"name":"wp","href":"https:\/\/api.w.org\/{rel}","templated":true}]}}