{"id":29442,"date":"2025-09-26T14:14:18","date_gmt":"2025-09-26T14:14:18","guid":{"rendered":"https:\/\/accrosport.tn\/index.php\/product\/hat-black-pack-12-uds\/"},"modified":"2025-12-04T11:32:00","modified_gmt":"2025-12-04T11:32:00","slug":"hat-black-pack-12-uds","status":"publish","type":"product","link":"https:\/\/accrosport.tn\/index.php\/product\/hat-black-pack-12-uds\/","title":{"rendered":"HAT BLACK -PACK 12 UDS-"},"content":{"rendered":"","protected":false},"excerpt":{"rendered":"<p>Bonnet chaud \u00e0 ourlet retrouss\u00e9 et logo brod\u00e9. <\/p>\n","protected":false},"featured_media":36521,"template":"","meta":[],"product_brand":[],"product_cat":[45,807],"product_tag":[],"class_list":{"0":"post-29442","1":"product","2":"type-product","3":"status-publish","4":"has-post-thumbnail","6":"product_cat-accessoires","7":"product_cat-casquettes","8":"pa_couleur-negro","9":"pa_taille-sr","11":"first","12":"instock","13":"purchasable","14":"product-type-simple"},"_links":{"self":[{"href":"https:\/\/accrosport.tn\/index.php\/wp-json\/wp\/v2\/product\/29442","targetHints":{"allow":["GET"]}}],"collection":[{"href":"https:\/\/accrosport.tn\/index.php\/wp-json\/wp\/v2\/product"}],"about":[{"href":"https:\/\/accrosport.tn\/index.php\/wp-json\/wp\/v2\/types\/product"}],"wp:featuredmedia":[{"embeddable":true,"href":"https:\/\/accrosport.tn\/index.php\/wp-json\/wp\/v2\/media\/36521"}],"wp:attachment":[{"href":"https:\/\/accrosport.tn\/index.php\/wp-json\/wp\/v2\/media?parent=29442"}],"wp:term":[{"taxonomy":"product_brand","embeddable":true,"href":"https:\/\/accrosport.tn\/index.php\/wp-json\/wp\/v2\/product_brand?post=29442"},{"taxonomy":"product_cat","embeddable":true,"href":"https:\/\/accrosport.tn\/index.php\/wp-json\/wp\/v2\/product_cat?post=29442"},{"taxonomy":"product_tag","embeddable":true,"href":"https:\/\/accrosport.tn\/index.php\/wp-json\/wp\/v2\/product_tag?post=29442"}],"curies":[{"name":"wp","href":"https:\/\/api.w.org\/{rel}","templated":true}]}}