{"id":29431,"date":"2025-09-26T11:17:50","date_gmt":"2025-09-26T11:17:50","guid":{"rendered":"https:\/\/accrosport.tn\/index.php\/product\/cinta-del-pelo-tennis-blanco\/"},"modified":"2025-12-03T15:02:39","modified_gmt":"2025-12-03T15:02:39","slug":"cinta-del-pelo-tennis-blanco","status":"publish","type":"product","link":"https:\/\/accrosport.tn\/index.php\/product\/cinta-del-pelo-tennis-blanco\/","title":{"rendered":"CINTA DEL PELO TENNIS BLANCO"},"content":{"rendered":"<p>D\u00e9couvrez le bandeau de tennis Joma blanc, id\u00e9al pour maintenir votre coiffure en place pendant votre sport favori.<\/p>\n<p>Cet accessoire est confectionn\u00e9 dans un tissu extensible qui assure confort et maintien.<\/p>\n<p>Sa composition (95 % polyester, 5 % \u00e9lasthanne) lui conf\u00e8re r\u00e9sistance et souplesse, s&rsquo;adaptant \u00e0 toutes les tailles de t\u00eate.<\/p>\n<p>Parfait pour le tennis et autres activit\u00e9s sportives, ce bandeau allie fonctionnalit\u00e9 et style.<\/p>\n<p>Affichez une allure impeccable et donnez le meilleur de vous-m\u00eame ! Ne le ratez pas !<\/p>\n","protected":false},"excerpt":{"rendered":"<p>D\u00e9couvrez le bandeau de tennis Joma blanc, id\u00e9al pour maintenir votre coiffure en place pendant votre sport favori.<\/p>\n","protected":false},"featured_media":36527,"template":"","meta":[],"product_brand":[414],"product_cat":[45,47],"product_tag":[],"class_list":{"0":"post-29431","1":"product","2":"type-product","3":"status-publish","4":"has-post-thumbnail","6":"product_brand-joma","7":"product_cat-accessoires","8":"product_cat-accessoires-fitness","9":"pa_couleur-white","10":"pa_taille-s","12":"first","13":"outofstock","14":"purchasable","15":"product-type-simple"},"_links":{"self":[{"href":"https:\/\/accrosport.tn\/index.php\/wp-json\/wp\/v2\/product\/29431","targetHints":{"allow":["GET"]}}],"collection":[{"href":"https:\/\/accrosport.tn\/index.php\/wp-json\/wp\/v2\/product"}],"about":[{"href":"https:\/\/accrosport.tn\/index.php\/wp-json\/wp\/v2\/types\/product"}],"wp:featuredmedia":[{"embeddable":true,"href":"https:\/\/accrosport.tn\/index.php\/wp-json\/wp\/v2\/media\/36527"}],"wp:attachment":[{"href":"https:\/\/accrosport.tn\/index.php\/wp-json\/wp\/v2\/media?parent=29431"}],"wp:term":[{"taxonomy":"product_brand","embeddable":true,"href":"https:\/\/accrosport.tn\/index.php\/wp-json\/wp\/v2\/product_brand?post=29431"},{"taxonomy":"product_cat","embeddable":true,"href":"https:\/\/accrosport.tn\/index.php\/wp-json\/wp\/v2\/product_cat?post=29431"},{"taxonomy":"product_tag","embeddable":true,"href":"https:\/\/accrosport.tn\/index.php\/wp-json\/wp\/v2\/product_tag?post=29431"}],"curies":[{"name":"wp","href":"https:\/\/api.w.org\/{rel}","templated":true}]}}