{"id":29426,"date":"2025-09-26T11:17:50","date_gmt":"2025-09-26T11:17:50","guid":{"rendered":"https:\/\/accrosport.tn\/index.php\/product\/football-socks-classic-ii-dark\/"},"modified":"2025-11-12T10:01:17","modified_gmt":"2025-11-12T10:01:17","slug":"football-socks-classic-ii-dark","status":"publish","type":"product","link":"https:\/\/accrosport.tn\/index.php\/product\/football-socks-classic-ii-dark\/","title":{"rendered":"Chaussettes de football Classic II fonc\u00e9"},"content":{"rendered":"<p>Les chaussettes hautes se distinguaient par l&#8217;emplacement du logo sur la partie \u00e9lastique, juste au-dessus de la cheville. R\u00e9glage optimal.<\/p>\n<p>D\u00e9tails:<\/p>\n<p>Composition:<\/p>\n<p>Tissu : 90 % polyamide ; 10 % \u00e9lasthanne<\/p>\n<p>Logo:<\/p>\n<p>Joma Jacquard<\/p>\n<p>Caract\u00e9ristiques:<\/p>\n<p>Logo sur la partie \u00e9lastique<\/p>\n","protected":false},"excerpt":{"rendered":"<p>Les chaussettes hautes se distinguaient par l&#8217;emplacement du logo sur la partie \u00e9lastique, juste au-dessus de la cheville. R\u00e9glage optimal.<\/p>\n","protected":false},"featured_media":35083,"template":"","meta":[],"product_brand":[],"product_cat":[45,70],"product_tag":[],"class_list":{"0":"post-29426","1":"product","2":"type-product","3":"status-publish","4":"has-post-thumbnail","6":"product_cat-accessoires","7":"product_cat-chaussettes","8":"pa_couleur-verde","9":"pa_taille-l","11":"first","12":"instock","13":"purchasable","14":"product-type-simple"},"_links":{"self":[{"href":"https:\/\/accrosport.tn\/index.php\/wp-json\/wp\/v2\/product\/29426","targetHints":{"allow":["GET"]}}],"collection":[{"href":"https:\/\/accrosport.tn\/index.php\/wp-json\/wp\/v2\/product"}],"about":[{"href":"https:\/\/accrosport.tn\/index.php\/wp-json\/wp\/v2\/types\/product"}],"wp:featuredmedia":[{"embeddable":true,"href":"https:\/\/accrosport.tn\/index.php\/wp-json\/wp\/v2\/media\/35083"}],"wp:attachment":[{"href":"https:\/\/accrosport.tn\/index.php\/wp-json\/wp\/v2\/media?parent=29426"}],"wp:term":[{"taxonomy":"product_brand","embeddable":true,"href":"https:\/\/accrosport.tn\/index.php\/wp-json\/wp\/v2\/product_brand?post=29426"},{"taxonomy":"product_cat","embeddable":true,"href":"https:\/\/accrosport.tn\/index.php\/wp-json\/wp\/v2\/product_cat?post=29426"},{"taxonomy":"product_tag","embeddable":true,"href":"https:\/\/accrosport.tn\/index.php\/wp-json\/wp\/v2\/product_tag?post=29426"}],"curies":[{"name":"wp","href":"https:\/\/api.w.org\/{rel}","templated":true}]}}