{"id":29362,"date":"2025-09-26T11:17:24","date_gmt":"2025-09-26T11:17:24","guid":{"rendered":"https:\/\/accrosport.tn\/index.php\/product\/tunturi-power-heavy-blue\/"},"modified":"2025-10-29T09:59:08","modified_gmt":"2025-10-29T09:59:08","slug":"tunturi-power-heavy-blue","status":"publish","type":"product","link":"https:\/\/accrosport.tn\/index.php\/product\/tunturi-power-heavy-blue\/","title":{"rendered":"Tunturi Power Bleu Lourd"},"content":{"rendered":"<p><span dir=\"auto\">Les bandes de r\u00e9sistance Tunturi Power Bands constituent la salle de sport id\u00e9ale \u00e0 domicile ou en voyage. Par exemple, si vous \u00eates en vacances et souhaitez faire un peu d&rsquo;exercice, elles sont toujours \u00e0 port\u00e9e de main.<\/span><\/p>\n<p><span dir=\"auto\">L&rsquo;\u00e9lastique de force Tunturi en caoutchouc bleu a une largeur de 4,4 cm et offre donc le deuxi\u00e8me niveau de r\u00e9sistance le plus \u00e9lev\u00e9, \u00e9quivalent \u00e0 environ 20 \u00e0 50 kg.<\/span><\/p>\n","protected":false},"excerpt":{"rendered":"<p>Pour le cardio ou le renforcement musculaire, pour sculpter son corps ou \u00e0 des fins th\u00e9rapeutiques, pour d\u00e9velopper ses muscles ou simplement pour des exercices d&rsquo;\u00e9chauffement, les \u00e9lastiques Tunturi Power Band de diff\u00e9rents niveaux de r\u00e9sistance offrent de nombreuses possibilit\u00e9s d&rsquo;entra\u00eenement gr\u00e2ce \u00e0 une grande amplitude de mouvements et une r\u00e9sistance progressive.<\/p>\n","protected":false},"featured_media":34749,"template":"","meta":[],"product_brand":[],"product_cat":[45,47],"product_tag":[],"class_list":{"0":"post-29362","1":"product","2":"type-product","3":"status-publish","4":"has-post-thumbnail","6":"product_cat-accessoires","7":"product_cat-accessoires-fitness","8":"pa_couleur-blue","9":"pa_taille-u","11":"first","12":"outofstock","13":"purchasable","14":"product-type-simple"},"_links":{"self":[{"href":"https:\/\/accrosport.tn\/index.php\/wp-json\/wp\/v2\/product\/29362","targetHints":{"allow":["GET"]}}],"collection":[{"href":"https:\/\/accrosport.tn\/index.php\/wp-json\/wp\/v2\/product"}],"about":[{"href":"https:\/\/accrosport.tn\/index.php\/wp-json\/wp\/v2\/types\/product"}],"wp:featuredmedia":[{"embeddable":true,"href":"https:\/\/accrosport.tn\/index.php\/wp-json\/wp\/v2\/media\/34749"}],"wp:attachment":[{"href":"https:\/\/accrosport.tn\/index.php\/wp-json\/wp\/v2\/media?parent=29362"}],"wp:term":[{"taxonomy":"product_brand","embeddable":true,"href":"https:\/\/accrosport.tn\/index.php\/wp-json\/wp\/v2\/product_brand?post=29362"},{"taxonomy":"product_cat","embeddable":true,"href":"https:\/\/accrosport.tn\/index.php\/wp-json\/wp\/v2\/product_cat?post=29362"},{"taxonomy":"product_tag","embeddable":true,"href":"https:\/\/accrosport.tn\/index.php\/wp-json\/wp\/v2\/product_tag?post=29362"}],"curies":[{"name":"wp","href":"https:\/\/api.w.org\/{rel}","templated":true}]}}