{"id":29361,"date":"2025-09-26T11:17:24","date_gmt":"2025-09-26T11:17:24","guid":{"rendered":"https:\/\/accrosport.tn\/index.php\/product\/tunturi-battle-rope-9-m\/"},"modified":"2025-10-29T08:13:03","modified_gmt":"2025-10-29T08:13:03","slug":"tunturi-battle-rope-9-m","status":"publish","type":"product","link":"https:\/\/accrosport.tn\/index.php\/product\/tunturi-battle-rope-9-m\/","title":{"rendered":"Cordes de combat Tunturi 9m"},"content":{"rendered":"<p>La Tunturi Battle Corde est faite d&rsquo;une bonne qualit\u00e9 et dure donc longtemps. \u0090 la fin de la corde, il y a des poign\u00e9es en caoutchouc. C&rsquo;est pourquoi la corde est tr\u00e8s maniable et ne coupe pas dans les mains en faisant du sport. De surcro\u00eet, les poign\u00e9s veillent une bonne adh\u00e9rence.<\/p>\n","protected":false},"excerpt":{"rendered":"<p>Tunturi Battle Corde est un ajout parfait \u00e0 votre entrainement. Les cordes sont souvent utilis\u00e9es pendant un entrainement circuit ou un bootcamp.<\/p>\n","protected":false},"featured_media":34700,"template":"","meta":[],"product_brand":[],"product_cat":[45,47],"product_tag":[],"class_list":{"0":"post-29361","1":"product","2":"type-product","3":"status-publish","4":"has-post-thumbnail","6":"product_cat-accessoires","7":"product_cat-accessoires-fitness","8":"pa_taille-9m","10":"first","11":"outofstock","12":"purchasable","13":"product-type-simple"},"_links":{"self":[{"href":"https:\/\/accrosport.tn\/index.php\/wp-json\/wp\/v2\/product\/29361","targetHints":{"allow":["GET"]}}],"collection":[{"href":"https:\/\/accrosport.tn\/index.php\/wp-json\/wp\/v2\/product"}],"about":[{"href":"https:\/\/accrosport.tn\/index.php\/wp-json\/wp\/v2\/types\/product"}],"wp:featuredmedia":[{"embeddable":true,"href":"https:\/\/accrosport.tn\/index.php\/wp-json\/wp\/v2\/media\/34700"}],"wp:attachment":[{"href":"https:\/\/accrosport.tn\/index.php\/wp-json\/wp\/v2\/media?parent=29361"}],"wp:term":[{"taxonomy":"product_brand","embeddable":true,"href":"https:\/\/accrosport.tn\/index.php\/wp-json\/wp\/v2\/product_brand?post=29361"},{"taxonomy":"product_cat","embeddable":true,"href":"https:\/\/accrosport.tn\/index.php\/wp-json\/wp\/v2\/product_cat?post=29361"},{"taxonomy":"product_tag","embeddable":true,"href":"https:\/\/accrosport.tn\/index.php\/wp-json\/wp\/v2\/product_tag?post=29361"}],"curies":[{"name":"wp","href":"https:\/\/api.w.org\/{rel}","templated":true}]}}