{"id":29357,"date":"2025-09-26T11:17:24","date_gmt":"2025-09-26T11:17:24","guid":{"rendered":"https:\/\/accrosport.tn\/index.php\/product\/bermuda-running-elite-iii-negr\/"},"modified":"2025-10-29T07:56:57","modified_gmt":"2025-10-29T07:56:57","slug":"bermuda-running-elite-iii-negr","status":"publish","type":"product","link":"https:\/\/accrosport.tn\/index.php\/product\/bermuda-running-elite-iii-negr\/","title":{"rendered":"SHORT RUNNING ELITE III NOIR"},"content":{"rendered":"<p>Short Joma Elite III pour homme:<\/p>\n<p>&#8211; Surfaces int\u00e9rieure et ext\u00e9rieure en cuir PU,<br \/>\n&#8211; Semelle ext\u00e9rieure flexible en \u00e9lastom\u00e8re thermoplastique,<br \/>\n&#8211; \u00c9tiquette logo Dockers et fermeture \u00e0 lacets,<br \/>\n&#8211; Semelle interm\u00e9diaire amortissante et de soutien.<\/p>\n","protected":false},"excerpt":{"rendered":"<p>Short de running pour homme. Short \u00e9lastique et ajust\u00e9 pour favoriser le confort et la libert\u00e9 de mouvement. <\/p>\n","protected":false},"featured_media":34690,"template":"","meta":[],"product_brand":[],"product_cat":[62,33],"product_tag":[],"class_list":{"0":"post-29357","1":"product","2":"type-product","3":"status-publish","4":"has-post-thumbnail","6":"product_cat-bermudas-et-shorts-homme","7":"product_cat-homme","8":"pa_couleur-negro","9":"pa_taille-l","10":"pa_taille-m","11":"pa_taille-xl","13":"first","14":"outofstock","15":"purchasable","16":"product-type-variable"},"_links":{"self":[{"href":"https:\/\/accrosport.tn\/index.php\/wp-json\/wp\/v2\/product\/29357","targetHints":{"allow":["GET"]}}],"collection":[{"href":"https:\/\/accrosport.tn\/index.php\/wp-json\/wp\/v2\/product"}],"about":[{"href":"https:\/\/accrosport.tn\/index.php\/wp-json\/wp\/v2\/types\/product"}],"wp:featuredmedia":[{"embeddable":true,"href":"https:\/\/accrosport.tn\/index.php\/wp-json\/wp\/v2\/media\/34690"}],"wp:attachment":[{"href":"https:\/\/accrosport.tn\/index.php\/wp-json\/wp\/v2\/media?parent=29357"}],"wp:term":[{"taxonomy":"product_brand","embeddable":true,"href":"https:\/\/accrosport.tn\/index.php\/wp-json\/wp\/v2\/product_brand?post=29357"},{"taxonomy":"product_cat","embeddable":true,"href":"https:\/\/accrosport.tn\/index.php\/wp-json\/wp\/v2\/product_cat?post=29357"},{"taxonomy":"product_tag","embeddable":true,"href":"https:\/\/accrosport.tn\/index.php\/wp-json\/wp\/v2\/product_tag?post=29357"}],"curies":[{"name":"wp","href":"https:\/\/api.w.org\/{rel}","templated":true}]}}