{"id":29331,"date":"2025-09-26T11:17:19","date_gmt":"2025-09-26T11:17:19","guid":{"rendered":"https:\/\/accrosport.tn\/index.php\/product\/bermuda-toledo-marino-rojo\/"},"modified":"2025-10-30T09:15:25","modified_gmt":"2025-10-30T09:15:25","slug":"bermuda-toledo-marino-rojo","status":"publish","type":"product","link":"https:\/\/accrosport.tn\/index.php\/product\/bermuda-toledo-marino-rojo\/","title":{"rendered":"Bermuda homme Toledo bleu marine rouge"},"content":{"rendered":"<p>Il dispose d&rsquo;une ceinture \u00e9lastique ajustable avec un cordon int\u00e9rieur plat pour obtenir un ajustement parfait sur le corps. \u00c9quip\u00e9 de deux poches lat\u00e9rales avec fermeture \u00e9clair. Ainsi, vous pouvez ranger en toute s\u00e9curit\u00e9 des objets personnels.<\/p>\n<p>Short fabriqu\u00e9 avec un tissu l\u00e9ger, respirant et tr\u00e8s r\u00e9sistant, ce qui prolonge sa durabilit\u00e9 et les performances du sportif.<\/p>\n<p>Design avec des pi\u00e8ces contrastantes en couleur.<\/p>\n<p>Logo Joma brod\u00e9.<\/p>\n","protected":false},"excerpt":{"rendered":"<p>Short pour homme pour l&rsquo;entra\u00eenement. Ce v\u00eatement polyvalent vous offrira les avantages de base dans vos pratiques sportives : confort, l\u00e9g\u00e8ret\u00e9 et libert\u00e9 de mouvement.<\/p>\n","protected":false},"featured_media":34766,"template":"","meta":[],"product_brand":[],"product_cat":[62,33],"product_tag":[],"class_list":{"0":"post-29331","1":"product","2":"type-product","3":"status-publish","4":"has-post-thumbnail","6":"product_cat-bermudas-et-shorts-homme","7":"product_cat-homme","8":"pa_couleur-navy-blue-red","9":"pa_taille-l","10":"pa_taille-s","11":"pa_taille-xl","13":"first","14":"outofstock","15":"purchasable","16":"product-type-variable"},"_links":{"self":[{"href":"https:\/\/accrosport.tn\/index.php\/wp-json\/wp\/v2\/product\/29331","targetHints":{"allow":["GET"]}}],"collection":[{"href":"https:\/\/accrosport.tn\/index.php\/wp-json\/wp\/v2\/product"}],"about":[{"href":"https:\/\/accrosport.tn\/index.php\/wp-json\/wp\/v2\/types\/product"}],"wp:featuredmedia":[{"embeddable":true,"href":"https:\/\/accrosport.tn\/index.php\/wp-json\/wp\/v2\/media\/34766"}],"wp:attachment":[{"href":"https:\/\/accrosport.tn\/index.php\/wp-json\/wp\/v2\/media?parent=29331"}],"wp:term":[{"taxonomy":"product_brand","embeddable":true,"href":"https:\/\/accrosport.tn\/index.php\/wp-json\/wp\/v2\/product_brand?post=29331"},{"taxonomy":"product_cat","embeddable":true,"href":"https:\/\/accrosport.tn\/index.php\/wp-json\/wp\/v2\/product_cat?post=29331"},{"taxonomy":"product_tag","embeddable":true,"href":"https:\/\/accrosport.tn\/index.php\/wp-json\/wp\/v2\/product_tag?post=29331"}],"curies":[{"name":"wp","href":"https:\/\/api.w.org\/{rel}","templated":true}]}}