{"id":29325,"date":"2025-09-26T11:17:19","date_gmt":"2025-09-26T11:17:19","guid":{"rendered":"https:\/\/accrosport.tn\/index.php\/product\/chandal-lion-ii-royal-marino\/"},"modified":"2026-04-20T09:55:17","modified_gmt":"2026-04-20T09:55:17","slug":"chandal-lion-ii-royal-marino","status":"publish","type":"product","link":"https:\/\/accrosport.tn\/index.php\/product\/chandal-lion-ii-royal-marino\/","title":{"rendered":"Surv\u00eatement homme Lion II royal bleu marine"},"content":{"rendered":"<p>Le sweat-shirt pr\u00e9sente une fermeture \u00e9clair compl\u00e8te avec une protection pour le menton, un col montant et des poignets et une taille en rib. De plus, il comprend deux poches lat\u00e9rales sans fermeture \u00e9clair pour ranger de petits objets. D&rsquo;autre part, le pantalon a une taille \u00e9lastique ajustable avec un cordon, un ourlet en rib et deux autres poches sans fermeture \u00e9clair.<\/p>\n<p>Les deux v\u00eatements sont fabriqu\u00e9s en tissu polaire int\u00e9rieur, offrant une protection thermique par temps froid. Il est \u00e9galement doux et confortable au contact direct avec la peau. Il assure une libert\u00e9 de mouvement.<\/p>\n<p>Le sweat-shirt se distingue par son imprim\u00e9 frontal, cr\u00e9ant une sensation de mouvement.<\/p>\n<p>Logo Joma brod\u00e9.<\/p>\n","protected":false},"excerpt":{"rendered":"<p>Surv\u00eatement pour homme. Il s&rsquo;agit d&rsquo;un ensemble polyvalent pour plusieurs sports, compos\u00e9 d&rsquo;un sweat-shirt \u00e0 capuche zipp\u00e9 et d&rsquo;un pantalon. Gr\u00e2ce \u00e0 sa doublure chaude, il vous gardera au chaud pendant tous vos entra\u00eenements.<\/p>\n","protected":false},"featured_media":34761,"template":"","meta":[],"product_brand":[],"product_cat":[33,64],"product_tag":[],"class_list":{"0":"post-29325","1":"product","2":"type-product","3":"status-publish","4":"has-post-thumbnail","6":"product_cat-homme","7":"product_cat-survetements-homme","8":"pa_couleur-royal-blue-navy-blue","9":"pa_taille-2xl","10":"pa_taille-l","11":"pa_taille-m","12":"pa_taille-s","13":"pa_taille-xl","15":"first","16":"outofstock","17":"purchasable","18":"product-type-variable"},"_links":{"self":[{"href":"https:\/\/accrosport.tn\/index.php\/wp-json\/wp\/v2\/product\/29325","targetHints":{"allow":["GET"]}}],"collection":[{"href":"https:\/\/accrosport.tn\/index.php\/wp-json\/wp\/v2\/product"}],"about":[{"href":"https:\/\/accrosport.tn\/index.php\/wp-json\/wp\/v2\/types\/product"}],"wp:featuredmedia":[{"embeddable":true,"href":"https:\/\/accrosport.tn\/index.php\/wp-json\/wp\/v2\/media\/34761"}],"wp:attachment":[{"href":"https:\/\/accrosport.tn\/index.php\/wp-json\/wp\/v2\/media?parent=29325"}],"wp:term":[{"taxonomy":"product_brand","embeddable":true,"href":"https:\/\/accrosport.tn\/index.php\/wp-json\/wp\/v2\/product_brand?post=29325"},{"taxonomy":"product_cat","embeddable":true,"href":"https:\/\/accrosport.tn\/index.php\/wp-json\/wp\/v2\/product_cat?post=29325"},{"taxonomy":"product_tag","embeddable":true,"href":"https:\/\/accrosport.tn\/index.php\/wp-json\/wp\/v2\/product_tag?post=29325"}],"curies":[{"name":"wp","href":"https:\/\/api.w.org\/{rel}","templated":true}]}}