{"id":29320,"date":"2025-09-26T11:17:14","date_gmt":"2025-09-26T11:17:14","guid":{"rendered":"https:\/\/accrosport.tn\/index.php\/product\/chandal-lion-ii-rojo-negro\/"},"modified":"2025-11-04T14:41:29","modified_gmt":"2025-11-04T14:41:29","slug":"chandal-lion-ii-rojo-negro","status":"publish","type":"product","link":"https:\/\/accrosport.tn\/index.php\/product\/chandal-lion-ii-rojo-negro\/","title":{"rendered":"Surv\u00eatement homme Lion II rouge et noir"},"content":{"rendered":"<p><span dir=\"auto\">Le sweat-shirt est dot\u00e9 d&rsquo;une fermeture \u00e9clair int\u00e9grale avec prot\u00e8ge-menton, d&rsquo;un col montant et de bords-c\u00f4tes aux poignets et \u00e0 la base. Il comprend \u00e9galement deux poches lat\u00e9rales ouvertes pour ranger de petits objets. Le pantalon poss\u00e8de une taille \u00e9lastiqu\u00e9e ajustable avec cordon de serrage, des bords-c\u00f4tes et deux poches ouvertes suppl\u00e9mentaires.<\/span><\/p>\n<p><span dir=\"auto\">Ces deux v\u00eatements sont doubl\u00e9s de polaire, offrant une protection thermique par basses temp\u00e9ratures. Douce et confortable au contact de la peau, elle garantit \u00e9galement une grande libert\u00e9 de mouvement.<\/span><\/p>\n<p><span dir=\"auto\">L&rsquo;imprim\u00e9 sur le devant de la veste se d\u00e9tache, cr\u00e9ant une impression de mouvement.<\/span><\/p>\n<p><span dir=\"auto\">Logo Joma brod\u00e9.<\/span><\/p>\n","protected":false},"excerpt":{"rendered":"<p>Surv\u00eatement homme. Cet ensemble multisports se compose d&rsquo;un sweat-shirt zipp\u00e9 et d&rsquo;un pantalon. Gr\u00e2ce \u00e0 sa doublure chaude, il vous gardera au chaud pendant tous vos entra\u00eenements.<\/p>\n","protected":false},"featured_media":34796,"template":"","meta":[],"product_brand":[],"product_cat":[33,64],"product_tag":[],"class_list":{"0":"post-29320","1":"product","2":"type-product","3":"status-publish","4":"has-post-thumbnail","6":"product_cat-homme","7":"product_cat-survetements-homme","8":"pa_couleur-red-black","9":"pa_taille-l","10":"pa_taille-m","11":"pa_taille-xl","12":"pa_taille-xs","14":"first","15":"outofstock","16":"purchasable","17":"product-type-variable"},"_links":{"self":[{"href":"https:\/\/accrosport.tn\/index.php\/wp-json\/wp\/v2\/product\/29320","targetHints":{"allow":["GET"]}}],"collection":[{"href":"https:\/\/accrosport.tn\/index.php\/wp-json\/wp\/v2\/product"}],"about":[{"href":"https:\/\/accrosport.tn\/index.php\/wp-json\/wp\/v2\/types\/product"}],"wp:featuredmedia":[{"embeddable":true,"href":"https:\/\/accrosport.tn\/index.php\/wp-json\/wp\/v2\/media\/34796"}],"wp:attachment":[{"href":"https:\/\/accrosport.tn\/index.php\/wp-json\/wp\/v2\/media?parent=29320"}],"wp:term":[{"taxonomy":"product_brand","embeddable":true,"href":"https:\/\/accrosport.tn\/index.php\/wp-json\/wp\/v2\/product_brand?post=29320"},{"taxonomy":"product_cat","embeddable":true,"href":"https:\/\/accrosport.tn\/index.php\/wp-json\/wp\/v2\/product_cat?post=29320"},{"taxonomy":"product_tag","embeddable":true,"href":"https:\/\/accrosport.tn\/index.php\/wp-json\/wp\/v2\/product_tag?post=29320"}],"curies":[{"name":"wp","href":"https:\/\/api.w.org\/{rel}","templated":true}]}}