{"id":29315,"date":"2025-09-26T11:17:14","date_gmt":"2025-09-26T11:17:14","guid":{"rendered":"https:\/\/accrosport.tn\/index.php\/product\/polo-manga-corta-toledo-royal\/"},"modified":"2025-10-30T11:38:54","modified_gmt":"2025-10-30T11:38:54","slug":"polo-manga-corta-toledo-royal","status":"publish","type":"product","link":"https:\/\/accrosport.tn\/index.php\/product\/polo-manga-corta-toledo-royal\/","title":{"rendered":"Polo homme \u00e0 manches courtes Toledo royal bleu marine"},"content":{"rendered":"<div class=\"collapseText\">\n<p><span dir=\"auto\">Ce mod\u00e8le est dot\u00e9 d&rsquo;un col polo en tissu de base et d&rsquo;une fermeture boutonn\u00e9e pour une ventilation optimale et un confort accru lors des mouvements. Deux petites ouvertures lat\u00e9rales \u00e0 l&rsquo;ourlet am\u00e9liorent la libert\u00e9 de mouvement.<\/span><\/p>\n<p><span dir=\"auto\">Confectionn\u00e9 dans un tissu de haute qualit\u00e9, r\u00e9sistant et \u00e9lastique, il offre une excellente adaptation \u00e0 la morphologie de l&rsquo;athl\u00e8te. De plus, il \u00e9vacue rapidement la transpiration.<\/span><\/p>\n<p><span dir=\"auto\">Con\u00e7u avec des pi\u00e8ces de couleurs contrast\u00e9es.<\/span><\/p>\n<p><span dir=\"auto\">Logo Joma brod\u00e9.<\/span><\/p>\n<\/div>\n","protected":false},"excerpt":{"rendered":"<p>Polo \u00e0 manches courtes pour homme. Ce polo classique est con\u00e7u pour un usage quotidien et pour l&rsquo;entra\u00eenement de nombreux sports. \u00c9l\u00e9gant, confortable et intemporel, il compl\u00e8te \u00e0 merveille un look sportif.<\/p>\n","protected":false},"featured_media":34791,"template":"","meta":[],"product_brand":[],"product_cat":[33,63],"product_tag":[],"class_list":{"0":"post-29315","1":"product","2":"type-product","3":"status-publish","4":"has-post-thumbnail","6":"product_cat-homme","7":"product_cat-polos-et-t-shirt-homme","8":"pa_couleur-royal-blue-navy-blue","9":"pa_taille-2xl","10":"pa_taille-m","11":"pa_taille-s","12":"pa_taille-xl","14":"first","15":"outofstock","16":"purchasable","17":"product-type-variable"},"_links":{"self":[{"href":"https:\/\/accrosport.tn\/index.php\/wp-json\/wp\/v2\/product\/29315","targetHints":{"allow":["GET"]}}],"collection":[{"href":"https:\/\/accrosport.tn\/index.php\/wp-json\/wp\/v2\/product"}],"about":[{"href":"https:\/\/accrosport.tn\/index.php\/wp-json\/wp\/v2\/types\/product"}],"wp:featuredmedia":[{"embeddable":true,"href":"https:\/\/accrosport.tn\/index.php\/wp-json\/wp\/v2\/media\/34791"}],"wp:attachment":[{"href":"https:\/\/accrosport.tn\/index.php\/wp-json\/wp\/v2\/media?parent=29315"}],"wp:term":[{"taxonomy":"product_brand","embeddable":true,"href":"https:\/\/accrosport.tn\/index.php\/wp-json\/wp\/v2\/product_brand?post=29315"},{"taxonomy":"product_cat","embeddable":true,"href":"https:\/\/accrosport.tn\/index.php\/wp-json\/wp\/v2\/product_cat?post=29315"},{"taxonomy":"product_tag","embeddable":true,"href":"https:\/\/accrosport.tn\/index.php\/wp-json\/wp\/v2\/product_tag?post=29315"}],"curies":[{"name":"wp","href":"https:\/\/api.w.org\/{rel}","templated":true}]}}