{"id":29312,"date":"2025-09-26T11:17:14","date_gmt":"2025-09-26T11:17:14","guid":{"rendered":"https:\/\/accrosport.tn\/index.php\/product\/polo-manga-corta-toledo-rojo-marino\/"},"modified":"2025-10-30T11:39:36","modified_gmt":"2025-10-30T11:39:36","slug":"polo-manga-corta-toledo-rojo-marino","status":"publish","type":"product","link":"https:\/\/accrosport.tn\/index.php\/product\/polo-manga-corta-toledo-rojo-marino\/","title":{"rendered":"Polo homme \u00e0 manches courtes Toledo bleu marine rouge"},"content":{"rendered":"<p><span dir=\"auto\">Il est dot\u00e9e d&rsquo;un col polo, confectionn\u00e9 dans un tissu de base et boutonn\u00e9 pour une meilleure a\u00e9ration et pour \u00e9viter toute sensation d&rsquo;\u00e9touffement lors de vos mouvements. Deux petites fentes lat\u00e9rales \u00e0 l&rsquo;ourlet am\u00e9liorent la libert\u00e9 de mouvement.<\/span><\/p>\n<p><span dir=\"auto\">Confectionn\u00e9 dans un tissu de haute qualit\u00e9, r\u00e9sistant et \u00e9lastique, il offre une excellente adaptabilit\u00e9 au corps de l&rsquo;athl\u00e8te et \u00e9vacue rapidement la transpiration.<\/span><\/p>\n<p><span dir=\"auto\">Un design compos\u00e9 de pi\u00e8ces aux couleurs contrast\u00e9es.<\/span><\/p>\n<p><span dir=\"auto\">Logo Joma brod\u00e9.<\/span><\/p>\n","protected":false},"excerpt":{"rendered":"<p>Polo \u00e0 manches courtes pour homme. Ce polo classique est con\u00e7u pour un usage quotidien et l&rsquo;entra\u00eenement multisports. Un v\u00eatement \u00e9l\u00e9gant, confortable et intemporel, id\u00e9al pour un look sportif.<\/p>\n","protected":false},"featured_media":34788,"template":"","meta":[],"product_brand":[],"product_cat":[33,63],"product_tag":[],"class_list":{"0":"post-29312","1":"product","2":"type-product","3":"status-publish","4":"has-post-thumbnail","6":"product_cat-homme","7":"product_cat-polos-et-t-shirt-homme","8":"pa_couleur-red-navy-blue","9":"pa_taille-m","10":"pa_taille-s","12":"first","13":"outofstock","14":"purchasable","15":"product-type-variable"},"_links":{"self":[{"href":"https:\/\/accrosport.tn\/index.php\/wp-json\/wp\/v2\/product\/29312","targetHints":{"allow":["GET"]}}],"collection":[{"href":"https:\/\/accrosport.tn\/index.php\/wp-json\/wp\/v2\/product"}],"about":[{"href":"https:\/\/accrosport.tn\/index.php\/wp-json\/wp\/v2\/types\/product"}],"wp:featuredmedia":[{"embeddable":true,"href":"https:\/\/accrosport.tn\/index.php\/wp-json\/wp\/v2\/media\/34788"}],"wp:attachment":[{"href":"https:\/\/accrosport.tn\/index.php\/wp-json\/wp\/v2\/media?parent=29312"}],"wp:term":[{"taxonomy":"product_brand","embeddable":true,"href":"https:\/\/accrosport.tn\/index.php\/wp-json\/wp\/v2\/product_brand?post=29312"},{"taxonomy":"product_cat","embeddable":true,"href":"https:\/\/accrosport.tn\/index.php\/wp-json\/wp\/v2\/product_cat?post=29312"},{"taxonomy":"product_tag","embeddable":true,"href":"https:\/\/accrosport.tn\/index.php\/wp-json\/wp\/v2\/product_tag?post=29312"}],"curies":[{"name":"wp","href":"https:\/\/api.w.org\/{rel}","templated":true}]}}