{"id":29275,"date":"2025-09-26T11:17:04","date_gmt":"2025-09-26T11:17:04","guid":{"rendered":"https:\/\/accrosport.tn\/index.php\/product\/chandal-danubio-iii-marino-royal\/"},"modified":"2025-11-29T20:49:24","modified_gmt":"2025-11-29T20:49:24","slug":"chandal-danubio-iii-marino-royal","status":"publish","type":"product","link":"https:\/\/accrosport.tn\/index.php\/product\/chandal-danubio-iii-marino-royal\/","title":{"rendered":"Surv\u00eatement homme Danube III Royal marine"},"content":{"rendered":"<p><span dir=\"auto\">Le sweat-shirt est dot\u00e9 d&rsquo;une fermeture \u00e9clair int\u00e9grale, d&rsquo;un col montant et de bords-c\u00f4tes aux poignets et \u00e0 la base. Il comprend \u00e9galement deux poches lat\u00e9rales ouvertes pour ranger de petits objets. Son design est rehauss\u00e9 de d\u00e9tails de couleur contrastante. Le pantalon poss\u00e8de une taille \u00e9lastiqu\u00e9e avec un cordon de serrage plat int\u00e9rieur et deux poches lat\u00e9rales ouvertes.<\/span><\/p>\n<p><span dir=\"auto\">Ces deux v\u00eatements sont doubl\u00e9s de polaire, offrant une isolation thermique optimale \u00e0 l&rsquo;athl\u00e8te. Douce et confortable au contact de la peau, elle garantit une grande libert\u00e9 de mouvement.<\/span><\/p>\n<p><span dir=\"auto\">Logo Joma brod\u00e9.<\/span><\/p>\n","protected":false},"excerpt":{"rendered":"<p>Surv\u00eatement homme, id\u00e9al pour l&rsquo;entra\u00eenement par temps froid gr\u00e2ce \u00e0 sa doublure chaude. Il comprend un sweat-shirt zipp\u00e9 et un pantalon. Un ensemble basique et fonctionnel pour toutes vos activit\u00e9s.<\/p>\n","protected":false},"featured_media":34826,"template":"","meta":[],"product_brand":[],"product_cat":[33,64],"product_tag":[],"class_list":{"0":"post-29275","1":"product","2":"type-product","3":"status-publish","4":"has-post-thumbnail","6":"product_cat-homme","7":"product_cat-survetements-homme","8":"pa_couleur-navy-blue-royal-blue","9":"pa_taille-2xl","10":"pa_taille-l","11":"pa_taille-m","12":"pa_taille-s","13":"pa_taille-xl","15":"first","16":"outofstock","17":"purchasable","18":"product-type-variable"},"_links":{"self":[{"href":"https:\/\/accrosport.tn\/index.php\/wp-json\/wp\/v2\/product\/29275","targetHints":{"allow":["GET"]}}],"collection":[{"href":"https:\/\/accrosport.tn\/index.php\/wp-json\/wp\/v2\/product"}],"about":[{"href":"https:\/\/accrosport.tn\/index.php\/wp-json\/wp\/v2\/types\/product"}],"wp:featuredmedia":[{"embeddable":true,"href":"https:\/\/accrosport.tn\/index.php\/wp-json\/wp\/v2\/media\/34826"}],"wp:attachment":[{"href":"https:\/\/accrosport.tn\/index.php\/wp-json\/wp\/v2\/media?parent=29275"}],"wp:term":[{"taxonomy":"product_brand","embeddable":true,"href":"https:\/\/accrosport.tn\/index.php\/wp-json\/wp\/v2\/product_brand?post=29275"},{"taxonomy":"product_cat","embeddable":true,"href":"https:\/\/accrosport.tn\/index.php\/wp-json\/wp\/v2\/product_cat?post=29275"},{"taxonomy":"product_tag","embeddable":true,"href":"https:\/\/accrosport.tn\/index.php\/wp-json\/wp\/v2\/product_tag?post=29275"}],"curies":[{"name":"wp","href":"https:\/\/api.w.org\/{rel}","templated":true}]}}