{"id":29261,"date":"2025-09-26T11:16:59","date_gmt":"2025-09-26T11:16:59","guid":{"rendered":"https:\/\/accrosport.tn\/index.php\/product\/set-danubio-iii-rojo-marino\/"},"modified":"2025-10-31T08:07:22","modified_gmt":"2025-10-31T08:07:22","slug":"set-danubio-iii-rojo-marino","status":"publish","type":"product","link":"https:\/\/accrosport.tn\/index.php\/product\/set-danubio-iii-rojo-marino\/","title":{"rendered":"Set homme Danubio III rouge bleu marine"},"content":{"rendered":"<p>Le maillot a un col en V avec un ruban \u00e9lastique int\u00e9rieur pour optimiser l&rsquo;ajustement et pr\u00e9venir les frottements \u00e9ventuels. Design avec des d\u00e9coupes contrast\u00e9es en couleur. D&rsquo;autre part, le short a une taille \u00e9lastique ajustable avec un cordon int\u00e9rieur.<\/p>\n<p>Fabriqu\u00e9 \u00e0 partir d&rsquo;un tissu l\u00e9ger et r\u00e9sistant \u00e0 la traction, ce qui prolonge sa durabilit\u00e9. De plus, il est respirant et contribue \u00e0 la r\u00e9gulation de la transpiration.<\/p>\n<p>Logo Joma en impression.<\/p>\n","protected":false},"excerpt":{"rendered":"<p>Ensemble sportif pour homme. Mod\u00e8le d&rsquo;entra\u00eenement et de jeu pour le football. Cet ensemble est compos\u00e9 d&rsquo;un maillot \u00e0 manches courtes et d&rsquo;un short. Il est l\u00e9ger, confortable, respirant et offre une excellente libert\u00e9 de mouvement.<\/p>\n","protected":false},"featured_media":34849,"template":"","meta":[],"product_brand":[],"product_cat":[33,64],"product_tag":[],"class_list":{"0":"post-29261","1":"product","2":"type-product","3":"status-publish","4":"has-post-thumbnail","6":"product_cat-homme","7":"product_cat-survetements-homme","8":"pa_couleur-red-navy-blue","9":"pa_taille-l","10":"pa_taille-m","11":"pa_taille-xl","13":"first","14":"outofstock","15":"purchasable","16":"product-type-variable"},"_links":{"self":[{"href":"https:\/\/accrosport.tn\/index.php\/wp-json\/wp\/v2\/product\/29261","targetHints":{"allow":["GET"]}}],"collection":[{"href":"https:\/\/accrosport.tn\/index.php\/wp-json\/wp\/v2\/product"}],"about":[{"href":"https:\/\/accrosport.tn\/index.php\/wp-json\/wp\/v2\/types\/product"}],"wp:featuredmedia":[{"embeddable":true,"href":"https:\/\/accrosport.tn\/index.php\/wp-json\/wp\/v2\/media\/34849"}],"wp:attachment":[{"href":"https:\/\/accrosport.tn\/index.php\/wp-json\/wp\/v2\/media?parent=29261"}],"wp:term":[{"taxonomy":"product_brand","embeddable":true,"href":"https:\/\/accrosport.tn\/index.php\/wp-json\/wp\/v2\/product_brand?post=29261"},{"taxonomy":"product_cat","embeddable":true,"href":"https:\/\/accrosport.tn\/index.php\/wp-json\/wp\/v2\/product_cat?post=29261"},{"taxonomy":"product_tag","embeddable":true,"href":"https:\/\/accrosport.tn\/index.php\/wp-json\/wp\/v2\/product_tag?post=29261"}],"curies":[{"name":"wp","href":"https:\/\/api.w.org\/{rel}","templated":true}]}}