{"id":29247,"date":"2025-09-26T11:16:59","date_gmt":"2025-09-26T11:16:59","guid":{"rendered":"https:\/\/accrosport.tn\/index.php\/product\/chandal-toledo-negro\/"},"modified":"2026-03-05T10:40:14","modified_gmt":"2026-03-05T10:40:14","slug":"chandal-toledo-negro","status":"publish","type":"product","link":"https:\/\/accrosport.tn\/index.php\/product\/chandal-toledo-negro\/","title":{"rendered":"Surv\u00eatement homme TOLEDO noir"},"content":{"rendered":"<p>Surv\u00eatement pour homme. Ensemble polyvalent et fonctionnel d&rsquo;entra\u00eenement, tr\u00e8s confortable, qui assure la libert\u00e9 de mouvement lors de son utilisation. Ce basique est parfait pour toute activit\u00e9 physique.<\/p>\n<p>Le sweat-shirt \u00e0 capuche est dot\u00e9 d&rsquo;une fermeture \u00e9clair compl\u00e8te et d&rsquo;un prot\u00e8ge-menton. Il est ajust\u00e9 aux poignets et \u00e0 la taille gr\u00e2ce \u00e0 des pi\u00e8ces \u00e9lastiques, \u00e9galement pr\u00e9sentes au niveau du col. De plus, il poss\u00e8de deux poches avant avec fermeture \u00e9clair pour ranger de petits objets personnels en toute s\u00e9curit\u00e9. D&rsquo;autre part, le pantalon a une taille \u00e9lastique avec cordon int\u00e9rieur et des fermetures \u00e9clair en bas pour l&rsquo;enfiler et le retirer facilement. \u00c9quip\u00e9s de deux autres poches.<\/p>\n<p>Les deux v\u00eatements ont \u00e9t\u00e9 fabriqu\u00e9s dans un tissu confortable, respirant et r\u00e9sistant.<\/p>\n<p>Design avec des pi\u00e8ces contrastantes en couleur.<\/p>\n<p>Logo Joma brod\u00e9.<\/p>\n<ul class=\"featuresul\">\n<li style=\"list-style-type: none;\">\n<ul class=\"featuresul\">\n<li>Veste avec poches<\/li>\n<li>Pantalon avec poches<\/li>\n<li>Tissu confortable<\/li>\n<li>Bas zipp\u00e9<\/li>\n<li>Libert\u00e9 de mouvement<\/li>\n<li>Type de coupe : r\u00e9guli\u00e8re<\/li>\n<\/ul>\n<\/li>\n<\/ul>\n<ul class=\"featuresul\">\n<li>\u00a0 \u00a0 100% Polyester<\/li>\n<\/ul>\n","protected":false},"excerpt":{"rendered":"<p>Surv\u00eatement pour homme. Ensemble polyvalent et fonctionnel d&rsquo;entra\u00eenement, tr\u00e8s confortable, qui assure la libert\u00e9 de mouvement lors de son utilisation. Ce basique est parfait pour toute activit\u00e9 physique.<\/p>\n","protected":false},"featured_media":36911,"template":"","meta":[],"product_brand":[425],"product_cat":[33,64],"product_tag":[],"class_list":{"0":"post-29247","1":"product","2":"type-product","3":"status-publish","4":"has-post-thumbnail","6":"product_brand-accro","7":"product_cat-homme","8":"product_cat-survetements-homme","9":"pa_couleur-noir","10":"pa_taille-s","12":"first","13":"instock","14":"purchasable","15":"product-type-simple"},"_links":{"self":[{"href":"https:\/\/accrosport.tn\/index.php\/wp-json\/wp\/v2\/product\/29247","targetHints":{"allow":["GET"]}}],"collection":[{"href":"https:\/\/accrosport.tn\/index.php\/wp-json\/wp\/v2\/product"}],"about":[{"href":"https:\/\/accrosport.tn\/index.php\/wp-json\/wp\/v2\/types\/product"}],"wp:featuredmedia":[{"embeddable":true,"href":"https:\/\/accrosport.tn\/index.php\/wp-json\/wp\/v2\/media\/36911"}],"wp:attachment":[{"href":"https:\/\/accrosport.tn\/index.php\/wp-json\/wp\/v2\/media?parent=29247"}],"wp:term":[{"taxonomy":"product_brand","embeddable":true,"href":"https:\/\/accrosport.tn\/index.php\/wp-json\/wp\/v2\/product_brand?post=29247"},{"taxonomy":"product_cat","embeddable":true,"href":"https:\/\/accrosport.tn\/index.php\/wp-json\/wp\/v2\/product_cat?post=29247"},{"taxonomy":"product_tag","embeddable":true,"href":"https:\/\/accrosport.tn\/index.php\/wp-json\/wp\/v2\/product_tag?post=29247"}],"curies":[{"name":"wp","href":"https:\/\/api.w.org\/{rel}","templated":true}]}}