{"id":29230,"date":"2025-09-26T11:16:51","date_gmt":"2025-09-26T11:16:51","guid":{"rendered":"https:\/\/accrosport.tn\/index.php\/product\/camiseta-manga-corta-challenge-blue\/"},"modified":"2025-11-07T23:48:34","modified_gmt":"2025-11-07T23:48:34","slug":"camiseta-manga-corta-challenge-blue","status":"publish","type":"product","link":"https:\/\/accrosport.tn\/index.php\/product\/camiseta-manga-corta-challenge-blue\/","title":{"rendered":"T-shirt manches courtes homme Challenge bleu"},"content":{"rendered":"<div class=\"collapseText\">\n<p>T-shirt \u00e0 manches courtes pour homme. Con\u00e7ue pour jouer \u00e0 des sports de raquette, comme le tennis, avec un tissu piqu\u00e9 spectaculaire, qui apporte douceur, confort et respirabilit\u00e9. Elle offrira uniquement de hautes performances.<\/p>\n<p>Elle int\u00e8gre un col rond fabriqu\u00e9 dans un tissu de base. Le principal avantage de ce t-shirt est le tissu avec une protection solaire UV +50 pour les couleurs sombres et +30 pour les couleurs claires. Niveau adapt\u00e9 \u00e0 la quantit\u00e9 de chaleur absorb\u00e9e par le v\u00eatement, ce qui en fait le choix parfait pour jouer au tennis en \u00e9t\u00e9 et par temps ensoleill\u00e9.<\/p>\n<p>Coupe construite en tissu piqu\u00e9, qui donne une touche tr\u00e8s \u00e9l\u00e9gante au v\u00eatement. Le point \u00e9lastique permet une adaptation au corps du joueur de tennis et sa libert\u00e9 de mouvement. Un sublim\u00e9 a \u00e9t\u00e9 ajout\u00e9 pour simuler des figures en mouvement afin de donner dynamisme et modernit\u00e9 au t-shirt.<\/p>\n<p>Logo Joma en impression.<\/p>\n<\/div>\n","protected":false},"excerpt":{"rendered":"<p>T-shirt \u00e0 manches courtes pour homme parfait pour jouer \u00e0 des sports de raquette, comme le tennis, par temps ensoleill\u00e9. Son tissu se distingue par son fini protecteur contre les rayons UV +50 dans les tons fonc\u00e9s et +30 dans les tons clairs. L&rsquo;\u00e9lasticit\u00e9 du t-shirt offre une libert\u00e9 de mouvement et une grande adaptabilit\u00e9 au corps. La douceur et la respirabilit\u00e9 caract\u00e9risent ce v\u00eatement.<\/p>\n","protected":false},"featured_media":34867,"template":"","meta":[],"product_brand":[],"product_cat":[33,63],"product_tag":[],"class_list":{"0":"post-29230","1":"product","2":"type-product","3":"status-publish","4":"has-post-thumbnail","6":"product_cat-homme","7":"product_cat-polos-et-t-shirt-homme","8":"pa_couleur-blue","9":"pa_taille-l","10":"pa_taille-m","11":"pa_taille-s","12":"pa_taille-xl","14":"first","15":"outofstock","16":"purchasable","17":"product-type-variable"},"_links":{"self":[{"href":"https:\/\/accrosport.tn\/index.php\/wp-json\/wp\/v2\/product\/29230","targetHints":{"allow":["GET"]}}],"collection":[{"href":"https:\/\/accrosport.tn\/index.php\/wp-json\/wp\/v2\/product"}],"about":[{"href":"https:\/\/accrosport.tn\/index.php\/wp-json\/wp\/v2\/types\/product"}],"wp:featuredmedia":[{"embeddable":true,"href":"https:\/\/accrosport.tn\/index.php\/wp-json\/wp\/v2\/media\/34867"}],"wp:attachment":[{"href":"https:\/\/accrosport.tn\/index.php\/wp-json\/wp\/v2\/media?parent=29230"}],"wp:term":[{"taxonomy":"product_brand","embeddable":true,"href":"https:\/\/accrosport.tn\/index.php\/wp-json\/wp\/v2\/product_brand?post=29230"},{"taxonomy":"product_cat","embeddable":true,"href":"https:\/\/accrosport.tn\/index.php\/wp-json\/wp\/v2\/product_cat?post=29230"},{"taxonomy":"product_tag","embeddable":true,"href":"https:\/\/accrosport.tn\/index.php\/wp-json\/wp\/v2\/product_tag?post=29230"}],"curies":[{"name":"wp","href":"https:\/\/api.w.org\/{rel}","templated":true}]}}