{"id":29224,"date":"2025-09-26T11:16:51","date_gmt":"2025-09-26T11:16:51","guid":{"rendered":"https:\/\/accrosport.tn\/index.php\/product\/camiseta-manga-corta-court-neg-black-green\/"},"modified":"2025-10-31T08:40:30","modified_gmt":"2025-10-31T08:40:30","slug":"camiseta-manga-corta-court-neg-black-green","status":"publish","type":"product","link":"https:\/\/accrosport.tn\/index.php\/product\/camiseta-manga-corta-court-neg-black-green\/","title":{"rendered":"T-shirt \u00e0 manches courtes noir vert"},"content":{"rendered":"<p>Ce t-shirt est sp\u00e9cialement con\u00e7u pour les athl\u00e8tes et les passionn\u00e9s de pagaie qui recherchent l&rsquo;excellence dans leurs performances, mais aussi un style unique pour leur \u00e9quipement. Id\u00e9al pour ceux qui privil\u00e9gient le confort et la technologie de pointe.<\/p>\n<ul>\n<li><span dir=\"auto\">Un design bicolore \u00e9l\u00e9gant et moderne qui associe le noir \u00e0 des d\u00e9tails vert vif, parfait pour se d\u00e9marquer.<\/span><\/li>\n<li><span dir=\"auto\">Technologie avanc\u00e9e de gestion de l&rsquo;humidit\u00e9 assurant une \u00e9vaporation rapide de la transpiration et vous gardant au sec.<\/span><\/li>\n<li><span dir=\"auto\">Libert\u00e9 de mouvement absolue gr\u00e2ce \u00e0 sa conception ergonomique et \u00e0 ses tissus \u00e9lastiques, essentielle pour ex\u00e9cuter chaque tir.<\/span><\/li>\n<li><span dir=\"auto\">Des coutures plates et lisses pour minimiser les risques d&rsquo;irritations et de frottements, pour une exp\u00e9rience plus confortable.<\/span><\/li>\n<li><span dir=\"auto\">Une polyvalence in\u00e9gal\u00e9e, optimis\u00e9e pour le paddle et le tennis, mais id\u00e9ale pour toute activit\u00e9 sportive.<\/span><\/li>\n<\/ul>\n","protected":false},"excerpt":{"rendered":"<p>T-shirt Joma Court, une fusion parfaite de style et de fonctionnalit\u00e9 en noir et vert. Con\u00e7u pour une performance et un confort optimaux sur le paddle.<\/p>\n","protected":false},"featured_media":34854,"template":"","meta":[],"product_brand":[],"product_cat":[33,63],"product_tag":[],"class_list":{"0":"post-29224","1":"product","2":"type-product","3":"status-publish","4":"has-post-thumbnail","6":"product_cat-homme","7":"product_cat-polos-et-t-shirt-homme","8":"pa_couleur-black-green","9":"pa_taille-l","10":"pa_taille-m","11":"pa_taille-s","13":"first","14":"outofstock","15":"purchasable","16":"product-type-variable"},"_links":{"self":[{"href":"https:\/\/accrosport.tn\/index.php\/wp-json\/wp\/v2\/product\/29224","targetHints":{"allow":["GET"]}}],"collection":[{"href":"https:\/\/accrosport.tn\/index.php\/wp-json\/wp\/v2\/product"}],"about":[{"href":"https:\/\/accrosport.tn\/index.php\/wp-json\/wp\/v2\/types\/product"}],"wp:featuredmedia":[{"embeddable":true,"href":"https:\/\/accrosport.tn\/index.php\/wp-json\/wp\/v2\/media\/34854"}],"wp:attachment":[{"href":"https:\/\/accrosport.tn\/index.php\/wp-json\/wp\/v2\/media?parent=29224"}],"wp:term":[{"taxonomy":"product_brand","embeddable":true,"href":"https:\/\/accrosport.tn\/index.php\/wp-json\/wp\/v2\/product_brand?post=29224"},{"taxonomy":"product_cat","embeddable":true,"href":"https:\/\/accrosport.tn\/index.php\/wp-json\/wp\/v2\/product_cat?post=29224"},{"taxonomy":"product_tag","embeddable":true,"href":"https:\/\/accrosport.tn\/index.php\/wp-json\/wp\/v2\/product_tag?post=29224"}],"curies":[{"name":"wp","href":"https:\/\/api.w.org\/{rel}","templated":true}]}}