{"id":29221,"date":"2025-09-26T11:16:45","date_gmt":"2025-09-26T11:16:45","guid":{"rendered":"https:\/\/accrosport.tn\/index.php\/product\/camiseta-manga-corta-smash-blanco\/"},"modified":"2025-12-04T09:09:36","modified_gmt":"2025-12-04T09:09:36","slug":"camiseta-manga-corta-smash-blanco","status":"publish","type":"product","link":"https:\/\/accrosport.tn\/index.php\/product\/camiseta-manga-corta-smash-blanco\/","title":{"rendered":"CAMISETA MANGA CORTA SMASH BLANCO"},"content":{"rendered":"<p>T-shirt \u00e0 manches courtes pour homme. Optimisez vos entra\u00eenements et vos matchs gr\u00e2ce \u00e0 ce t-shirt ultra-l\u00e9ger et respirant. Si vous pratiquez un sport de raquette, n&rsquo;h\u00e9sitez pas \u00e0 le porter pour le padel.<\/p>\n<p>Ce v\u00eatement pr\u00e9sente une encolure ronde en tissu \u00e9lastiqu\u00e9 avec une bordure int\u00e9rieure pour minimiser les frottements. Les coutures des \u00e9paules, des manches et de l&rsquo;ourlet sont thermosoud\u00e9es, ce qui le rend l\u00e9ger et pr\u00e9vient les irritations dues aux frottements. Des coutures plates sont \u00e9galement utilis\u00e9es au dos.<\/p>\n<p>Confectionn\u00e9 dans un tissu l\u00e9ger, r\u00e9sistant et respirant, ce maillot de bain est dot\u00e9 de perforations VTS au dos qui optimisent l&rsquo;\u00e9vacuation de la transpiration l\u00e0 o\u00f9 elle s&rsquo;accumule le plus, gr\u00e2ce \u00e0 une technique de d\u00e9coupe laser. Ses fibres \u00e9lastiques garantissent quant \u00e0 elles un ajustement parfait et une totale libert\u00e9 de mouvement.<\/p>\n<p>Ce t-shirt arbore un imprim\u00e9 par sublimation multicolore saisissant sur les \u00e9paules et le haut du dos. Juste en dessous, un motif r\u00e9fl\u00e9chissant am\u00e9liore la visibilit\u00e9 du joueur. Le logo Joma est r\u00e9alis\u00e9 en silicone thermoscell\u00e9 gr\u00e2ce \u00e0 la technologie JOMA SPORTECH, pour un confort optimal et une l\u00e9g\u00e8ret\u00e9 accrue.<\/p>\n<p><strong>Caract\u00e9ristiques<\/strong><\/p>\n<p>Tissu l\u00e9ger, respirant et durable<br \/>\nCoutures plates<br \/>\nLibert\u00e9 de mouvement<br \/>\n93 % polyester, 7 % \u00e9lasthanne<\/p>\n","protected":false},"excerpt":{"rendered":"<p>T-shirt \u00e0 manches courtes pour homme. Optimisez vos entra\u00eenements et vos matchs gr\u00e2ce \u00e0 ce t-shirt ultra-l\u00e9ger et respirant. Si vous pratiquez un sport de raquette, n&rsquo;h\u00e9sitez pas \u00e0 le porter pour le padel.<\/p>\n","protected":false},"featured_media":36532,"template":"","meta":[],"product_brand":[],"product_cat":[33,63],"product_tag":[],"class_list":{"0":"post-29221","1":"product","2":"type-product","3":"status-publish","4":"has-post-thumbnail","6":"product_cat-homme","7":"product_cat-polos-et-t-shirt-homme","8":"pa_couleur-white","9":"pa_taille-m","10":"pa_taille-s","12":"first","13":"outofstock","14":"purchasable","15":"product-type-variable"},"_links":{"self":[{"href":"https:\/\/accrosport.tn\/index.php\/wp-json\/wp\/v2\/product\/29221","targetHints":{"allow":["GET"]}}],"collection":[{"href":"https:\/\/accrosport.tn\/index.php\/wp-json\/wp\/v2\/product"}],"about":[{"href":"https:\/\/accrosport.tn\/index.php\/wp-json\/wp\/v2\/types\/product"}],"wp:featuredmedia":[{"embeddable":true,"href":"https:\/\/accrosport.tn\/index.php\/wp-json\/wp\/v2\/media\/36532"}],"wp:attachment":[{"href":"https:\/\/accrosport.tn\/index.php\/wp-json\/wp\/v2\/media?parent=29221"}],"wp:term":[{"taxonomy":"product_brand","embeddable":true,"href":"https:\/\/accrosport.tn\/index.php\/wp-json\/wp\/v2\/product_brand?post=29221"},{"taxonomy":"product_cat","embeddable":true,"href":"https:\/\/accrosport.tn\/index.php\/wp-json\/wp\/v2\/product_cat?post=29221"},{"taxonomy":"product_tag","embeddable":true,"href":"https:\/\/accrosport.tn\/index.php\/wp-json\/wp\/v2\/product_tag?post=29221"}],"curies":[{"name":"wp","href":"https:\/\/api.w.org\/{rel}","templated":true}]}}