{"id":29211,"date":"2025-09-26T11:16:45","date_gmt":"2025-09-26T11:16:45","guid":{"rendered":"https:\/\/accrosport.tn\/index.php\/product\/sudadera-con-capucha-university-gris-melange\/"},"modified":"2025-12-20T12:45:33","modified_gmt":"2025-12-20T12:45:33","slug":"sudadera-con-capucha-university-gris-melange","status":"publish","type":"product","link":"https:\/\/accrosport.tn\/index.php\/product\/sudadera-con-capucha-university-gris-melange\/","title":{"rendered":"Sweat \u00e0 capuche universitaire pour homme en gris chin\u00e9"},"content":{"rendered":"<p><span dir=\"auto\">Ce sweat-shirt est compos\u00e9 en partie de coton, un tissu doux, confortable et tr\u00e8s r\u00e9sistant qui r\u00e9siste aux lavages. Son int\u00e9rieur est en polaire chaude pour maintenir une temp\u00e9rature corporelle constante pendant les mois les plus froids. Ourlet et poignets c\u00f4tel\u00e9s pour un confort optimal.<\/span><\/p>\n<p><span dir=\"auto\">Logo Joma imprim\u00e9 sur le devant.<\/span><\/p>\n","protected":false},"excerpt":{"rendered":"<p style=\"text-align: left;\">Sweat-shirt oversize pour homme. Ce sweat d&rsquo;inspiration urbaine est id\u00e9al pour un look plus sportif. Il est dot\u00e9 d&rsquo;une capuche ajustable par cordon et d&rsquo;une bande de protection int\u00e9rieure limitant les frottements au niveau du cou pour plus de confort.<\/p>\n","protected":false},"featured_media":29742,"template":"","meta":[],"product_brand":[],"product_cat":[33,158,63],"product_tag":[],"class_list":{"0":"post-29211","1":"product","2":"type-product","3":"status-publish","4":"has-post-thumbnail","6":"product_cat-homme","7":"product_cat-nouvelle-collection","8":"product_cat-polos-et-t-shirt-homme","9":"pa_couleur-melange-gray","10":"pa_taille-l","11":"pa_taille-m","12":"pa_taille-s","13":"pa_taille-xl","15":"first","16":"outofstock","17":"purchasable","18":"product-type-variable"},"_links":{"self":[{"href":"https:\/\/accrosport.tn\/index.php\/wp-json\/wp\/v2\/product\/29211","targetHints":{"allow":["GET"]}}],"collection":[{"href":"https:\/\/accrosport.tn\/index.php\/wp-json\/wp\/v2\/product"}],"about":[{"href":"https:\/\/accrosport.tn\/index.php\/wp-json\/wp\/v2\/types\/product"}],"wp:featuredmedia":[{"embeddable":true,"href":"https:\/\/accrosport.tn\/index.php\/wp-json\/wp\/v2\/media\/29742"}],"wp:attachment":[{"href":"https:\/\/accrosport.tn\/index.php\/wp-json\/wp\/v2\/media?parent=29211"}],"wp:term":[{"taxonomy":"product_brand","embeddable":true,"href":"https:\/\/accrosport.tn\/index.php\/wp-json\/wp\/v2\/product_brand?post=29211"},{"taxonomy":"product_cat","embeddable":true,"href":"https:\/\/accrosport.tn\/index.php\/wp-json\/wp\/v2\/product_cat?post=29211"},{"taxonomy":"product_tag","embeddable":true,"href":"https:\/\/accrosport.tn\/index.php\/wp-json\/wp\/v2\/product_tag?post=29211"}],"curies":[{"name":"wp","href":"https:\/\/api.w.org\/{rel}","templated":true}]}}