{"id":29207,"date":"2025-09-26T11:16:45","date_gmt":"2025-09-26T11:16:45","guid":{"rendered":"https:\/\/accrosport.tn\/index.php\/product\/sudadera-con-capucha-university-negro\/"},"modified":"2026-03-11T12:46:38","modified_gmt":"2026-03-11T12:46:38","slug":"sudadera-con-capucha-university-negro","status":"publish","type":"product","link":"https:\/\/accrosport.tn\/index.php\/product\/sudadera-con-capucha-university-negro\/","title":{"rendered":"SWEAT \u00c0 CAPUCHE UNIVERSITAIRE NOIR"},"content":{"rendered":"<p><span dir=\"auto\">Ce sweat-shirt est confectionn\u00e9 en partie en coton, une mati\u00e8re douce, confortable et tr\u00e8s r\u00e9sistante qui supportera de nombreux lavages. \u00c0 l&rsquo;int\u00e9rieur, il est doubl\u00e9 d&rsquo;une polaire chaude pour maintenir une temp\u00e9rature corporelle constante pendant les mois les plus froids.<\/span><\/p>\n<p><span dir=\"auto\">Logo Joma imprim\u00e9 sur le devant.<\/span><\/p>\n","protected":false},"excerpt":{"rendered":"<p>Sweat-shirt oversize pour homme. Ce sweat-shirt au style urbain est id\u00e9al pour un look plus sportif. Il est dot\u00e9 d&rsquo;une capuche ajustable par cordon et d&rsquo;une bande de propret\u00e9 \u00e0 l&rsquo;encolure pour un confort optimal et une protection contre les frottements. Les poignets et la base c\u00f4tel\u00e9s assurent une coupe ajust\u00e9e.<\/p>\n","protected":false},"featured_media":34887,"template":"","meta":[],"product_brand":[],"product_cat":[33,64],"product_tag":[],"class_list":{"0":"post-29207","1":"product","2":"type-product","3":"status-publish","4":"has-post-thumbnail","6":"product_cat-homme","7":"product_cat-survetements-homme","8":"pa_couleur-noir","9":"pa_taille-l","10":"pa_taille-m","11":"pa_taille-s","13":"first","14":"outofstock","15":"purchasable","16":"product-type-variable"},"_links":{"self":[{"href":"https:\/\/accrosport.tn\/index.php\/wp-json\/wp\/v2\/product\/29207","targetHints":{"allow":["GET"]}}],"collection":[{"href":"https:\/\/accrosport.tn\/index.php\/wp-json\/wp\/v2\/product"}],"about":[{"href":"https:\/\/accrosport.tn\/index.php\/wp-json\/wp\/v2\/types\/product"}],"wp:featuredmedia":[{"embeddable":true,"href":"https:\/\/accrosport.tn\/index.php\/wp-json\/wp\/v2\/media\/34887"}],"wp:attachment":[{"href":"https:\/\/accrosport.tn\/index.php\/wp-json\/wp\/v2\/media?parent=29207"}],"wp:term":[{"taxonomy":"product_brand","embeddable":true,"href":"https:\/\/accrosport.tn\/index.php\/wp-json\/wp\/v2\/product_brand?post=29207"},{"taxonomy":"product_cat","embeddable":true,"href":"https:\/\/accrosport.tn\/index.php\/wp-json\/wp\/v2\/product_cat?post=29207"},{"taxonomy":"product_tag","embeddable":true,"href":"https:\/\/accrosport.tn\/index.php\/wp-json\/wp\/v2\/product_tag?post=29207"}],"curies":[{"name":"wp","href":"https:\/\/api.w.org\/{rel}","templated":true}]}}