{"id":29204,"date":"2025-09-26T11:16:45","date_gmt":"2025-09-26T11:16:45","guid":{"rendered":"https:\/\/accrosport.tn\/index.php\/product\/camiseta-manga-corta-tiger-v-c\/"},"modified":"2025-10-31T13:36:42","modified_gmt":"2025-10-31T13:36:42","slug":"camiseta-manga-corta-tiger-v-c","status":"publish","type":"product","link":"https:\/\/accrosport.tn\/index.php\/product\/camiseta-manga-corta-tiger-v-c\/","title":{"rendered":"T-shirt manches courtes homme Tiger V bleu ciel noir"},"content":{"rendered":"<p>T-shirt \u00e0 manches courtes pour homme\/gar\u00e7on. Il est con\u00e7u pour les entra\u00eenements et les matchs de football ou de football en salle. Confortable, l\u00e9ger et avec une excellente capacit\u00e9 \u00e0 \u00e9vacuer la transpiration. Toujours en pensant que le footballeur jouera ses matchs en profitant d&rsquo;un maximum de confort et de libert\u00e9 de mouvement.<\/p>\n<p>Ce t-shirt se caract\u00e9rise par ses manches raglan et son col en V \u00e9lastique, deux formes con\u00e7ues pour maximiser la libert\u00e9 de mouvement. Ce type de manche plus flexible permet d&rsquo;encha\u00eener les mouvements confortablement.<\/p>\n<p>Il est confectionn\u00e9 avec un tissu l\u00e9ger et respirant qui emp\u00eache l&rsquo;apparition de mauvaises odeurs. De plus, il comprend la technologie Micro-Mesh System dans la partie des aisselles et des c\u00f4t\u00e9s, zones de plus grande accumulation de transpiration. Le but est d&rsquo;augmenter la respirabilit\u00e9 et de maintenir le confort.<\/p>\n<p>Son visuel se distingue par son imprim\u00e9 sublim\u00e9 sur tout le devant. Ces \u00e9l\u00e9ments g\u00e9om\u00e9triques donnent naissance \u00e0 un nouvel effet d&rsquo;optique et apportent une touche moderne au t-shirt.<\/p>\n<p>Logo Joma s\u00e9rigraphi\u00e9.<\/p>\n","protected":false},"excerpt":{"rendered":"<p>T-shirt \u00e0 manches courtes pour homme, adapt\u00e9 \u00e0 un usage sportif. Ce T-shirt est l\u00e9ger, respirant et confortable. Les manches raglan optimisent la libert\u00e9 de mouvement de l&rsquo;athl\u00e8te.<\/p>\n","protected":false},"featured_media":34882,"template":"","meta":[],"product_brand":[],"product_cat":[33,63],"product_tag":[],"class_list":{"0":"post-29204","1":"product","2":"type-product","3":"status-publish","4":"has-post-thumbnail","6":"product_cat-homme","7":"product_cat-polos-et-t-shirt-homme","8":"pa_couleur-sky-blue-black","9":"pa_taille-l","10":"pa_taille-xl","12":"first","13":"outofstock","14":"purchasable","15":"product-type-variable"},"_links":{"self":[{"href":"https:\/\/accrosport.tn\/index.php\/wp-json\/wp\/v2\/product\/29204","targetHints":{"allow":["GET"]}}],"collection":[{"href":"https:\/\/accrosport.tn\/index.php\/wp-json\/wp\/v2\/product"}],"about":[{"href":"https:\/\/accrosport.tn\/index.php\/wp-json\/wp\/v2\/types\/product"}],"wp:featuredmedia":[{"embeddable":true,"href":"https:\/\/accrosport.tn\/index.php\/wp-json\/wp\/v2\/media\/34882"}],"wp:attachment":[{"href":"https:\/\/accrosport.tn\/index.php\/wp-json\/wp\/v2\/media?parent=29204"}],"wp:term":[{"taxonomy":"product_brand","embeddable":true,"href":"https:\/\/accrosport.tn\/index.php\/wp-json\/wp\/v2\/product_brand?post=29204"},{"taxonomy":"product_cat","embeddable":true,"href":"https:\/\/accrosport.tn\/index.php\/wp-json\/wp\/v2\/product_cat?post=29204"},{"taxonomy":"product_tag","embeddable":true,"href":"https:\/\/accrosport.tn\/index.php\/wp-json\/wp\/v2\/product_tag?post=29204"}],"curies":[{"name":"wp","href":"https:\/\/api.w.org\/{rel}","templated":true}]}}