{"id":29186,"date":"2025-09-26T11:16:40","date_gmt":"2025-09-26T11:16:40","guid":{"rendered":"https:\/\/accrosport.tn\/index.php\/product\/polo-manga-corta-montreal-rojo\/"},"modified":"2025-09-26T16:01:34","modified_gmt":"2025-09-26T16:01:34","slug":"polo-manga-corta-montreal-rojo","status":"publish","type":"product","link":"https:\/\/accrosport.tn\/index.php\/product\/polo-manga-corta-montreal-rojo\/","title":{"rendered":"Polo manches courtes homme Montreal rouge"},"content":{"rendered":"<p>Polo \u00e0 manches courtes pour homme\/gar\u00e7on. Ce polo technique de tennis et de padel est particuli\u00e8rement confortable pour les sports de raquette. Avec un style \u00e9l\u00e9gant et moderne, il offre une excellente l\u00e9g\u00e8ret\u00e9, respirabilit\u00e9 et libert\u00e9 de mouvement. Avec lui, impossible de perdre le match.<\/p>\n<p>Il pr\u00e9sente un col polo classique, confectionn\u00e9 en bord-c\u00f4te pour un ajustement plus confortable. L&rsquo;ouverture comprend deux boutons personnalis\u00e9s cach\u00e9s par une pi\u00e8ce esth\u00e9tique. Gr\u00e2ce \u00e0 cette ouverture, les contraintes sont \u00e9vit\u00e9es et le mouvement optimis\u00e9.<\/p>\n<p>Ce polo de tennis et de padel est confectionn\u00e9 en tissu l\u00e9ger, r\u00e9sistant et respirant. Au niveau des aisselles, zones de plus grande transpiration, il comprend des pi\u00e8ces fabriqu\u00e9es avec la technologie Micro-Mesh System, qui \u00e9vacue la transpiration et garde la peau fra\u00eeche \u00e0 tout instant. Ainsi, il n&rsquo;y aura pas d&rsquo;inconfort et le refroidissement post-exercice sera \u00e9vit\u00e9. Il pr\u00e9vient \u00e9galement l&rsquo;apparition de champignons responsables de la mauvaise odeur.<\/p>\n<p>Le visuel est compl\u00e9t\u00e9 par des pi\u00e8ces contrast\u00e9es, dans lesquelles la finition en relief de la zone de la poitrine est soulign\u00e9e. En cons\u00e9quence, de petites ondes se d\u00e9marquent sur le tissu de base gr\u00e2ce \u00e0 l&rsquo;application de la technique embossed.<\/p>\n<p>Le logo Joma appara\u00eet brod\u00e9 pour lui donner une touche \u00e9l\u00e9gante.<\/p>\n","protected":false},"excerpt":{"rendered":"<p>Polo \u00e0 manches courtes pour homme. Convient pour jouer au tennis ou au padel. Ce polo confortable et respirant est dot\u00e9 de maille sous les bras pour faciliter l&rsquo;\u00e9vacuation de la transpiration. Le col boutonn\u00e9 ne serre pas afin que le joueur de tennis puisse se d\u00e9placer librement.<\/p>\n","protected":false},"featured_media":29745,"template":"","meta":[],"product_brand":[],"product_cat":[33,63],"product_tag":[],"class_list":{"0":"post-29186","1":"product","2":"type-product","3":"status-publish","4":"has-post-thumbnail","6":"product_cat-homme","7":"product_cat-polos-et-t-shirt-homme","8":"pa_couleur-red","9":"pa_taille-2xl","10":"pa_taille-l","11":"pa_taille-m","12":"pa_taille-s","13":"pa_taille-xl","15":"first","16":"outofstock","17":"purchasable","18":"product-type-variable"},"_links":{"self":[{"href":"https:\/\/accrosport.tn\/index.php\/wp-json\/wp\/v2\/product\/29186","targetHints":{"allow":["GET"]}}],"collection":[{"href":"https:\/\/accrosport.tn\/index.php\/wp-json\/wp\/v2\/product"}],"about":[{"href":"https:\/\/accrosport.tn\/index.php\/wp-json\/wp\/v2\/types\/product"}],"wp:featuredmedia":[{"embeddable":true,"href":"https:\/\/accrosport.tn\/index.php\/wp-json\/wp\/v2\/media\/29745"}],"wp:attachment":[{"href":"https:\/\/accrosport.tn\/index.php\/wp-json\/wp\/v2\/media?parent=29186"}],"wp:term":[{"taxonomy":"product_brand","embeddable":true,"href":"https:\/\/accrosport.tn\/index.php\/wp-json\/wp\/v2\/product_brand?post=29186"},{"taxonomy":"product_cat","embeddable":true,"href":"https:\/\/accrosport.tn\/index.php\/wp-json\/wp\/v2\/product_cat?post=29186"},{"taxonomy":"product_tag","embeddable":true,"href":"https:\/\/accrosport.tn\/index.php\/wp-json\/wp\/v2\/product_tag?post=29186"}],"curies":[{"name":"wp","href":"https:\/\/api.w.org\/{rel}","templated":true}]}}