{"id":29178,"date":"2025-09-26T11:16:34","date_gmt":"2025-09-26T11:16:34","guid":{"rendered":"https:\/\/accrosport.tn\/index.php\/product\/polo-manga-corta-crew-v-marino\/"},"modified":"2026-04-19T17:34:33","modified_gmt":"2026-04-19T17:34:33","slug":"polo-manga-corta-crew-v-marino","status":"publish","type":"product","link":"https:\/\/accrosport.tn\/index.php\/product\/polo-manga-corta-crew-v-marino\/","title":{"rendered":"Polo manches courtes homme Crew V bleu marine rouge"},"content":{"rendered":"<p>Polo \u00e0 manches courtes pour homme\/gar\u00e7on. Con\u00e7u pour \u00eatre port\u00e9 par temps mod\u00e9r\u00e9. Gr\u00e2ce \u00e0 sa polyvalence, il peut \u00eatre utilis\u00e9 avant et apr\u00e8s les entra\u00eenements, ou m\u00eame au quotidien, donnant une touche de style \u00e0 votre look. Avec une conception qui allie confort et style.<\/p>\n<p>Il se caract\u00e9rise par son col de type polo \u00e0 trois boutons personnalis\u00e9s. Con\u00e7u avec une coupe ample et l\u00e2che qui s&rsquo;adapte parfaitement aux mouvements du footballeur en lui laissant une libert\u00e9 totale.<\/p>\n<p>Il est r\u00e9alis\u00e9 en tissu respirant et l\u00e9ger, pour que la transpiration ne d\u00e9range pas pendant la pratique sportive. En bref, il offre le confort dont vous avez besoin pour vous d\u00e9placer en toute libert\u00e9. Haute r\u00e9sistance et durabilit\u00e9 aux lavages.<\/p>\n<p>Il pr\u00e9sente un style classique et \u00e9l\u00e9gant, facile \u00e0 combiner avec n&rsquo;importe quel v\u00eatement. La touche d\u00e9contract\u00e9e est donn\u00e9e par les pi\u00e8ces de contraste de couleur sur la poitrine et les manches. Sur la moiti\u00e9 d&rsquo;entre elles, il y a de petits dessins du logo Joma en relief ins\u00e9r\u00e9s avec le syst\u00e8me \u00ab\u2009embossed\u2009\u00bb, qui donnent un effet d&rsquo;optique spectaculaire.<\/p>\n<p>Logo Joma brod\u00e9 pour plus d&rsquo;\u00e9l\u00e9gance.<\/p>\n<ul class=\"featuresul\">\n<li>Col polo<\/li>\n<li>Tissu l\u00e9ger et respirant<\/li>\n<li>Bandes de couleur contrast\u00e9es<\/li>\n<li>Type de coupe : r\u00e9guli\u00e8re<\/li>\n<li>100% Polyester<\/li>\n<\/ul>\n","protected":false},"excerpt":{"rendered":"<p>Polo \u00e0 manches courtes pour homme pour un usage quotidien. L&rsquo;ouverture dans le col et le tissu l\u00e9ger permettent \u00e0 l&rsquo;athl\u00e8te de rester au frais et \u00e0 l&rsquo;aise. En partie en coton pour le confort et la respirabilit\u00e9.<\/p>\n","protected":false},"featured_media":35138,"template":"","meta":[],"product_brand":[],"product_cat":[33,63],"product_tag":[],"class_list":{"0":"post-29178","1":"product","2":"type-product","3":"status-publish","4":"has-post-thumbnail","6":"product_cat-homme","7":"product_cat-polos-et-t-shirt-homme","8":"pa_couleur-navy-red-white","9":"pa_taille-l","10":"pa_taille-m","12":"first","13":"outofstock","14":"purchasable","15":"product-type-variable"},"_links":{"self":[{"href":"https:\/\/accrosport.tn\/index.php\/wp-json\/wp\/v2\/product\/29178","targetHints":{"allow":["GET"]}}],"collection":[{"href":"https:\/\/accrosport.tn\/index.php\/wp-json\/wp\/v2\/product"}],"about":[{"href":"https:\/\/accrosport.tn\/index.php\/wp-json\/wp\/v2\/types\/product"}],"wp:featuredmedia":[{"embeddable":true,"href":"https:\/\/accrosport.tn\/index.php\/wp-json\/wp\/v2\/media\/35138"}],"wp:attachment":[{"href":"https:\/\/accrosport.tn\/index.php\/wp-json\/wp\/v2\/media?parent=29178"}],"wp:term":[{"taxonomy":"product_brand","embeddable":true,"href":"https:\/\/accrosport.tn\/index.php\/wp-json\/wp\/v2\/product_brand?post=29178"},{"taxonomy":"product_cat","embeddable":true,"href":"https:\/\/accrosport.tn\/index.php\/wp-json\/wp\/v2\/product_cat?post=29178"},{"taxonomy":"product_tag","embeddable":true,"href":"https:\/\/accrosport.tn\/index.php\/wp-json\/wp\/v2\/product_tag?post=29178"}],"curies":[{"name":"wp","href":"https:\/\/api.w.org\/{rel}","templated":true}]}}