{"id":29172,"date":"2025-09-26T11:16:34","date_gmt":"2025-09-26T11:16:34","guid":{"rendered":"https:\/\/accrosport.tn\/index.php\/product\/set-phoenix-ii-marino-rojo\/"},"modified":"2026-01-08T15:27:49","modified_gmt":"2026-01-08T15:27:49","slug":"set-phoenix-ii-marino-rojo","status":"publish","type":"product","link":"https:\/\/accrosport.tn\/index.php\/product\/set-phoenix-ii-marino-rojo\/","title":{"rendered":"Ensemble homme Phoenix III dark navy rouge"},"content":{"rendered":"<p>Ensemble pour homme\/gar\u00e7on compos\u00e9 d&rsquo;un t-shirt \u00e0 manches courtes et d&rsquo;un short. Cet ensemble sportif est con\u00e7u pour vous accompagner dans vos entra\u00eenements de football et de football en salle. Confortable, l\u00e9ger et respirant, il ne limitera pas le mouvement. Il a tout pout plaire\u2009!<\/p>\n<p>Le t-shirt \u00e0 manches courtes se caract\u00e9rise par un col rond \u00e9lastique pour se d\u00e9placer en toute libert\u00e9. En outre, il dispose d&rsquo;une ligne de contraste de couleur dans la partie sup\u00e9rieure de la poitrine qui se distingue sur la couleur principale et avec le reste des \u00e9l\u00e9ments.<\/p>\n<p>Le short a une ceinture \u00e9lastique qui se maintient bien autour de la taille, pour que le short ne glisse pas pendant le jeu. Et il s&rsquo;adapte \u00e9galement avec le cordon int\u00e9rieur r\u00e9glable. Son visuel est basique et uni, en une seule couleur.<\/p>\n<p>Cet ensemble sportif est confectionn\u00e9 avec un tissu l\u00e9ger qui vous \u00e9vitera d&rsquo;avoir chaud les jours de fortes temp\u00e9ratures. Il est aussi r\u00e9sistant, vous n&rsquo;aurez donc pas \u00e0 vous soucier du nombre de fois o\u00f9 vous devrez le laver. Les deux v\u00eatements aident \u00e0 \u00e9vacuer la transpiration, ce qui pr\u00e9sente un autre avantage. Le corps du joueur restera frais et sec pour que rien ne puisse le d\u00e9concentrer.<\/p>\n<p>Logo Joma s\u00e9rigraphi\u00e9 sur les deux v\u00eatements.<\/p>\n<ul class=\"featuresul\">\n<li>Ceinture \u00e9lastique \u00e0 cordon int\u00e9rieur<\/li>\n<li>Col rond<\/li>\n<li>Tissu l\u00e9ger<\/li>\n<li>Bandes de couleur contrast\u00e9es<\/li>\n<li>Libert\u00e9 de mouvement<\/li>\n<li>Type de coupe : semi fitted<\/li>\n<li>100% Polyester<\/li>\n<\/ul>\n","protected":false},"excerpt":{"rendered":"<p>Ensemble pour hommes\/gar\u00e7ons comprenant un T-shirt \u00e0 manches courtes et un short. La conception ample et confortable offre une libert\u00e9 de mouvement au sportif. Cet ensemble de sport est fabriqu\u00e9 en tissu l\u00e9ger et durable.<\/p>\n","protected":false},"featured_media":35133,"template":"","meta":[],"product_brand":[],"product_cat":[62,33,64],"product_tag":[],"class_list":{"0":"post-29172","1":"product","2":"type-product","3":"status-publish","4":"has-post-thumbnail","6":"product_cat-bermudas-et-shorts-homme","7":"product_cat-homme","8":"product_cat-survetements-homme","9":"pa_couleur-navy-blue-red","10":"pa_taille-2xl","11":"pa_taille-l","12":"pa_taille-m","13":"pa_taille-s","14":"pa_taille-xl","16":"first","17":"outofstock","18":"purchasable","19":"product-type-variable"},"_links":{"self":[{"href":"https:\/\/accrosport.tn\/index.php\/wp-json\/wp\/v2\/product\/29172","targetHints":{"allow":["GET"]}}],"collection":[{"href":"https:\/\/accrosport.tn\/index.php\/wp-json\/wp\/v2\/product"}],"about":[{"href":"https:\/\/accrosport.tn\/index.php\/wp-json\/wp\/v2\/types\/product"}],"wp:featuredmedia":[{"embeddable":true,"href":"https:\/\/accrosport.tn\/index.php\/wp-json\/wp\/v2\/media\/35133"}],"wp:attachment":[{"href":"https:\/\/accrosport.tn\/index.php\/wp-json\/wp\/v2\/media?parent=29172"}],"wp:term":[{"taxonomy":"product_brand","embeddable":true,"href":"https:\/\/accrosport.tn\/index.php\/wp-json\/wp\/v2\/product_brand?post=29172"},{"taxonomy":"product_cat","embeddable":true,"href":"https:\/\/accrosport.tn\/index.php\/wp-json\/wp\/v2\/product_cat?post=29172"},{"taxonomy":"product_tag","embeddable":true,"href":"https:\/\/accrosport.tn\/index.php\/wp-json\/wp\/v2\/product_tag?post=29172"}],"curies":[{"name":"wp","href":"https:\/\/api.w.org\/{rel}","templated":true}]}}