{"id":29166,"date":"2025-09-26T11:16:34","date_gmt":"2025-09-26T11:16:34","guid":{"rendered":"https:\/\/accrosport.tn\/index.php\/product\/chandal-danubio-ii-marino-rojo\/"},"modified":"2025-11-12T13:34:38","modified_gmt":"2025-11-12T13:34:38","slug":"chandal-danubio-ii-marino-rojo","status":"publish","type":"product","link":"https:\/\/accrosport.tn\/index.php\/product\/chandal-danubio-ii-marino-rojo\/","title":{"rendered":"Surv\u00eatement homme Danubio II bleu marine rouge"},"content":{"rendered":"<p>Surv\u00eatement pour homme\/gar\u00e7on. Il est compos\u00e9 d&rsquo;un sweatshirt \u00e0 fermeture \u00e9clair et d&rsquo;un pantalon. Con\u00e7u pour que vous puissiez vous habiller confortablement avant et apr\u00e8s les entra\u00eenements de football et de football en salle. Confort, l\u00e9g\u00e8ret\u00e9 et libert\u00e9 de mouvement dans un seul surv\u00eatement pour assurer un jeu comp\u00e9titif.<\/p>\n<p>La veste est dot\u00e9e d&rsquo;une fermeture \u00e0 glissi\u00e8re compl\u00e8te et d&rsquo;une tirette prot\u00e9g\u00e9e par un morceau de textile, \u00e9vitant ainsi les frottements sur le cou. Elle comprend \u00e9galement un col montant pour abriter la zone et deux poches lat\u00e9rales qui fournissent un espace de rangement pour les petits objets et donne du style au v\u00eatement. De plus, il a des manches et un bas en bord-c\u00f4te, pour que le sweatshirt s&rsquo;ajuste au mieux, \u00e9vitant l&rsquo;entr\u00e9e du froid et offrant plus de confort.<\/p>\n<p>Le pantalon est dot\u00e9 d&rsquo;une taille \u00e9lastique ajustable avec cordon int\u00e9rieur et de deux poches lat\u00e9rales sans fermetures \u00e9clair. Il a \u00e9galement une fermeture \u00e9clair en bas pour enlever et enfiler le pantalon facilement et rapidement.<\/p>\n<p>Les deux v\u00eatements sont confectionn\u00e9s avec un tissu confortable et r\u00e9sistant aux frottements et aux lavages, ce qui permet de se d\u00e9placer en toute libert\u00e9. De plus, la douceur de la veste et du pantalon augmente le confort.<\/p>\n<p>Dans le design de ce surv\u00eatement, les pi\u00e8ces contrast\u00e9es en couleur sur les c\u00f4t\u00e9s et les aisselles ressortent et donnent du style au v\u00eatement avec une touche moderne. Le pantalon assorti compl\u00e8te cet ensemble sportif.<\/p>\n<p>Logo Joma s\u00e9rigraphi\u00e9 sur les deux v\u00eatements.<\/p>\n<ul class=\"featuresul\">\n<li>Fermeture zip<\/li>\n<li>Bas et poignets en jersey c\u00f4tel\u00e9<\/li>\n<li>Ceinture \u00e9lastique \u00e0 cordon<\/li>\n<li>Col montant<\/li>\n<li>Pantalon avec poches<\/li>\n<li>Tissu confortable<\/li>\n<li>Bas zipp\u00e9<\/li>\n<li>Bandes de couleur contrast\u00e9es<\/li>\n<li>Type de coupe : r\u00e9guli\u00e8re<\/li>\n<li>100% Polyester<\/li>\n<\/ul>\n","protected":false},"excerpt":{"rendered":"<p>Surv\u00eatement pour homme compos\u00e9 d&rsquo;un sweat-shirt \u00e0 fermeture \u00e9clair et d&rsquo;un pantalon long. Offre un ajustement optimal et une libert\u00e9 de mouvement. Son tissu r\u00e9sistant et l\u00e9ger offre un confort maximal au sportif.<\/p>\n","protected":false},"featured_media":35124,"template":"","meta":[],"product_brand":[],"product_cat":[33,64],"product_tag":[],"class_list":{"0":"post-29166","1":"product","2":"type-product","3":"status-publish","4":"has-post-thumbnail","6":"product_cat-homme","7":"product_cat-survetements-homme","8":"pa_couleur-navy-blue-red","9":"pa_couleur-navy-blue-red-white","10":"pa_taille-xl","12":"first","13":"outofstock","14":"purchasable","15":"product-type-variable"},"_links":{"self":[{"href":"https:\/\/accrosport.tn\/index.php\/wp-json\/wp\/v2\/product\/29166","targetHints":{"allow":["GET"]}}],"collection":[{"href":"https:\/\/accrosport.tn\/index.php\/wp-json\/wp\/v2\/product"}],"about":[{"href":"https:\/\/accrosport.tn\/index.php\/wp-json\/wp\/v2\/types\/product"}],"wp:featuredmedia":[{"embeddable":true,"href":"https:\/\/accrosport.tn\/index.php\/wp-json\/wp\/v2\/media\/35124"}],"wp:attachment":[{"href":"https:\/\/accrosport.tn\/index.php\/wp-json\/wp\/v2\/media?parent=29166"}],"wp:term":[{"taxonomy":"product_brand","embeddable":true,"href":"https:\/\/accrosport.tn\/index.php\/wp-json\/wp\/v2\/product_brand?post=29166"},{"taxonomy":"product_cat","embeddable":true,"href":"https:\/\/accrosport.tn\/index.php\/wp-json\/wp\/v2\/product_cat?post=29166"},{"taxonomy":"product_tag","embeddable":true,"href":"https:\/\/accrosport.tn\/index.php\/wp-json\/wp\/v2\/product_tag?post=29166"}],"curies":[{"name":"wp","href":"https:\/\/api.w.org\/{rel}","templated":true}]}}