{"id":29160,"date":"2025-09-26T11:16:28","date_gmt":"2025-09-26T11:16:28","guid":{"rendered":"https:\/\/accrosport.tn\/index.php\/product\/chandal-phoenix-ii-marino-rojo\/"},"modified":"2025-11-12T14:15:43","modified_gmt":"2025-11-12T14:15:43","slug":"chandal-phoenix-ii-marino-rojo","status":"publish","type":"product","link":"https:\/\/accrosport.tn\/index.php\/product\/chandal-phoenix-ii-marino-rojo\/","title":{"rendered":"Surv\u00eatement homme Phoenix II bleu marine rouge"},"content":{"rendered":"<p>Surv\u00eatement pour homme\/gar\u00e7on. Cet ensemble de deux pi\u00e8ces comprend un sweatshirt zipp\u00e9 et un pantalon. Con\u00e7u pour s&rsquo;habiller confortablement avant, pendant et apr\u00e8s le sport. Particuli\u00e8rement confortable pour s&rsquo;entra\u00eener au football et au football en salle. De plus, \u00e9tant un surv\u00eatement polyvalent, vous pourrez le porter m\u00eame pour un look sportif au quotidien. Un vrai basique dans le placard des sportifs.<\/p>\n<p>La veste \u00e0 capuche est dot\u00e9e d&rsquo;une fermeture \u00e0 glissi\u00e8re compl\u00e8te et d&rsquo;une tirette pour la monter et la descendre facilement. Elle poss\u00e8de un bord-c\u00f4te en bas et aux poignets pour maintenir la chaleur quand il fait froid. De plus, elle dispose de deux poches lat\u00e9rales pour que vous puissiez ranger de petits objets tels que votre t\u00e9l\u00e9phone portable ou vos cl\u00e9s.<\/p>\n<p>Le pantalon est dot\u00e9 d&rsquo;une ceinture \u00e9lastique qui maintient la taille et s&rsquo;adapte au corps. Il peut \u00eatre ajust\u00e9 \u00e0 l&rsquo;aide de cordons internes. Il comprend \u00e9galement deux poches lat\u00e9rales et une fermeture \u00e9clair \u00e0 l&rsquo;ourlet pour le rendre plus facile, plus rapide et plus confortable \u00e0 enlever et \u00e0 enfiler.<\/p>\n<p>Les deux v\u00eatements sont confectionn\u00e9s en tissu tr\u00e8s confortable, r\u00e9sistant et de haute durabilit\u00e9, qui enveloppe le corps pour offrir douceur et confort. Lavage apr\u00e8s lavage, il ne s&rsquo;abimera pas. Il est \u00e0 noter qu&rsquo;il ne limitera \u00e0 aucun moment les mouvements, pour pouvoir faire des passes, des frappes et des tirs au but en toute s\u00e9curit\u00e9.<\/p>\n<p>Concernant le design, les pi\u00e8ces contrast\u00e9es en couleur sur le dessus du sweatshirt se d\u00e9marquent.<\/p>\n<p>Logo Joma s\u00e9rigraphi\u00e9 sur les deux v\u00eatements.<\/p>\n<ul class=\"featuresul\">\n<li>Fermeture zip<\/li>\n<li>Bas et poignets en jersey c\u00f4tel\u00e9<\/li>\n<li>Capuche<\/li>\n<li>Ceinture \u00e9lastique \u00e0 cordon int\u00e9rieur<\/li>\n<li>Veste avec poches<\/li>\n<li>Pantalon avec poches<\/li>\n<li>Tissu doux et confortable<\/li>\n<li>Bas zipp\u00e9<\/li>\n<li>Libert\u00e9 de mouvement<\/li>\n<li>Type de coupe : r\u00e9guli\u00e8re<\/li>\n<li>100% Polyester<\/li>\n<\/ul>\n","protected":false},"excerpt":{"rendered":"<p>Surv\u00eatement pour homme compos\u00e9 d&rsquo;un sweat-shirt \u00e0 fermeture \u00e9clair et d&rsquo;un pantalon long, id\u00e9al pour les entra\u00eenements sportifs. Ces surv\u00eatements sont confortables, durables et offrent une libert\u00e9 de mouvement au sportif.<\/p>\n","protected":false},"featured_media":35170,"template":"","meta":[],"product_brand":[],"product_cat":[33,64],"product_tag":[],"class_list":{"0":"post-29160","1":"product","2":"type-product","3":"status-publish","4":"has-post-thumbnail","6":"product_cat-homme","7":"product_cat-survetements-homme","8":"pa_couleur-navy-blue-red","9":"pa_taille-m","10":"pa_taille-s","12":"first","13":"outofstock","14":"purchasable","15":"product-type-variable"},"_links":{"self":[{"href":"https:\/\/accrosport.tn\/index.php\/wp-json\/wp\/v2\/product\/29160","targetHints":{"allow":["GET"]}}],"collection":[{"href":"https:\/\/accrosport.tn\/index.php\/wp-json\/wp\/v2\/product"}],"about":[{"href":"https:\/\/accrosport.tn\/index.php\/wp-json\/wp\/v2\/types\/product"}],"wp:featuredmedia":[{"embeddable":true,"href":"https:\/\/accrosport.tn\/index.php\/wp-json\/wp\/v2\/media\/35170"}],"wp:attachment":[{"href":"https:\/\/accrosport.tn\/index.php\/wp-json\/wp\/v2\/media?parent=29160"}],"wp:term":[{"taxonomy":"product_brand","embeddable":true,"href":"https:\/\/accrosport.tn\/index.php\/wp-json\/wp\/v2\/product_brand?post=29160"},{"taxonomy":"product_cat","embeddable":true,"href":"https:\/\/accrosport.tn\/index.php\/wp-json\/wp\/v2\/product_cat?post=29160"},{"taxonomy":"product_tag","embeddable":true,"href":"https:\/\/accrosport.tn\/index.php\/wp-json\/wp\/v2\/product_tag?post=29160"}],"curies":[{"name":"wp","href":"https:\/\/api.w.org\/{rel}","templated":true}]}}