{"id":29135,"date":"2025-09-26T11:16:22","date_gmt":"2025-09-26T11:16:22","guid":{"rendered":"https:\/\/accrosport.tn\/index.php\/product\/camiseta-manga-corta-crew-v-ne\/"},"modified":"2025-11-12T14:43:43","modified_gmt":"2025-11-12T14:43:43","slug":"camiseta-manga-corta-crew-v-ne","status":"publish","type":"product","link":"https:\/\/accrosport.tn\/index.php\/product\/camiseta-manga-corta-crew-v-ne\/","title":{"rendered":"Maillot manches courtes homme Crew V noir gris"},"content":{"rendered":"<p>T-shirt \u00e0 manches courtes homme\/gar\u00e7on, con\u00e7u pour les entra\u00eenements de football et de futsal. Il se distingue par son adaptation au mouvement, son \u00e9vacuation de la transpiration et sa libert\u00e9 de mouvement. Vous obtiendrez une exp\u00e9rience de bien-\u00eatre unique pendant que vous jouez.<\/p>\n<p>Ce t-shirt se caract\u00e9rise par un col rond \u00e9lastique pour un ajustement plus confortable. Il permet au sportif de se d\u00e9placer en toute libert\u00e9.<\/p>\n<p>Profitez de la fra\u00eecheur et du confort avec le tissu doux et respirant qui facilite l&rsquo;\u00e9vacuation de la transpiration afin que le footballeur joue ou s&rsquo;entra\u00eene confortablement en restant frais. Il est aussi r\u00e9sistant aux frottements et aux lavages, ainsi, vous n&rsquo;aurez \u00e0 vous soucier de rien. Son entretien facile augmente consid\u00e9rablement sa dur\u00e9e de vie.<\/p>\n<p>Le design se caract\u00e9rise par des pi\u00e8ces en relief situ\u00e9es au milieu de la poitrine et sur la manche droite. Il pr\u00e9sente de petits dessins du logo Joma qui donnent un effet d&rsquo;optique spectaculaire.<\/p>\n<p>Logo Joma brod\u00e9.<\/p>\n<ul class=\"featuresul\">\n<li>Col rond<\/li>\n<li>Tissu respirant, r\u00e9sistant et doux<\/li>\n<li>Libert\u00e9 de mouvement<\/li>\n<li>Type de coupe : semi fitted<\/li>\n<li>100% Polyester<\/li>\n<\/ul>\n","protected":false},"excerpt":{"rendered":"<p>T-shirt \u00e0 manches courtes pour homme, adapt\u00e9 \u00e0 un usage sportif. Son tissu l\u00e9ger et r\u00e9sistant est id\u00e9al pour la pratique du sport. Il permet \u00e0 l&rsquo;athl\u00e8te de se d\u00e9placer librement.<\/p>\n","protected":false},"featured_media":35192,"template":"","meta":[],"product_brand":[],"product_cat":[15,33,63],"product_tag":[],"class_list":{"0":"post-29135","1":"product","2":"type-product","3":"status-publish","4":"has-post-thumbnail","6":"product_cat-fitness","7":"product_cat-homme","8":"product_cat-polos-et-t-shirt-homme","9":"pa_couleur-black-gray-white","10":"pa_taille-2xl","11":"pa_taille-l","12":"pa_taille-xl","14":"first","15":"outofstock","16":"purchasable","17":"product-type-variable"},"_links":{"self":[{"href":"https:\/\/accrosport.tn\/index.php\/wp-json\/wp\/v2\/product\/29135","targetHints":{"allow":["GET"]}}],"collection":[{"href":"https:\/\/accrosport.tn\/index.php\/wp-json\/wp\/v2\/product"}],"about":[{"href":"https:\/\/accrosport.tn\/index.php\/wp-json\/wp\/v2\/types\/product"}],"wp:featuredmedia":[{"embeddable":true,"href":"https:\/\/accrosport.tn\/index.php\/wp-json\/wp\/v2\/media\/35192"}],"wp:attachment":[{"href":"https:\/\/accrosport.tn\/index.php\/wp-json\/wp\/v2\/media?parent=29135"}],"wp:term":[{"taxonomy":"product_brand","embeddable":true,"href":"https:\/\/accrosport.tn\/index.php\/wp-json\/wp\/v2\/product_brand?post=29135"},{"taxonomy":"product_cat","embeddable":true,"href":"https:\/\/accrosport.tn\/index.php\/wp-json\/wp\/v2\/product_cat?post=29135"},{"taxonomy":"product_tag","embeddable":true,"href":"https:\/\/accrosport.tn\/index.php\/wp-json\/wp\/v2\/product_tag?post=29135"}],"curies":[{"name":"wp","href":"https:\/\/api.w.org\/{rel}","templated":true}]}}