{"id":29124,"date":"2025-09-26T11:16:22","date_gmt":"2025-09-26T11:16:22","guid":{"rendered":"https:\/\/accrosport.tn\/index.php\/product\/chandal-championship-vii-rojo\/"},"modified":"2025-11-12T14:26:06","modified_gmt":"2025-11-12T14:26:06","slug":"chandal-championship-vii-rojo","status":"publish","type":"product","link":"https:\/\/accrosport.tn\/index.php\/product\/chandal-championship-vii-rojo\/","title":{"rendered":"Surv\u00eatement homme Championship VII rouge noir"},"content":{"rendered":"<p>Surv\u00eatement pour homme\/gar\u00e7on. Compos\u00e9 d&rsquo;un sweatshirt zipp\u00e9 et d&rsquo;un pantalon. Ce surv\u00eatement peut \u00eatre utilis\u00e9 \u00e0 la fois avant et apr\u00e8s l&rsquo;entra\u00eenement, ainsi que pour s&rsquo;entra\u00eener au football ou au football en salle. Il est \u00e9galement tr\u00e8s confortable pour s&rsquo;habiller confortablement au quotidien. Il vous prot\u00e9gera par temps froid gr\u00e2ce \u00e0 son tissu int\u00e9rieur chaud tandis que vous vous d\u00e9placerez en toute libert\u00e9.<\/p>\n<p>La veste est ouverte avec une fermeture \u00e9clair et des poches lat\u00e9rales pour garder vos objets essentiels. Elle est faite avec col, bas et poignets c\u00f4tel\u00e9s qui permettent un ajustement parfait pour isoler du froid. Son design se caract\u00e9rise par des parties de couleur contrast\u00e9es sur les \u00e9paules, sur le devant et sur les c\u00f4t\u00e9s.<\/p>\n<p>Le pantalon est dot\u00e9 d&rsquo;une taille \u00e9lastique r\u00e9glable \u00e0 l&rsquo;aide de cordons, et de poches zipp\u00e9es sur les c\u00f4t\u00e9s. De cette fa\u00e7on, le footballeur pourra ranger et transporter confortablement ses effets personnels, tels que son t\u00e9l\u00e9phone portable ou ses cl\u00e9s, sans se soucier de les perdre. Il poss\u00e8de \u00e9galement des fermetures \u00e9clair \u00e0 l&rsquo;ourlet pour l&rsquo;enfiler et l&rsquo;enlever rapidement et facilement. Son design est uni, avec une seule partie avec un contraste de couleur sur les c\u00f4t\u00e9s.<\/p>\n<p>Le surv\u00eatement a \u00e9t\u00e9 confectionn\u00e9 avec un tissu doux, confortable et r\u00e9sistant aux frottements et aux lavages. Les deux v\u00eatements comprennent une doublure en polaire, un mat\u00e9riau chaud qui aide \u00e0 maintenir la temp\u00e9rature corporelle. Tout cela garantit une totale libert\u00e9 de mouvement.<\/p>\n<p>Logo Joma brod\u00e9 sur les deux v\u00eatements.<\/p>\n<ul class=\"featuresul\">\n<li>Fermeture zip<\/li>\n<li>Poignets en jersey c\u00f4tel\u00e9<\/li>\n<li>Ceinture \u00e9lastique \u00e0 cordon<\/li>\n<li>Col en jersey c\u00f4tel\u00e9<\/li>\n<li>Veste avec poches<\/li>\n<li>Pantalon avec poches<\/li>\n<li>Int\u00e9rieur en polaire<\/li>\n<li>Bas zipp\u00e9<\/li>\n<li>Bandes de couleur contrast\u00e9es<\/li>\n<li>Libert\u00e9 de mouvement<\/li>\n<li>Type de coupe : r\u00e9guli\u00e8re<\/li>\n<li>100% Polyester<\/li>\n<\/ul>\n","protected":false},"excerpt":{"rendered":"<p>Surv\u00eatement pour homme compos\u00e9 d&rsquo;un sweat-shirt \u00e0 fermeture \u00e9clair et d&rsquo;un pantalon long, id\u00e9al pour les entra\u00eenements sportifs. Les deux v\u00eatements gardent le corps de l&rsquo;athl\u00e8te au chaud gr\u00e2ce au tissu chaud \u00e0 l&rsquo;int\u00e9rieur, et s&rsquo;ajustent pour isoler du froid.<\/p>\n","protected":false},"featured_media":35179,"template":"","meta":[],"product_brand":[],"product_cat":[33,64],"product_tag":[],"class_list":{"0":"post-29124","1":"product","2":"type-product","3":"status-publish","4":"has-post-thumbnail","6":"product_cat-homme","7":"product_cat-survetements-homme","8":"pa_couleur-red-black","9":"pa_taille-2xl","10":"pa_taille-xl","12":"first","13":"outofstock","14":"purchasable","15":"product-type-variable"},"_links":{"self":[{"href":"https:\/\/accrosport.tn\/index.php\/wp-json\/wp\/v2\/product\/29124","targetHints":{"allow":["GET"]}}],"collection":[{"href":"https:\/\/accrosport.tn\/index.php\/wp-json\/wp\/v2\/product"}],"about":[{"href":"https:\/\/accrosport.tn\/index.php\/wp-json\/wp\/v2\/types\/product"}],"wp:featuredmedia":[{"embeddable":true,"href":"https:\/\/accrosport.tn\/index.php\/wp-json\/wp\/v2\/media\/35179"}],"wp:attachment":[{"href":"https:\/\/accrosport.tn\/index.php\/wp-json\/wp\/v2\/media?parent=29124"}],"wp:term":[{"taxonomy":"product_brand","embeddable":true,"href":"https:\/\/accrosport.tn\/index.php\/wp-json\/wp\/v2\/product_brand?post=29124"},{"taxonomy":"product_cat","embeddable":true,"href":"https:\/\/accrosport.tn\/index.php\/wp-json\/wp\/v2\/product_cat?post=29124"},{"taxonomy":"product_tag","embeddable":true,"href":"https:\/\/accrosport.tn\/index.php\/wp-json\/wp\/v2\/product_tag?post=29124"}],"curies":[{"name":"wp","href":"https:\/\/api.w.org\/{rel}","templated":true}]}}