{"id":29121,"date":"2025-09-26T11:16:17","date_gmt":"2025-09-26T11:16:17","guid":{"rendered":"https:\/\/accrosport.tn\/index.php\/product\/camiseta-manga-corta-smash-azu\/"},"modified":"2025-12-04T10:16:50","modified_gmt":"2025-12-04T10:16:50","slug":"camiseta-manga-corta-smash-azu","status":"publish","type":"product","link":"https:\/\/accrosport.tn\/index.php\/product\/camiseta-manga-corta-smash-azu\/","title":{"rendered":"T-shirt \u00e0 manches courtes Smash bleu"},"content":{"rendered":"<p>Ce maillot de sport 100 % polyester<br \/>\nest id\u00e9al pour le tennis, le padel et d\u2019autres sports.<br \/>\nFabriqu\u00e9 dans<br \/>\nune mati\u00e8re l\u00e9g\u00e8re, confortable et \u00e0 s\u00e9chage rapide, il offre un confort optimal pendant le jeu. Son tissu haute performance est \u00e0 la fois extensible, r\u00e9sistant et respirant.<\/p>\n","protected":false},"excerpt":{"rendered":"<p>T-shirt \u00e0 manches courtes Smash bleu<\/p>\n","protected":false},"featured_media":36548,"template":"","meta":[],"product_brand":[],"product_cat":[33,63],"product_tag":[],"class_list":{"0":"post-29121","1":"product","2":"type-product","3":"status-publish","4":"has-post-thumbnail","6":"product_cat-homme","7":"product_cat-polos-et-t-shirt-homme","8":"pa_couleur-blue","9":"pa_taille-l","10":"pa_taille-m","11":"pa_taille-s","13":"first","14":"outofstock","15":"purchasable","16":"product-type-variable"},"_links":{"self":[{"href":"https:\/\/accrosport.tn\/index.php\/wp-json\/wp\/v2\/product\/29121","targetHints":{"allow":["GET"]}}],"collection":[{"href":"https:\/\/accrosport.tn\/index.php\/wp-json\/wp\/v2\/product"}],"about":[{"href":"https:\/\/accrosport.tn\/index.php\/wp-json\/wp\/v2\/types\/product"}],"wp:featuredmedia":[{"embeddable":true,"href":"https:\/\/accrosport.tn\/index.php\/wp-json\/wp\/v2\/media\/36548"}],"wp:attachment":[{"href":"https:\/\/accrosport.tn\/index.php\/wp-json\/wp\/v2\/media?parent=29121"}],"wp:term":[{"taxonomy":"product_brand","embeddable":true,"href":"https:\/\/accrosport.tn\/index.php\/wp-json\/wp\/v2\/product_brand?post=29121"},{"taxonomy":"product_cat","embeddable":true,"href":"https:\/\/accrosport.tn\/index.php\/wp-json\/wp\/v2\/product_cat?post=29121"},{"taxonomy":"product_tag","embeddable":true,"href":"https:\/\/accrosport.tn\/index.php\/wp-json\/wp\/v2\/product_tag?post=29121"}],"curies":[{"name":"wp","href":"https:\/\/api.w.org\/{rel}","templated":true}]}}