{"id":29104,"date":"2025-09-26T11:16:17","date_gmt":"2025-09-26T11:16:17","guid":{"rendered":"https:\/\/accrosport.tn\/index.php\/product\/sudadera-california-caqui\/"},"modified":"2025-11-12T15:34:14","modified_gmt":"2025-11-12T15:34:14","slug":"sudadera-california-caqui","status":"publish","type":"product","link":"https:\/\/accrosport.tn\/index.php\/product\/sudadera-california-caqui\/","title":{"rendered":"Sweat California kaki"},"content":{"rendered":"","protected":false},"excerpt":{"rendered":"<p>Le sweat-shirt JOMA CALIFORNIA 102773.474 est un mod\u00e8le agr\u00e9able \u00e0 la coupe soign\u00e9e. Son col, ses poignets et son ourlet en maille c\u00f4tel\u00e9e assurent un confort optimal. Logo Joma imprim\u00e9 sur la poitrine.<\/p>\n","protected":false},"featured_media":35205,"template":"","meta":[],"product_brand":[],"product_cat":[33,63],"product_tag":[],"class_list":{"0":"post-29104","1":"product","2":"type-product","3":"status-publish","4":"has-post-thumbnail","6":"product_cat-homme","7":"product_cat-polos-et-t-shirt-homme","8":"pa_couleur-caqui","9":"pa_taille-l","10":"pa_taille-m","11":"pa_taille-s","12":"pa_taille-xl","14":"first","15":"outofstock","16":"purchasable","17":"product-type-variable"},"_links":{"self":[{"href":"https:\/\/accrosport.tn\/index.php\/wp-json\/wp\/v2\/product\/29104","targetHints":{"allow":["GET"]}}],"collection":[{"href":"https:\/\/accrosport.tn\/index.php\/wp-json\/wp\/v2\/product"}],"about":[{"href":"https:\/\/accrosport.tn\/index.php\/wp-json\/wp\/v2\/types\/product"}],"wp:featuredmedia":[{"embeddable":true,"href":"https:\/\/accrosport.tn\/index.php\/wp-json\/wp\/v2\/media\/35205"}],"wp:attachment":[{"href":"https:\/\/accrosport.tn\/index.php\/wp-json\/wp\/v2\/media?parent=29104"}],"wp:term":[{"taxonomy":"product_brand","embeddable":true,"href":"https:\/\/accrosport.tn\/index.php\/wp-json\/wp\/v2\/product_brand?post=29104"},{"taxonomy":"product_cat","embeddable":true,"href":"https:\/\/accrosport.tn\/index.php\/wp-json\/wp\/v2\/product_cat?post=29104"},{"taxonomy":"product_tag","embeddable":true,"href":"https:\/\/accrosport.tn\/index.php\/wp-json\/wp\/v2\/product_tag?post=29104"}],"curies":[{"name":"wp","href":"https:\/\/api.w.org\/{rel}","templated":true}]}}