{"id":29091,"date":"2025-09-26T11:16:12","date_gmt":"2025-09-26T11:16:12","guid":{"rendered":"https:\/\/accrosport.tn\/index.php\/product\/sudadera-con-capucha-californi-2\/"},"modified":"2025-11-13T10:56:14","modified_gmt":"2025-11-13T10:56:14","slug":"sudadera-con-capucha-californi-2","status":"publish","type":"product","link":"https:\/\/accrosport.tn\/index.php\/product\/sudadera-con-capucha-californi-2\/","title":{"rendered":"Sweat \u00e0 capuche homme California noir"},"content":{"rendered":"<p>Sweat-shirt kangourou avec capuche r\u00e9glable \u00e0 cordon. Les poignets et l&rsquo;ourlet sont c\u00f4tel\u00e9s pour plus de confort.<\/p>\n<ul class=\"featuresul\">\n<li>\n<h3>Bas et poignets en jersey c\u00f4tel\u00e9<\/h3>\n<\/li>\n<li>\n<h3>Capuche \u00e0 cordons plats<\/h3>\n<\/li>\n<li>\n<h3>Poche kangourou<\/h3>\n<\/li>\n<li>\n<h3>Tissu doux et confortable<\/h3>\n<\/li>\n<li>\n<h3>Libert\u00e9 de mouvement<\/h3>\n<\/li>\n<li>\n<h3>Type de coupe : r\u00e9guli\u00e8re<\/h3>\n<\/li>\n<li>\n<h3>80% Coton, 20% Polyester<\/h3>\n<\/li>\n<\/ul>\n","protected":false},"excerpt":{"rendered":"<div class=\"container product-detail product-wrapper\" data-product-url=\"https:\/\/www.joma-sport.com\/on\/demandware.store\/Sites-joma_eu-Site\/fr_FR\/Product-Show?pid=%24product%24\" data-sizebay-tenantid=\"3356\" data-pid=\"102771.100\">\n<div class=\"row\">\n<div class=\"product-container-information contentPDP-right\">\n<div class=\"product-sticky\">\n<div class=\"short-description\">\n<div class=\"text-short-description\">Sweat-shirt tendance \u00e0 capuche homme. Look urbain et \u00e9pur\u00e9 monochrome au tissu doux et chaud. V\u00eatement confortable adapt\u00e9 aussi bien au quotidien qu&rsquo;\u00e0 la pratique sportive.<\/div>\n<\/div>\n<\/div>\n<\/div>\n<\/div>\n<\/div>\n<div class=\"container product-detail \">\n<div class=\"row\">\n<div class=\"col-sm-12\">\n<div id=\"cq_recomm_slot-4432818939b95f78a018708f9e\">\n<div class=\"recommendations completeSet\"><\/div>\n<\/div>\n<\/div>\n<\/div>\n<\/div>\n","protected":false},"featured_media":35224,"template":"","meta":[],"product_brand":[],"product_cat":[33,63],"product_tag":[],"class_list":{"0":"post-29091","1":"product","2":"type-product","3":"status-publish","4":"has-post-thumbnail","6":"product_cat-homme","7":"product_cat-polos-et-t-shirt-homme","8":"pa_couleur-negro","9":"pa_taille-l","10":"pa_taille-m","11":"pa_taille-s","12":"pa_taille-xl","14":"first","15":"outofstock","16":"purchasable","17":"product-type-variable"},"_links":{"self":[{"href":"https:\/\/accrosport.tn\/index.php\/wp-json\/wp\/v2\/product\/29091","targetHints":{"allow":["GET"]}}],"collection":[{"href":"https:\/\/accrosport.tn\/index.php\/wp-json\/wp\/v2\/product"}],"about":[{"href":"https:\/\/accrosport.tn\/index.php\/wp-json\/wp\/v2\/types\/product"}],"wp:featuredmedia":[{"embeddable":true,"href":"https:\/\/accrosport.tn\/index.php\/wp-json\/wp\/v2\/media\/35224"}],"wp:attachment":[{"href":"https:\/\/accrosport.tn\/index.php\/wp-json\/wp\/v2\/media?parent=29091"}],"wp:term":[{"taxonomy":"product_brand","embeddable":true,"href":"https:\/\/accrosport.tn\/index.php\/wp-json\/wp\/v2\/product_brand?post=29091"},{"taxonomy":"product_cat","embeddable":true,"href":"https:\/\/accrosport.tn\/index.php\/wp-json\/wp\/v2\/product_cat?post=29091"},{"taxonomy":"product_tag","embeddable":true,"href":"https:\/\/accrosport.tn\/index.php\/wp-json\/wp\/v2\/product_tag?post=29091"}],"curies":[{"name":"wp","href":"https:\/\/api.w.org\/{rel}","templated":true}]}}