{"id":29084,"date":"2025-09-26T11:16:12","date_gmt":"2025-09-26T11:16:12","guid":{"rendered":"https:\/\/accrosport.tn\/index.php\/product\/camiseta-manga-corta-tiger-iv-blanco-negro\/"},"modified":"2025-11-13T10:46:24","modified_gmt":"2025-11-13T10:46:24","slug":"camiseta-manga-corta-tiger-iv-blanco-negro","status":"publish","type":"product","link":"https:\/\/accrosport.tn\/index.php\/product\/camiseta-manga-corta-tiger-iv-blanco-negro\/","title":{"rendered":"CAMISETA MANGA CORTA TIGER IV BLANCO-NEGRO"},"content":{"rendered":"<p>T-shirt \u00e0 manches courtes homme\/gar\u00e7on. Con\u00e7u pour l\u2019entra\u00eenement et les matchs de football ou de futsal. Confortable, l\u00e9ger et dot\u00e9 d\u2019une excellente capacit\u00e9 d\u2019\u00e9vacuation de la transpiration. Nous pensons toujours au footballeur qui joue ses matchs en b\u00e9n\u00e9ficiant d\u2019un maximum de confort et de libert\u00e9 de mouvement.<\/p>\n<p>Ce t-shirt se caract\u00e9rise par ses manches raglan et son col en V \u00e9lastique, tout deux con\u00e7us pour maximiser la libert\u00e9 de mouvement.<\/p>\n<p>Il est fabriqu\u00e9 dans un tissu l\u00e9ger, durable et respirant qui emp\u00eache le d\u00e9veloppement de mauvaises odeurs. Il int\u00e8gre \u00e9galement la technologie Micro-Mesh System aux aisselles et sur les c\u00f4t\u00e9s, zones o\u00f9 la transpiration s\u2019accumule le plus. L\u2019objectif est d\u2019accro\u00eetre la respirabilit\u00e9 et de maintenir le confort pendant la pratique sportive.<\/p>\n<p>Il pr\u00e9sente un design sublim\u00e9 innovant sur le devant et au dos, qui apporte une touche de modernit\u00e9 et stylise le v\u00eatement. Le r\u00e9sultat est un effet optique spectaculaire.<\/p>\n<p>Logo Joma s\u00e9rigraphi\u00e9.<\/p>\n<ul class=\"featuresul\">\n<li>Manches courtes de type raglan<\/li>\n<li>Col V<\/li>\n<li>Tissu l\u00e9ger et respirant<\/li>\n<li>Technologie Micro-Mesh dans les zones qui transpirent le plus<\/li>\n<li>Limite les mauvaises odeurs<\/li>\n<li>Design en sublimation<\/li>\n<li>Libert\u00e9 de mouvement<\/li>\n<li>Type de coupe : semi fitted<\/li>\n<li>100% Polyester<\/li>\n<\/ul>\n","protected":false},"excerpt":{"rendered":"<p>T-shirt col en V et manches courtes homme\/gar\u00e7on. Tissu respirant pour faciliter la mobilit\u00e9 et le confort pendant la pratique sportive.<\/p>\n","protected":false},"featured_media":35214,"template":"","meta":[],"product_brand":[],"product_cat":[33,63],"product_tag":[],"class_list":{"0":"post-29084","1":"product","2":"type-product","3":"status-publish","4":"has-post-thumbnail","6":"product_cat-homme","7":"product_cat-polos-et-t-shirt-homme","8":"pa_couleur-blanco-negro","9":"pa_taille-2xl","10":"pa_taille-m","11":"pa_taille-s","13":"first","14":"outofstock","15":"purchasable","16":"product-type-variable"},"_links":{"self":[{"href":"https:\/\/accrosport.tn\/index.php\/wp-json\/wp\/v2\/product\/29084","targetHints":{"allow":["GET"]}}],"collection":[{"href":"https:\/\/accrosport.tn\/index.php\/wp-json\/wp\/v2\/product"}],"about":[{"href":"https:\/\/accrosport.tn\/index.php\/wp-json\/wp\/v2\/types\/product"}],"wp:featuredmedia":[{"embeddable":true,"href":"https:\/\/accrosport.tn\/index.php\/wp-json\/wp\/v2\/media\/35214"}],"wp:attachment":[{"href":"https:\/\/accrosport.tn\/index.php\/wp-json\/wp\/v2\/media?parent=29084"}],"wp:term":[{"taxonomy":"product_brand","embeddable":true,"href":"https:\/\/accrosport.tn\/index.php\/wp-json\/wp\/v2\/product_brand?post=29084"},{"taxonomy":"product_cat","embeddable":true,"href":"https:\/\/accrosport.tn\/index.php\/wp-json\/wp\/v2\/product_cat?post=29084"},{"taxonomy":"product_tag","embeddable":true,"href":"https:\/\/accrosport.tn\/index.php\/wp-json\/wp\/v2\/product_tag?post=29084"}],"curies":[{"name":"wp","href":"https:\/\/api.w.org\/{rel}","templated":true}]}}