{"id":29082,"date":"2025-09-26T11:16:06","date_gmt":"2025-09-26T11:16:06","guid":{"rendered":"https:\/\/accrosport.tn\/index.php\/product\/chandal-oxford-turquesa-fluor\/"},"modified":"2025-11-13T11:35:33","modified_gmt":"2025-11-13T11:35:33","slug":"chandal-oxford-turquesa-fluor","status":"publish","type":"product","link":"https:\/\/accrosport.tn\/index.php\/product\/chandal-oxford-turquesa-fluor\/","title":{"rendered":"Surv\u00eatement homme Oxford turquoise fluo bleu marine"},"content":{"rendered":"<p>Surv\u00eatement deux pi\u00e8ces compos\u00e9 d&rsquo;une veste et d&rsquo;un pantalon.<\/p>\n<p>Veste \u00e0 col montant aux poches non zipp\u00e9es. Manches et bas en jersey c\u00f4tel\u00e9.<\/p>\n<p>Pantalon \u00e0 ceinture \u00e9lastique r\u00e9glable \u00e0 l&rsquo;aide d&rsquo;un cordon de serrage int\u00e9rieur plat. Poches lat\u00e9rales non zipp\u00e9es et chevilles en jersey c\u00f4tel\u00e9.<\/p>\n<ul class=\"featuresul\">\n<li>Fermeture zip<\/li>\n<li>Bas et poignets en jersey c\u00f4tel\u00e9<\/li>\n<li>Ceinture \u00e9lastique \u00e0 cordon<\/li>\n<li>Veste avec poches<\/li>\n<li>Pantalon avec poches<\/li>\n<li>Int\u00e9rieur en polaire<\/li>\n<li>Poignets en jersey c\u00f4tel\u00e9<\/li>\n<li>Bandes de couleur contrast\u00e9es<\/li>\n<li>Libert\u00e9 de mouvement<\/li>\n<li>Type de coupe : r\u00e9guli\u00e8re<\/li>\n<li>100% Polyester<\/li>\n<\/ul>\n","protected":false},"excerpt":{"rendered":"<p>Surv\u00eatement homme\/gar\u00e7on avec veste zipp\u00e9e. Tissu souple offrant un maximum de confort.<\/p>\n","protected":false},"featured_media":35254,"template":"","meta":[],"product_brand":[414],"product_cat":[33,64],"product_tag":[],"class_list":{"0":"post-29082","1":"product","2":"type-product","3":"status-publish","4":"has-post-thumbnail","6":"product_brand-joma","7":"product_cat-homme","8":"product_cat-survetements-homme","9":"pa_couleur-turquesa-fluor","10":"pa_taille-xl","12":"first","13":"instock","14":"purchasable","15":"product-type-simple"},"_links":{"self":[{"href":"https:\/\/accrosport.tn\/index.php\/wp-json\/wp\/v2\/product\/29082","targetHints":{"allow":["GET"]}}],"collection":[{"href":"https:\/\/accrosport.tn\/index.php\/wp-json\/wp\/v2\/product"}],"about":[{"href":"https:\/\/accrosport.tn\/index.php\/wp-json\/wp\/v2\/types\/product"}],"wp:featuredmedia":[{"embeddable":true,"href":"https:\/\/accrosport.tn\/index.php\/wp-json\/wp\/v2\/media\/35254"}],"wp:attachment":[{"href":"https:\/\/accrosport.tn\/index.php\/wp-json\/wp\/v2\/media?parent=29082"}],"wp:term":[{"taxonomy":"product_brand","embeddable":true,"href":"https:\/\/accrosport.tn\/index.php\/wp-json\/wp\/v2\/product_brand?post=29082"},{"taxonomy":"product_cat","embeddable":true,"href":"https:\/\/accrosport.tn\/index.php\/wp-json\/wp\/v2\/product_cat?post=29082"},{"taxonomy":"product_tag","embeddable":true,"href":"https:\/\/accrosport.tn\/index.php\/wp-json\/wp\/v2\/product_tag?post=29082"}],"curies":[{"name":"wp","href":"https:\/\/api.w.org\/{rel}","templated":true}]}}